{"id":4514,"date":"2025-08-08T04:39:42","date_gmt":"2025-08-08T03:39:42","guid":{"rendered":"https:\/\/yfconnectivity.com\/?post_type=product&#038;p=4514"},"modified":"2025-08-08T04:50:11","modified_gmt":"2025-08-08T03:50:11","slug":"cabo-de-patch-de-fibra-om3-multimodo-sc-para-sc","status":"publish","type":"product","link":"https:\/\/yfconnectivity.com\/pt-br\/product\/sc-to-sc-multimode-om3-fiber-patch-cable\/","title":{"rendered":"Cabo patch de fibra OM3 multimodo SC para SC"},"content":{"rendered":"<p data-start=\"126\" data-end=\"189\"><strong data-start=\"126\" data-end=\"187\">Cabo de remendo de fibra multimodo SC UPC para SC UPC, OM3, Duplex<\/strong><\/p>\n<p data-start=\"191\" data-end=\"530\">Esse patch cable de fibra duplex multimodo OM3 SC UPC para SC UPC foi projetado para a transmiss\u00e3o de dados de alta velocidade a curta dist\u00e2ncia, o que o torna ideal para Ethernet 10G\/40G\/100G em data centers, redes corporativas e redes de \u00e1rea de armazenamento. A fibra OM3 50\/125\u00b5m suporta dist\u00e2ncias de at\u00e9 300 m a 10G e \u00e9 otimizada para uso com lasers VCSEL a 850 nm.<\/p>\n<ul>\n<li data-start=\"534\" data-end=\"586\">O design duplex suporta transmiss\u00e3o bidirecional<\/li>\n<li data-start=\"534\" data-end=\"586\">Os conectores SC UPC garantem baixa perda de inser\u00e7\u00e3o e conex\u00e3o est\u00e1vel<\/li>\n<li data-start=\"534\" data-end=\"586\">Fibra multimodo OM3 otimizada para aplica\u00e7\u00f5es de curta dist\u00e2ncia e alta velocidade<\/li>\n<li data-start=\"534\" data-end=\"586\">Revestimento com cor de \u00e1gua para r\u00e1pida identifica\u00e7\u00e3o do OM3<\/li>\n<li data-start=\"534\" data-end=\"586\">Dispon\u00edvel com revestimento de PVC ou LSZH para ambientes de instala\u00e7\u00e3o vers\u00e1teis<\/li>\n<\/ul>","protected":false},"excerpt":{"rendered":"<p>SC UPC to SC UPC Multimode Fiber Patch Cable, OM3, Duplex This SC UPC to SC UPC OM3 multimode duplex [&hellip;]<\/p>\n","protected":false},"featured_media":4516,"template":"","meta":{"_acf_changed":false,"site-sidebar-layout":"default","site-content-layout":"","ast-site-content-layout":"default","site-content-style":"default","site-sidebar-style":"default","ast-global-header-display":"","ast-banner-title-visibility":"","ast-main-header-display":"","ast-hfb-above-header-display":"","ast-hfb-below-header-display":"","ast-hfb-mobile-header-display":"","site-post-title":"","ast-breadcrumbs-content":"","ast-featured-img":"","footer-sml-layout":"","ast-disable-related-posts":"","theme-transparent-header-meta":"default","adv-header-id-meta":"","stick-header-meta":"","header-above-stick-meta":"","header-main-stick-meta":"","header-below-stick-meta":"","astra-migrate-meta-layouts":"set","ast-page-background-enabled":"default","ast-page-background-meta":{"desktop":{"background-color":"var(--ast-global-color-5)","background-image":"","background-repeat":"repeat","background-position":"center center","background-size":"auto","background-attachment":"scroll","background-type":"","background-media":"","overlay-type":"","overlay-color":"","overlay-opacity":"","overlay-gradient":""},"tablet":{"background-color":"","background-image":"","background-repeat":"repeat","background-position":"center center","background-size":"auto","background-attachment":"scroll","background-type":"","background-media":"","overlay-type":"","overlay-color":"","overlay-opacity":"","overlay-gradient":""},"mobile":{"background-color":"","background-image":"","background-repeat":"repeat","background-position":"center center","background-size":"auto","background-attachment":"scroll","background-type":"","background-media":"","overlay-type":"","overlay-color":"","overlay-opacity":"","overlay-gradient":""}},"ast-content-background-meta":{"desktop":{"background-color":"var(--ast-global-color-4)","background-image":"","background-repeat":"repeat","background-position":"center center","background-size":"auto","background-attachment":"scroll","background-type":"","background-media":"","overlay-type":"","overlay-color":"","overlay-opacity":"","overlay-gradient":""},"tablet":{"background-color":"var(--ast-global-color-4)","background-image":"","background-repeat":"repeat","background-position":"center center","background-size":"auto","background-attachment":"scroll","background-type":"","background-media":"","overlay-type":"","overlay-color":"","overlay-opacity":"","overlay-gradient":""},"mobile":{"background-color":"var(--ast-global-color-4)","background-image":"","background-repeat":"repeat","background-position":"center center","background-size":"auto","background-attachment":"scroll","background-type":"","background-media":"","overlay-type":"","overlay-color":"","overlay-opacity":"","overlay-gradient":""}}},"product_brand":[],"product_cat":[36],"product_tag":[],"class_list":{"0":"post-4514","1":"product","2":"type-product","3":"status-publish","4":"has-post-thumbnail","6":"product_cat-fiber-optical-patch-cord","7":"desktop-align-left","8":"tablet-align-left","9":"mobile-align-left","11":"first","12":"instock","13":"shipping-taxable","14":"product-type-simple"},"acf":[],"_links":{"self":[{"href":"https:\/\/yfconnectivity.com\/pt-br\/wp-json\/wp\/v2\/product\/4514","targetHints":{"allow":["GET"]}}],"collection":[{"href":"https:\/\/yfconnectivity.com\/pt-br\/wp-json\/wp\/v2\/product"}],"about":[{"href":"https:\/\/yfconnectivity.com\/pt-br\/wp-json\/wp\/v2\/types\/product"}],"wp:featuredmedia":[{"embeddable":true,"href":"https:\/\/yfconnectivity.com\/pt-br\/wp-json\/wp\/v2\/media\/4516"}],"wp:attachment":[{"href":"https:\/\/yfconnectivity.com\/pt-br\/wp-json\/wp\/v2\/media?parent=4514"}],"wp:term":[{"taxonomy":"product_brand","embeddable":true,"href":"https:\/\/yfconnectivity.com\/pt-br\/wp-json\/wp\/v2\/product_brand?post=4514"},{"taxonomy":"product_cat","embeddable":true,"href":"https:\/\/yfconnectivity.com\/pt-br\/wp-json\/wp\/v2\/product_cat?post=4514"},{"taxonomy":"product_tag","embeddable":true,"href":"https:\/\/yfconnectivity.com\/pt-br\/wp-json\/wp\/v2\/product_tag?post=4514"}],"curies":[{"name":"wp","href":"https:\/\/api.w.org\/{rel}","templated":true}]}}