{"id":4505,"date":"2025-08-08T03:59:52","date_gmt":"2025-08-08T02:59:52","guid":{"rendered":"https:\/\/yfconnectivity.com\/?post_type=product&#038;p=4505"},"modified":"2025-08-08T04:40:45","modified_gmt":"2025-08-08T03:40:45","slug":"cabo-de-patch-de-fibra-multimodo-om1-om2-de-sc-para-sc","status":"publish","type":"product","link":"https:\/\/yfconnectivity.com\/pt-br\/product\/sc-to-sc-multimode-om1-om2-fiber-patch-cable\/","title":{"rendered":"Cabo de fibra OM1\/OM2 multimodo SC para SC"},"content":{"rendered":"<p>Cabo de remendo de fibra multimodo SC PC para SC PC, OM1\/OM2, duplex, 2,0 mm<\/p>\n<p>Esse patch cable de fibra duplex multimodo SC PC para SC PC foi projetado para transmiss\u00e3o de dados de curta dist\u00e2ncia de alto desempenho, o que o torna ideal para interconex\u00f5es de LAN, SAN e data center. Dispon\u00edvel nos tipos de fibra OM1 (62,5\/125) e OM2 (50\/125), ele oferece desempenho est\u00e1vel nos comprimentos de onda de 850 nm e 1300 nm.<\/p>\n<ul>\n<li>O design duplex suporta a transmiss\u00e3o de dados bidirecional simult\u00e2nea<\/li>\n<li>Os conectores SC PC garantem baixa perda de inser\u00e7\u00e3o e conectividade confi\u00e1vel<\/li>\n<li>Fibras multimodo OM1 e OM2 otimizadas para aplica\u00e7\u00f5es de curta dist\u00e2ncia e alta largura de banda<\/li>\n<li>Revestimento dur\u00e1vel de 2,0 mm em PVC ou LSZH para necessidades de instala\u00e7\u00e3o vers\u00e1teis<\/li>\n<li>Revestimento laranja com c\u00f3digo de cores para r\u00e1pida identifica\u00e7\u00e3o multimodo<\/li>\n<\/ul>","protected":false},"excerpt":{"rendered":"<p>SC PC to SC PC Multimode Fiber Patch Cable, OM1\/OM2, Duplex, 2.0mm This SC PC to SC PC multimode duplex [&hellip;]<\/p>\n","protected":false},"featured_media":4513,"template":"","meta":{"_acf_changed":false,"site-sidebar-layout":"default","site-content-layout":"","ast-site-content-layout":"default","site-content-style":"default","site-sidebar-style":"default","ast-global-header-display":"","ast-banner-title-visibility":"","ast-main-header-display":"","ast-hfb-above-header-display":"","ast-hfb-below-header-display":"","ast-hfb-mobile-header-display":"","site-post-title":"","ast-breadcrumbs-content":"","ast-featured-img":"","footer-sml-layout":"","ast-disable-related-posts":"","theme-transparent-header-meta":"default","adv-header-id-meta":"","stick-header-meta":"","header-above-stick-meta":"","header-main-stick-meta":"","header-below-stick-meta":"","astra-migrate-meta-layouts":"set","ast-page-background-enabled":"default","ast-page-background-meta":{"desktop":{"background-color":"var(--ast-global-color-5)","background-image":"","background-repeat":"repeat","background-position":"center center","background-size":"auto","background-attachment":"scroll","background-type":"","background-media":"","overlay-type":"","overlay-color":"","overlay-opacity":"","overlay-gradient":""},"tablet":{"background-color":"","background-image":"","background-repeat":"repeat","background-position":"center center","background-size":"auto","background-attachment":"scroll","background-type":"","background-media":"","overlay-type":"","overlay-color":"","overlay-opacity":"","overlay-gradient":""},"mobile":{"background-color":"","background-image":"","background-repeat":"repeat","background-position":"center center","background-size":"auto","background-attachment":"scroll","background-type":"","background-media":"","overlay-type":"","overlay-color":"","overlay-opacity":"","overlay-gradient":""}},"ast-content-background-meta":{"desktop":{"background-color":"var(--ast-global-color-4)","background-image":"","background-repeat":"repeat","background-position":"center center","background-size":"auto","background-attachment":"scroll","background-type":"","background-media":"","overlay-type":"","overlay-color":"","overlay-opacity":"","overlay-gradient":""},"tablet":{"background-color":"var(--ast-global-color-4)","background-image":"","background-repeat":"repeat","background-position":"center center","background-size":"auto","background-attachment":"scroll","background-type":"","background-media":"","overlay-type":"","overlay-color":"","overlay-opacity":"","overlay-gradient":""},"mobile":{"background-color":"var(--ast-global-color-4)","background-image":"","background-repeat":"repeat","background-position":"center center","background-size":"auto","background-attachment":"scroll","background-type":"","background-media":"","overlay-type":"","overlay-color":"","overlay-opacity":"","overlay-gradient":""}}},"product_brand":[],"product_cat":[36],"product_tag":[],"class_list":{"0":"post-4505","1":"product","2":"type-product","3":"status-publish","4":"has-post-thumbnail","6":"product_cat-fiber-optical-patch-cord","7":"desktop-align-left","8":"tablet-align-left","9":"mobile-align-left","11":"first","12":"instock","13":"shipping-taxable","14":"product-type-simple"},"acf":[],"_links":{"self":[{"href":"https:\/\/yfconnectivity.com\/pt-br\/wp-json\/wp\/v2\/product\/4505","targetHints":{"allow":["GET"]}}],"collection":[{"href":"https:\/\/yfconnectivity.com\/pt-br\/wp-json\/wp\/v2\/product"}],"about":[{"href":"https:\/\/yfconnectivity.com\/pt-br\/wp-json\/wp\/v2\/types\/product"}],"wp:featuredmedia":[{"embeddable":true,"href":"https:\/\/yfconnectivity.com\/pt-br\/wp-json\/wp\/v2\/media\/4513"}],"wp:attachment":[{"href":"https:\/\/yfconnectivity.com\/pt-br\/wp-json\/wp\/v2\/media?parent=4505"}],"wp:term":[{"taxonomy":"product_brand","embeddable":true,"href":"https:\/\/yfconnectivity.com\/pt-br\/wp-json\/wp\/v2\/product_brand?post=4505"},{"taxonomy":"product_cat","embeddable":true,"href":"https:\/\/yfconnectivity.com\/pt-br\/wp-json\/wp\/v2\/product_cat?post=4505"},{"taxonomy":"product_tag","embeddable":true,"href":"https:\/\/yfconnectivity.com\/pt-br\/wp-json\/wp\/v2\/product_tag?post=4505"}],"curies":[{"name":"wp","href":"https:\/\/api.w.org\/{rel}","templated":true}]}}