{"id":4036,"date":"2025-07-18T13:18:34","date_gmt":"2025-07-18T12:18:34","guid":{"rendered":"https:\/\/yfconnectivity.com\/?post_type=product&#038;p=4036"},"modified":"2025-07-27T09:12:11","modified_gmt":"2025-07-27T08:12:11","slug":"adaptadores-hibridos-sc-para-fc","status":"publish","type":"product","link":"https:\/\/yfconnectivity.com\/pt-br\/product\/sc-to-fc-hybrid-adapters\/","title":{"rendered":"Adaptador de fibra h\u00edbrida Simplex SC para FC"},"content":{"rendered":"<p data-start=\"113\" data-end=\"194\"><strong data-start=\"113\" data-end=\"194\">Adaptador de fibra \u00f3ptica h\u00edbrida SC para FC - Simplex, PC\/APC, monomodo e multimodo<\/strong><\/p>\n<p data-start=\"196\" data-end=\"812\">O adaptador de fibra \u00f3ptica h\u00edbrido SC para FC da Yingfeng foi projetado para fazer a ponte entre dois tipos diferentes de conectores com precis\u00e3o superior. Esse adaptador simplex suporta aplica\u00e7\u00f5es monomodo e multimodo e est\u00e1 dispon\u00edvel em polimento para PC e APC. Ele apresenta um inv\u00f3lucro de metal dur\u00e1vel e uma luva de alinhamento de cer\u00e2mica de alta precis\u00e3o para excelente desempenho e estabilidade. Com baixa perda de inser\u00e7\u00e3o (\u22640,2dB) e alta durabilidade (&gt;1000 emparelhamentos), \u00e9 ideal para uso em redes FTTH, sistemas de telecomunica\u00e7\u00f5es, equipamentos de teste e estruturas de distribui\u00e7\u00e3o de fibra \u00f3ptica. O design de montagem em flange garante uma instala\u00e7\u00e3o segura e confiabilidade de longo prazo.<\/p>","protected":false},"excerpt":{"rendered":"<p>SC to FC Hybrid Fiber Optic Adapter \u2013 Simplex, PC\/APC, Singlemode &amp; Multimode Yingfeng\u2019s SC to FC hybrid fiber optic [&hellip;]<\/p>\n","protected":false},"featured_media":4038,"template":"","meta":{"_acf_changed":false,"site-sidebar-layout":"default","site-content-layout":"","ast-site-content-layout":"default","site-content-style":"default","site-sidebar-style":"default","ast-global-header-display":"","ast-banner-title-visibility":"","ast-main-header-display":"","ast-hfb-above-header-display":"","ast-hfb-below-header-display":"","ast-hfb-mobile-header-display":"","site-post-title":"","ast-breadcrumbs-content":"","ast-featured-img":"","footer-sml-layout":"","ast-disable-related-posts":"","theme-transparent-header-meta":"default","adv-header-id-meta":"","stick-header-meta":"","header-above-stick-meta":"","header-main-stick-meta":"","header-below-stick-meta":"","astra-migrate-meta-layouts":"set","ast-page-background-enabled":"default","ast-page-background-meta":{"desktop":{"background-color":"var(--ast-global-color-5)","background-image":"","background-repeat":"repeat","background-position":"center center","background-size":"auto","background-attachment":"scroll","background-type":"","background-media":"","overlay-type":"","overlay-color":"","overlay-opacity":"","overlay-gradient":""},"tablet":{"background-color":"","background-image":"","background-repeat":"repeat","background-position":"center center","background-size":"auto","background-attachment":"scroll","background-type":"","background-media":"","overlay-type":"","overlay-color":"","overlay-opacity":"","overlay-gradient":""},"mobile":{"background-color":"","background-image":"","background-repeat":"repeat","background-position":"center center","background-size":"auto","background-attachment":"scroll","background-type":"","background-media":"","overlay-type":"","overlay-color":"","overlay-opacity":"","overlay-gradient":""}},"ast-content-background-meta":{"desktop":{"background-color":"var(--ast-global-color-4)","background-image":"","background-repeat":"repeat","background-position":"center center","background-size":"auto","background-attachment":"scroll","background-type":"","background-media":"","overlay-type":"","overlay-color":"","overlay-opacity":"","overlay-gradient":""},"tablet":{"background-color":"var(--ast-global-color-4)","background-image":"","background-repeat":"repeat","background-position":"center center","background-size":"auto","background-attachment":"scroll","background-type":"","background-media":"","overlay-type":"","overlay-color":"","overlay-opacity":"","overlay-gradient":""},"mobile":{"background-color":"var(--ast-global-color-4)","background-image":"","background-repeat":"repeat","background-position":"center center","background-size":"auto","background-attachment":"scroll","background-type":"","background-media":"","overlay-type":"","overlay-color":"","overlay-opacity":"","overlay-gradient":""}}},"product_brand":[],"product_cat":[65],"product_tag":[],"class_list":{"0":"post-4036","1":"product","2":"type-product","3":"status-publish","4":"has-post-thumbnail","6":"product_cat-hybrid-fiber-optic-adapter","7":"desktop-align-left","8":"tablet-align-left","9":"mobile-align-left","11":"first","12":"instock","13":"shipping-taxable","14":"product-type-simple"},"acf":[],"_links":{"self":[{"href":"https:\/\/yfconnectivity.com\/pt-br\/wp-json\/wp\/v2\/product\/4036","targetHints":{"allow":["GET"]}}],"collection":[{"href":"https:\/\/yfconnectivity.com\/pt-br\/wp-json\/wp\/v2\/product"}],"about":[{"href":"https:\/\/yfconnectivity.com\/pt-br\/wp-json\/wp\/v2\/types\/product"}],"wp:featuredmedia":[{"embeddable":true,"href":"https:\/\/yfconnectivity.com\/pt-br\/wp-json\/wp\/v2\/media\/4038"}],"wp:attachment":[{"href":"https:\/\/yfconnectivity.com\/pt-br\/wp-json\/wp\/v2\/media?parent=4036"}],"wp:term":[{"taxonomy":"product_brand","embeddable":true,"href":"https:\/\/yfconnectivity.com\/pt-br\/wp-json\/wp\/v2\/product_brand?post=4036"},{"taxonomy":"product_cat","embeddable":true,"href":"https:\/\/yfconnectivity.com\/pt-br\/wp-json\/wp\/v2\/product_cat?post=4036"},{"taxonomy":"product_tag","embeddable":true,"href":"https:\/\/yfconnectivity.com\/pt-br\/wp-json\/wp\/v2\/product_tag?post=4036"}],"curies":[{"name":"wp","href":"https:\/\/api.w.org\/{rel}","templated":true}]}}