{"id":4029,"date":"2025-07-18T12:58:16","date_gmt":"2025-07-18T11:58:16","guid":{"rendered":"https:\/\/yfconnectivity.com\/?post_type=product&#038;p=4029"},"modified":"2025-07-27T09:13:48","modified_gmt":"2025-07-27T08:13:48","slug":"adaptadores-mtrj-para-mtrj","status":"publish","type":"product","link":"https:\/\/yfconnectivity.com\/pt-br\/product\/mtrj-to-mtrj-adapters\/","title":{"rendered":"Adaptador de fibra para PC Simplex MTRJ"},"content":{"rendered":"<p data-start=\"193\" data-end=\"680\">O adaptador de fibra \u00f3ptica MTRJ para MTRJ da Yingfeng foi projetado para aplica\u00e7\u00f5es de rede de alta densidade. Com um design simplex compacto e uma luva de alinhamento de cer\u00e2mica, ele oferece conex\u00f5es confi\u00e1veis e precisas para fibras monomodo e multimodo. A interface polida por PC garante baixa perda de inser\u00e7\u00e3o (\u22640,2 dB), enquanto sua durabilidade de acoplamento &gt;1000 oferece estabilidade a longo prazo. O adaptador vem com um inv\u00f3lucro de pl\u00e1stico preto e montagem de flange para uma integra\u00e7\u00e3o segura no painel, al\u00e9m de ser totalmente compat\u00edvel com RoHS.<\/p>\n<p data-start=\"682\" data-end=\"763\">Ideal para uso em Ethernet, telecomunica\u00e7\u00f5es, data centers e sistemas de cabeamento estruturado.<\/p>","protected":false},"excerpt":{"rendered":"<p>Yingfeng\u2019s MTRJ to MTRJ fiber optic adapter is designed for high-density network applications. With a compact simplex design and ceramic [&hellip;]<\/p>\n","protected":false},"featured_media":4031,"template":"","meta":{"_acf_changed":false,"site-sidebar-layout":"default","site-content-layout":"","ast-site-content-layout":"default","site-content-style":"default","site-sidebar-style":"default","ast-global-header-display":"","ast-banner-title-visibility":"","ast-main-header-display":"","ast-hfb-above-header-display":"","ast-hfb-below-header-display":"","ast-hfb-mobile-header-display":"","site-post-title":"","ast-breadcrumbs-content":"","ast-featured-img":"","footer-sml-layout":"","ast-disable-related-posts":"","theme-transparent-header-meta":"default","adv-header-id-meta":"","stick-header-meta":"","header-above-stick-meta":"","header-main-stick-meta":"","header-below-stick-meta":"","astra-migrate-meta-layouts":"set","ast-page-background-enabled":"default","ast-page-background-meta":{"desktop":{"background-color":"var(--ast-global-color-5)","background-image":"","background-repeat":"repeat","background-position":"center center","background-size":"auto","background-attachment":"scroll","background-type":"","background-media":"","overlay-type":"","overlay-color":"","overlay-opacity":"","overlay-gradient":""},"tablet":{"background-color":"","background-image":"","background-repeat":"repeat","background-position":"center center","background-size":"auto","background-attachment":"scroll","background-type":"","background-media":"","overlay-type":"","overlay-color":"","overlay-opacity":"","overlay-gradient":""},"mobile":{"background-color":"","background-image":"","background-repeat":"repeat","background-position":"center center","background-size":"auto","background-attachment":"scroll","background-type":"","background-media":"","overlay-type":"","overlay-color":"","overlay-opacity":"","overlay-gradient":""}},"ast-content-background-meta":{"desktop":{"background-color":"var(--ast-global-color-4)","background-image":"","background-repeat":"repeat","background-position":"center center","background-size":"auto","background-attachment":"scroll","background-type":"","background-media":"","overlay-type":"","overlay-color":"","overlay-opacity":"","overlay-gradient":""},"tablet":{"background-color":"var(--ast-global-color-4)","background-image":"","background-repeat":"repeat","background-position":"center center","background-size":"auto","background-attachment":"scroll","background-type":"","background-media":"","overlay-type":"","overlay-color":"","overlay-opacity":"","overlay-gradient":""},"mobile":{"background-color":"var(--ast-global-color-4)","background-image":"","background-repeat":"repeat","background-position":"center center","background-size":"auto","background-attachment":"scroll","background-type":"","background-media":"","overlay-type":"","overlay-color":"","overlay-opacity":"","overlay-gradient":""}}},"product_brand":[],"product_cat":[64],"product_tag":[],"class_list":{"0":"post-4029","1":"product","2":"type-product","3":"status-publish","4":"has-post-thumbnail","6":"product_cat-mtrj-to-mtrj-fiber-optic-adapter","7":"desktop-align-left","8":"tablet-align-left","9":"mobile-align-left","11":"first","12":"instock","13":"shipping-taxable","14":"product-type-simple"},"acf":[],"_links":{"self":[{"href":"https:\/\/yfconnectivity.com\/pt-br\/wp-json\/wp\/v2\/product\/4029","targetHints":{"allow":["GET"]}}],"collection":[{"href":"https:\/\/yfconnectivity.com\/pt-br\/wp-json\/wp\/v2\/product"}],"about":[{"href":"https:\/\/yfconnectivity.com\/pt-br\/wp-json\/wp\/v2\/types\/product"}],"wp:featuredmedia":[{"embeddable":true,"href":"https:\/\/yfconnectivity.com\/pt-br\/wp-json\/wp\/v2\/media\/4031"}],"wp:attachment":[{"href":"https:\/\/yfconnectivity.com\/pt-br\/wp-json\/wp\/v2\/media?parent=4029"}],"wp:term":[{"taxonomy":"product_brand","embeddable":true,"href":"https:\/\/yfconnectivity.com\/pt-br\/wp-json\/wp\/v2\/product_brand?post=4029"},{"taxonomy":"product_cat","embeddable":true,"href":"https:\/\/yfconnectivity.com\/pt-br\/wp-json\/wp\/v2\/product_cat?post=4029"},{"taxonomy":"product_tag","embeddable":true,"href":"https:\/\/yfconnectivity.com\/pt-br\/wp-json\/wp\/v2\/product_tag?post=4029"}],"curies":[{"name":"wp","href":"https:\/\/api.w.org\/{rel}","templated":true}]}}