{"id":3975,"date":"2025-07-18T08:55:56","date_gmt":"2025-07-18T07:55:56","guid":{"rendered":"https:\/\/yfconnectivity.com\/?post_type=product&#038;p=3975"},"modified":"2025-07-27T09:23:02","modified_gmt":"2025-07-27T08:23:02","slug":"adaptador-do-tipo-lc-duplex-high-low","status":"publish","type":"product","link":"https:\/\/yfconnectivity.com\/pt-br\/product\/lc-duplex-high-low-type-adapter\/","title":{"rendered":"Adaptador de fibra do tipo alto-baixo LC Duplex"},"content":{"rendered":"<p data-start=\"306\" data-end=\"626\">O <strong data-start=\"310\" data-end=\"344\">Adaptador alto-baixo LC APC Duplex<\/strong> apresenta um design de gabinete assim\u00e9trico, com portas frontais e traseiras deslocadas para acomodar <strong data-start=\"432\" data-end=\"466\">estruturas especiais de patch panel<\/strong> ou ambientes de fibra de alta densidade. Ele \u00e9 compat\u00edvel com <strong data-start=\"515\" data-end=\"554\">conectores polidos APC de modo \u00fanico<\/strong>, garantindo <strong data-start=\"565\" data-end=\"596\">baixa perda de inser\u00e7\u00e3o (\u22640,2dB)<\/strong> e alta precis\u00e3o de alinhamento.<\/p>\n<p data-start=\"628\" data-end=\"904\">Equipado com um <strong data-start=\"644\" data-end=\"672\">bucha de alinhamento de cer\u00e2mica<\/strong> e um <strong data-start=\"679\" data-end=\"698\">corpo sem flanges<\/strong>, \u00c9 ideal para integra\u00e7\u00e3o personalizada em <strong data-start=\"742\" data-end=\"762\">gabinetes estanques<\/strong>, <strong data-start=\"764\" data-end=\"781\">pain\u00e9is angulares<\/strong>, ou <strong data-start=\"786\" data-end=\"804\">sistemas de m\u00f3dulos<\/strong> que requerem ajustes verticais de altura. Totalmente compat\u00edvel com RoHS e testado para <strong data-start=\"880\" data-end=\"903\">&gt;1000 ciclos de acasalamento<\/strong>.<\/p>","protected":false},"excerpt":{"rendered":"<p>The LC APC Duplex High-Low Adapter features an asymmetric housing design, with offset front and rear ports to accommodate special [&hellip;]<\/p>\n","protected":false},"featured_media":3986,"template":"","meta":{"_acf_changed":false,"site-sidebar-layout":"default","site-content-layout":"","ast-site-content-layout":"default","site-content-style":"default","site-sidebar-style":"default","ast-global-header-display":"","ast-banner-title-visibility":"","ast-main-header-display":"","ast-hfb-above-header-display":"","ast-hfb-below-header-display":"","ast-hfb-mobile-header-display":"","site-post-title":"","ast-breadcrumbs-content":"","ast-featured-img":"","footer-sml-layout":"","ast-disable-related-posts":"","theme-transparent-header-meta":"default","adv-header-id-meta":"","stick-header-meta":"","header-above-stick-meta":"","header-main-stick-meta":"","header-below-stick-meta":"","astra-migrate-meta-layouts":"set","ast-page-background-enabled":"default","ast-page-background-meta":{"desktop":{"background-color":"var(--ast-global-color-5)","background-image":"","background-repeat":"repeat","background-position":"center center","background-size":"auto","background-attachment":"scroll","background-type":"","background-media":"","overlay-type":"","overlay-color":"","overlay-opacity":"","overlay-gradient":""},"tablet":{"background-color":"","background-image":"","background-repeat":"repeat","background-position":"center center","background-size":"auto","background-attachment":"scroll","background-type":"","background-media":"","overlay-type":"","overlay-color":"","overlay-opacity":"","overlay-gradient":""},"mobile":{"background-color":"","background-image":"","background-repeat":"repeat","background-position":"center center","background-size":"auto","background-attachment":"scroll","background-type":"","background-media":"","overlay-type":"","overlay-color":"","overlay-opacity":"","overlay-gradient":""}},"ast-content-background-meta":{"desktop":{"background-color":"var(--ast-global-color-4)","background-image":"","background-repeat":"repeat","background-position":"center center","background-size":"auto","background-attachment":"scroll","background-type":"","background-media":"","overlay-type":"","overlay-color":"","overlay-opacity":"","overlay-gradient":""},"tablet":{"background-color":"var(--ast-global-color-4)","background-image":"","background-repeat":"repeat","background-position":"center center","background-size":"auto","background-attachment":"scroll","background-type":"","background-media":"","overlay-type":"","overlay-color":"","overlay-opacity":"","overlay-gradient":""},"mobile":{"background-color":"var(--ast-global-color-4)","background-image":"","background-repeat":"repeat","background-position":"center center","background-size":"auto","background-attachment":"scroll","background-type":"","background-media":"","overlay-type":"","overlay-color":"","overlay-opacity":"","overlay-gradient":""}}},"product_brand":[],"product_cat":[49],"product_tag":[],"class_list":{"0":"post-3975","1":"product","2":"type-product","3":"status-publish","4":"has-post-thumbnail","6":"product_cat-lc-to-lc-fiber-optic-adapters","7":"desktop-align-left","8":"tablet-align-left","9":"mobile-align-left","11":"first","12":"instock","13":"shipping-taxable","14":"product-type-simple"},"acf":[],"_links":{"self":[{"href":"https:\/\/yfconnectivity.com\/pt-br\/wp-json\/wp\/v2\/product\/3975","targetHints":{"allow":["GET"]}}],"collection":[{"href":"https:\/\/yfconnectivity.com\/pt-br\/wp-json\/wp\/v2\/product"}],"about":[{"href":"https:\/\/yfconnectivity.com\/pt-br\/wp-json\/wp\/v2\/types\/product"}],"wp:featuredmedia":[{"embeddable":true,"href":"https:\/\/yfconnectivity.com\/pt-br\/wp-json\/wp\/v2\/media\/3986"}],"wp:attachment":[{"href":"https:\/\/yfconnectivity.com\/pt-br\/wp-json\/wp\/v2\/media?parent=3975"}],"wp:term":[{"taxonomy":"product_brand","embeddable":true,"href":"https:\/\/yfconnectivity.com\/pt-br\/wp-json\/wp\/v2\/product_brand?post=3975"},{"taxonomy":"product_cat","embeddable":true,"href":"https:\/\/yfconnectivity.com\/pt-br\/wp-json\/wp\/v2\/product_cat?post=3975"},{"taxonomy":"product_tag","embeddable":true,"href":"https:\/\/yfconnectivity.com\/pt-br\/wp-json\/wp\/v2\/product_tag?post=3975"}],"curies":[{"name":"wp","href":"https:\/\/api.w.org\/{rel}","templated":true}]}}