{"id":3699,"date":"2025-07-13T08:29:15","date_gmt":"2025-07-13T07:29:15","guid":{"rendered":"https:\/\/yfconnectivity.com\/?post_type=product&#038;p=3699"},"modified":"2025-07-17T02:19:59","modified_gmt":"2025-07-17T01:19:59","slug":"conectores-e2000-upc-0-9mm","status":"publish","type":"product","link":"https:\/\/yfconnectivity.com\/pt-br\/product\/e2000-upc-0-9mm-connectors\/","title":{"rendered":"Conectores E2000 UPC de 0,9 mm"},"content":{"rendered":"<p data-start=\"158\" data-end=\"471\">O <strong data-start=\"162\" data-end=\"191\">Conector E2000 UPC de 0,9 mm<\/strong> \u00e9 uma solu\u00e7\u00e3o de alta confiabilidade para <strong data-start=\"227\" data-end=\"256\">fibra simplex monomodo<\/strong> aplicativos, oferecendo <strong data-start=\"280\" data-end=\"313\">excelente desempenho \u00f3ptico<\/strong> e um <strong data-start=\"320\" data-end=\"345\">Obturador com mola<\/strong> para prote\u00e7\u00e3o autom\u00e1tica contra poeira. Possui os seguintes recursos <strong data-start=\"389\" data-end=\"406\">Polimento UPC<\/strong>, alcan\u00e7ando <strong data-start=\"418\" data-end=\"444\">perda de inser\u00e7\u00e3o \u22640,25dB<\/strong> e <strong data-start=\"449\" data-end=\"470\">perda de retorno \u226555dB<\/strong>.<\/p>\n<p data-start=\"473\" data-end=\"753\">Com um <strong data-start=\"480\" data-end=\"507\">bota azul compacta de 0,9 mm<\/strong>, O sistema \u00e9 ideal para a montagem de virola dur\u00e1vel e mecanismo de travamento seguro. <strong data-start=\"580\" data-end=\"599\">sistemas de telecomunica\u00e7\u00f5es<\/strong>, <strong data-start=\"601\" data-end=\"620\">instrumenta\u00e7\u00e3o<\/strong>, e <strong data-start=\"626\" data-end=\"649\">Caixas de terminais FTTx<\/strong>. Classificado para mais de <strong data-start=\"666\" data-end=\"688\">1000 ciclos de acasalamento<\/strong>, O sistema de controle de qualidade de sinal \u00e9 um sistema de controle de qualidade, que garante uma qualidade de sinal consistente em ambientes exigentes.<\/p>\n<p data-start=\"473\" data-end=\"753\">Pe\u00e7as do conector: Tampa contra poeira, compartimento externo azul, conjunto de ponteira, mola, buj\u00e3o, bota azul<\/p>","protected":false},"excerpt":{"rendered":"<p>The E2000 UPC 0.9mm Connector is a high-reliability solution for single-mode simplex fiber applications, offering excellent optical performance and a [&hellip;]<\/p>\n","protected":false},"featured_media":3702,"template":"","meta":{"_acf_changed":false,"site-sidebar-layout":"default","site-content-layout":"","ast-site-content-layout":"default","site-content-style":"default","site-sidebar-style":"default","ast-global-header-display":"","ast-banner-title-visibility":"","ast-main-header-display":"","ast-hfb-above-header-display":"","ast-hfb-below-header-display":"","ast-hfb-mobile-header-display":"","site-post-title":"","ast-breadcrumbs-content":"","ast-featured-img":"","footer-sml-layout":"","ast-disable-related-posts":"","theme-transparent-header-meta":"default","adv-header-id-meta":"","stick-header-meta":"","header-above-stick-meta":"","header-main-stick-meta":"","header-below-stick-meta":"","astra-migrate-meta-layouts":"set","ast-page-background-enabled":"default","ast-page-background-meta":{"desktop":{"background-color":"var(--ast-global-color-5)","background-image":"","background-repeat":"repeat","background-position":"center center","background-size":"auto","background-attachment":"scroll","background-type":"","background-media":"","overlay-type":"","overlay-color":"","overlay-opacity":"","overlay-gradient":""},"tablet":{"background-color":"","background-image":"","background-repeat":"repeat","background-position":"center center","background-size":"auto","background-attachment":"scroll","background-type":"","background-media":"","overlay-type":"","overlay-color":"","overlay-opacity":"","overlay-gradient":""},"mobile":{"background-color":"","background-image":"","background-repeat":"repeat","background-position":"center center","background-size":"auto","background-attachment":"scroll","background-type":"","background-media":"","overlay-type":"","overlay-color":"","overlay-opacity":"","overlay-gradient":""}},"ast-content-background-meta":{"desktop":{"background-color":"var(--ast-global-color-4)","background-image":"","background-repeat":"repeat","background-position":"center center","background-size":"auto","background-attachment":"scroll","background-type":"","background-media":"","overlay-type":"","overlay-color":"","overlay-opacity":"","overlay-gradient":""},"tablet":{"background-color":"var(--ast-global-color-4)","background-image":"","background-repeat":"repeat","background-position":"center center","background-size":"auto","background-attachment":"scroll","background-type":"","background-media":"","overlay-type":"","overlay-color":"","overlay-opacity":"","overlay-gradient":""},"mobile":{"background-color":"var(--ast-global-color-4)","background-image":"","background-repeat":"repeat","background-position":"center center","background-size":"auto","background-attachment":"scroll","background-type":"","background-media":"","overlay-type":"","overlay-color":"","overlay-opacity":"","overlay-gradient":""}}},"product_brand":[],"product_cat":[55],"product_tag":[],"class_list":{"0":"post-3699","1":"product","2":"type-product","3":"status-publish","4":"has-post-thumbnail","6":"product_cat-e2000-fiber-optic-connectors","7":"desktop-align-left","8":"tablet-align-left","9":"mobile-align-left","11":"first","12":"instock","13":"shipping-taxable","14":"product-type-simple"},"acf":[],"_links":{"self":[{"href":"https:\/\/yfconnectivity.com\/pt-br\/wp-json\/wp\/v2\/product\/3699","targetHints":{"allow":["GET"]}}],"collection":[{"href":"https:\/\/yfconnectivity.com\/pt-br\/wp-json\/wp\/v2\/product"}],"about":[{"href":"https:\/\/yfconnectivity.com\/pt-br\/wp-json\/wp\/v2\/types\/product"}],"wp:featuredmedia":[{"embeddable":true,"href":"https:\/\/yfconnectivity.com\/pt-br\/wp-json\/wp\/v2\/media\/3702"}],"wp:attachment":[{"href":"https:\/\/yfconnectivity.com\/pt-br\/wp-json\/wp\/v2\/media?parent=3699"}],"wp:term":[{"taxonomy":"product_brand","embeddable":true,"href":"https:\/\/yfconnectivity.com\/pt-br\/wp-json\/wp\/v2\/product_brand?post=3699"},{"taxonomy":"product_cat","embeddable":true,"href":"https:\/\/yfconnectivity.com\/pt-br\/wp-json\/wp\/v2\/product_cat?post=3699"},{"taxonomy":"product_tag","embeddable":true,"href":"https:\/\/yfconnectivity.com\/pt-br\/wp-json\/wp\/v2\/product_tag?post=3699"}],"curies":[{"name":"wp","href":"https:\/\/api.w.org\/{rel}","templated":true}]}}