{"id":3677,"date":"2025-07-13T07:19:45","date_gmt":"2025-07-13T06:19:45","guid":{"rendered":"https:\/\/yfconnectivity.com\/?post_type=product&#038;p=3677"},"modified":"2025-07-13T07:19:45","modified_gmt":"2025-07-13T06:19:45","slug":"conectores-mu-pc-0-9mm","status":"publish","type":"product","link":"https:\/\/yfconnectivity.com\/pt-br\/product\/mu-pc-0-9mm-connectors\/","title":{"rendered":"Conectores MU PC de 0,9 mm"},"content":{"rendered":"<p data-start=\"138\" data-end=\"443\">O <strong data-start=\"142\" data-end=\"167\">Conector MU PC de 0,9 mm<\/strong> \u00e9 um <strong data-start=\"173\" data-end=\"208\">conector monomodo miniatura<\/strong> ideal para conex\u00f5es \u00f3pticas de alta densidade. Com um <strong data-start=\"260\" data-end=\"282\">bota compacta de 0,9 mm<\/strong> e <strong data-start=\"287\" data-end=\"310\">Ponteira polida em PC<\/strong>, ele garante <strong data-start=\"323\" data-end=\"349\">perda de inser\u00e7\u00e3o \u22640,25dB<\/strong> e <strong data-start=\"354\" data-end=\"375\">perda de retorno \u226550dB<\/strong>, proporcionando desempenho confi\u00e1vel em ambientes com restri\u00e7\u00f5es de espa\u00e7o.<\/p>\n<p data-start=\"445\" data-end=\"737\">Suas <strong data-start=\"449\" data-end=\"470\">estrutura de encaixe<\/strong>, A ponteira com mola e a bota azul dur\u00e1vel o tornam adequado para <strong data-start=\"538\" data-end=\"558\">redes de telecomunica\u00e7\u00f5es<\/strong>, <strong data-start=\"560\" data-end=\"586\">terminais de acesso \u00e0 fibra<\/strong>, e <strong data-start=\"592\" data-end=\"619\">m\u00f3dulos \u00f3pticos compactos<\/strong>. Classificado para mais de <strong data-start=\"636\" data-end=\"658\">1000 ciclos de acasalamento<\/strong>, Se o conector for de a\u00e7o inoxid\u00e1vel, esse conector oferece transmiss\u00e3o de sinal est\u00e1vel em \u00e1reas de instala\u00e7\u00e3o apertadas.<\/p>\n<p data-start=\"445\" data-end=\"737\">Pe\u00e7as do conector: Tampa contra poeira, compartimento externo, estrutura interna, conjunto de virola, mola, buj\u00e3o, bota azul<\/p>","protected":false},"excerpt":{"rendered":"<p>The MU PC 0.9mm Connector is a miniature single-mode connector ideal for high-density optical connections. With a compact 0.9mm boot [&hellip;]<\/p>\n","protected":false},"featured_media":3678,"template":"","meta":{"_acf_changed":false,"site-sidebar-layout":"default","site-content-layout":"","ast-site-content-layout":"default","site-content-style":"default","site-sidebar-style":"default","ast-global-header-display":"","ast-banner-title-visibility":"","ast-main-header-display":"","ast-hfb-above-header-display":"","ast-hfb-below-header-display":"","ast-hfb-mobile-header-display":"","site-post-title":"","ast-breadcrumbs-content":"","ast-featured-img":"","footer-sml-layout":"","ast-disable-related-posts":"","theme-transparent-header-meta":"default","adv-header-id-meta":"","stick-header-meta":"","header-above-stick-meta":"","header-main-stick-meta":"","header-below-stick-meta":"","astra-migrate-meta-layouts":"set","ast-page-background-enabled":"default","ast-page-background-meta":{"desktop":{"background-color":"var(--ast-global-color-5)","background-image":"","background-repeat":"repeat","background-position":"center center","background-size":"auto","background-attachment":"scroll","background-type":"","background-media":"","overlay-type":"","overlay-color":"","overlay-opacity":"","overlay-gradient":""},"tablet":{"background-color":"","background-image":"","background-repeat":"repeat","background-position":"center center","background-size":"auto","background-attachment":"scroll","background-type":"","background-media":"","overlay-type":"","overlay-color":"","overlay-opacity":"","overlay-gradient":""},"mobile":{"background-color":"","background-image":"","background-repeat":"repeat","background-position":"center center","background-size":"auto","background-attachment":"scroll","background-type":"","background-media":"","overlay-type":"","overlay-color":"","overlay-opacity":"","overlay-gradient":""}},"ast-content-background-meta":{"desktop":{"background-color":"var(--ast-global-color-4)","background-image":"","background-repeat":"repeat","background-position":"center center","background-size":"auto","background-attachment":"scroll","background-type":"","background-media":"","overlay-type":"","overlay-color":"","overlay-opacity":"","overlay-gradient":""},"tablet":{"background-color":"var(--ast-global-color-4)","background-image":"","background-repeat":"repeat","background-position":"center center","background-size":"auto","background-attachment":"scroll","background-type":"","background-media":"","overlay-type":"","overlay-color":"","overlay-opacity":"","overlay-gradient":""},"mobile":{"background-color":"var(--ast-global-color-4)","background-image":"","background-repeat":"repeat","background-position":"center center","background-size":"auto","background-attachment":"scroll","background-type":"","background-media":"","overlay-type":"","overlay-color":"","overlay-opacity":"","overlay-gradient":""}}},"product_brand":[],"product_cat":[57],"product_tag":[],"class_list":{"0":"post-3677","1":"product","2":"type-product","3":"status-publish","4":"has-post-thumbnail","6":"product_cat-mu-fiber-optic-connectors","7":"desktop-align-left","8":"tablet-align-left","9":"mobile-align-left","11":"first","12":"instock","13":"shipping-taxable","14":"product-type-simple"},"acf":[],"_links":{"self":[{"href":"https:\/\/yfconnectivity.com\/pt-br\/wp-json\/wp\/v2\/product\/3677","targetHints":{"allow":["GET"]}}],"collection":[{"href":"https:\/\/yfconnectivity.com\/pt-br\/wp-json\/wp\/v2\/product"}],"about":[{"href":"https:\/\/yfconnectivity.com\/pt-br\/wp-json\/wp\/v2\/types\/product"}],"wp:featuredmedia":[{"embeddable":true,"href":"https:\/\/yfconnectivity.com\/pt-br\/wp-json\/wp\/v2\/media\/3678"}],"wp:attachment":[{"href":"https:\/\/yfconnectivity.com\/pt-br\/wp-json\/wp\/v2\/media?parent=3677"}],"wp:term":[{"taxonomy":"product_brand","embeddable":true,"href":"https:\/\/yfconnectivity.com\/pt-br\/wp-json\/wp\/v2\/product_brand?post=3677"},{"taxonomy":"product_cat","embeddable":true,"href":"https:\/\/yfconnectivity.com\/pt-br\/wp-json\/wp\/v2\/product_cat?post=3677"},{"taxonomy":"product_tag","embeddable":true,"href":"https:\/\/yfconnectivity.com\/pt-br\/wp-json\/wp\/v2\/product_tag?post=3677"}],"curies":[{"name":"wp","href":"https:\/\/api.w.org\/{rel}","templated":true}]}}