{"id":3667,"date":"2025-07-12T11:14:00","date_gmt":"2025-07-12T10:14:00","guid":{"rendered":"https:\/\/yfconnectivity.com\/?post_type=product&#038;p=3667"},"modified":"2025-07-12T11:14:00","modified_gmt":"2025-07-12T10:14:00","slug":"conector-st-apc-0-9mm","status":"publish","type":"product","link":"https:\/\/yfconnectivity.com\/pt-br\/product\/st-apc-0-9mm-connector\/","title":{"rendered":"Conector ST APC de 0,9 mm"},"content":{"rendered":"<p data-start=\"146\" data-end=\"496\">O <strong data-start=\"150\" data-end=\"176\">Conector ST APC de 0,9 mm<\/strong> \u00e9 uma solu\u00e7\u00e3o compacta e de alta precis\u00e3o para <strong data-start=\"219\" data-end=\"248\">fibra simplex monomodo<\/strong> aplicativos usando um <strong data-start=\"270\" data-end=\"300\">Cabo com buffer apertado de 0,9 mm<\/strong>. Ele apresenta um <strong data-start=\"316\" data-end=\"353\">acoplamento com trava de tor\u00e7\u00e3o tipo baioneta<\/strong> para conex\u00f5es r\u00e1pidas e seguras, juntamente com um <strong data-start=\"402\" data-end=\"426\">Ponteira polida APC<\/strong> para garantir <strong data-start=\"437\" data-end=\"469\">baixa perda de inser\u00e7\u00e3o (\u22640,25dB)<\/strong> e <strong data-start=\"474\" data-end=\"495\">perda de retorno \u226560dB<\/strong>.<\/p>\n<p data-start=\"498\" data-end=\"766\">Sua estrutura simples com <strong data-start=\"524\" data-end=\"537\">anel de press\u00e3o<\/strong>, <strong data-start=\"539\" data-end=\"553\">bota verde<\/strong>, O conjunto robusto de molas suporta <strong data-start=\"591\" data-end=\"618\">mais de 1000 ciclos de acasalamento<\/strong>, tornando-o ideal para <strong data-start=\"640\" data-end=\"658\">equipamentos de teste<\/strong>, <strong data-start=\"660\" data-end=\"680\">redes de telecomunica\u00e7\u00f5es<\/strong>, e <strong data-start=\"686\" data-end=\"712\">configura\u00e7\u00f5es de instrumenta\u00e7\u00e3o<\/strong> onde s\u00e3o necess\u00e1rios conectores confi\u00e1veis e com economia de espa\u00e7o.<\/p>\n<p data-start=\"498\" data-end=\"766\">Pe\u00e7as do conector: Tampa contra poeira, conjunto do ferrolho, mola, estrutura externa, anel de press\u00e3o, bota verde<\/p>","protected":false},"excerpt":{"rendered":"<p>The ST APC 0.9mm Connector is a compact, high-precision solution for single-mode simplex fiber applications using a 0.9mm tight-buffered cable. [&hellip;]<\/p>\n","protected":false},"featured_media":3668,"template":"","meta":{"_acf_changed":false,"site-sidebar-layout":"default","site-content-layout":"","ast-site-content-layout":"default","site-content-style":"default","site-sidebar-style":"default","ast-global-header-display":"","ast-banner-title-visibility":"","ast-main-header-display":"","ast-hfb-above-header-display":"","ast-hfb-below-header-display":"","ast-hfb-mobile-header-display":"","site-post-title":"","ast-breadcrumbs-content":"","ast-featured-img":"","footer-sml-layout":"","ast-disable-related-posts":"","theme-transparent-header-meta":"default","adv-header-id-meta":"","stick-header-meta":"","header-above-stick-meta":"","header-main-stick-meta":"","header-below-stick-meta":"","astra-migrate-meta-layouts":"set","ast-page-background-enabled":"default","ast-page-background-meta":{"desktop":{"background-color":"var(--ast-global-color-5)","background-image":"","background-repeat":"repeat","background-position":"center center","background-size":"auto","background-attachment":"scroll","background-type":"","background-media":"","overlay-type":"","overlay-color":"","overlay-opacity":"","overlay-gradient":""},"tablet":{"background-color":"","background-image":"","background-repeat":"repeat","background-position":"center center","background-size":"auto","background-attachment":"scroll","background-type":"","background-media":"","overlay-type":"","overlay-color":"","overlay-opacity":"","overlay-gradient":""},"mobile":{"background-color":"","background-image":"","background-repeat":"repeat","background-position":"center center","background-size":"auto","background-attachment":"scroll","background-type":"","background-media":"","overlay-type":"","overlay-color":"","overlay-opacity":"","overlay-gradient":""}},"ast-content-background-meta":{"desktop":{"background-color":"var(--ast-global-color-4)","background-image":"","background-repeat":"repeat","background-position":"center center","background-size":"auto","background-attachment":"scroll","background-type":"","background-media":"","overlay-type":"","overlay-color":"","overlay-opacity":"","overlay-gradient":""},"tablet":{"background-color":"var(--ast-global-color-4)","background-image":"","background-repeat":"repeat","background-position":"center center","background-size":"auto","background-attachment":"scroll","background-type":"","background-media":"","overlay-type":"","overlay-color":"","overlay-opacity":"","overlay-gradient":""},"mobile":{"background-color":"var(--ast-global-color-4)","background-image":"","background-repeat":"repeat","background-position":"center center","background-size":"auto","background-attachment":"scroll","background-type":"","background-media":"","overlay-type":"","overlay-color":"","overlay-opacity":"","overlay-gradient":""}}},"product_brand":[],"product_cat":[53],"product_tag":[],"class_list":{"0":"post-3667","1":"product","2":"type-product","3":"status-publish","4":"has-post-thumbnail","6":"product_cat-st-fiber-optic-connectors","7":"desktop-align-left","8":"tablet-align-left","9":"mobile-align-left","11":"first","12":"instock","13":"shipping-taxable","14":"product-type-simple"},"acf":[],"_links":{"self":[{"href":"https:\/\/yfconnectivity.com\/pt-br\/wp-json\/wp\/v2\/product\/3667","targetHints":{"allow":["GET"]}}],"collection":[{"href":"https:\/\/yfconnectivity.com\/pt-br\/wp-json\/wp\/v2\/product"}],"about":[{"href":"https:\/\/yfconnectivity.com\/pt-br\/wp-json\/wp\/v2\/types\/product"}],"wp:featuredmedia":[{"embeddable":true,"href":"https:\/\/yfconnectivity.com\/pt-br\/wp-json\/wp\/v2\/media\/3668"}],"wp:attachment":[{"href":"https:\/\/yfconnectivity.com\/pt-br\/wp-json\/wp\/v2\/media?parent=3667"}],"wp:term":[{"taxonomy":"product_brand","embeddable":true,"href":"https:\/\/yfconnectivity.com\/pt-br\/wp-json\/wp\/v2\/product_brand?post=3667"},{"taxonomy":"product_cat","embeddable":true,"href":"https:\/\/yfconnectivity.com\/pt-br\/wp-json\/wp\/v2\/product_cat?post=3667"},{"taxonomy":"product_tag","embeddable":true,"href":"https:\/\/yfconnectivity.com\/pt-br\/wp-json\/wp\/v2\/product_tag?post=3667"}],"curies":[{"name":"wp","href":"https:\/\/api.w.org\/{rel}","templated":true}]}}