{"id":3662,"date":"2025-07-12T09:49:27","date_gmt":"2025-07-12T08:49:27","guid":{"rendered":"https:\/\/yfconnectivity.com\/?post_type=product&#038;p=3662"},"modified":"2025-07-12T09:49:28","modified_gmt":"2025-07-12T08:49:28","slug":"conector-fc-apc-0-9-mm","status":"publish","type":"product","link":"https:\/\/yfconnectivity.com\/pt-br\/product\/fc-apc-0-9mm-connector\/","title":{"rendered":"Conector FC APC de 0,9 mm"},"content":{"rendered":"<p data-start=\"110\" data-end=\"424\">O <strong data-start=\"114\" data-end=\"140\">Conector FC APC de 0,9 mm<\/strong> foi projetado para conex\u00f5es de fibra monomodo de precis\u00e3o em <strong data-start=\"200\" data-end=\"227\">com buffer estreito (0,9 mm)<\/strong> ambientes. Apresentando um <strong data-start=\"254\" data-end=\"282\">acoplamento rosqueado seguro<\/strong> e virola polida APC, ele oferece <strong data-start=\"321\" data-end=\"353\">baixa perda de inser\u00e7\u00e3o (\u22640,25dB)<\/strong> e <strong data-start=\"358\" data-end=\"386\">alta perda de retorno (\u226560dB)<\/strong>-Ideal para aplica\u00e7\u00f5es de alta precis\u00e3o.<\/p>\n<p data-start=\"426\" data-end=\"712\">A bota verde compacta, <strong data-start=\"450\" data-end=\"476\">manga traseira ajust\u00e1vel<\/strong>, e o conjunto de ponteira dur\u00e1vel garantem conex\u00f5es confi\u00e1veis em <strong data-start=\"538\" data-end=\"551\">laborat\u00f3rios de teste<\/strong>, <strong data-start=\"553\" data-end=\"572\">sistemas de telecomunica\u00e7\u00f5es<\/strong>, e <strong data-start=\"578\" data-end=\"609\">instrumenta\u00e7\u00e3o de fibra \u00f3ptica<\/strong>. Classificado para mais de <strong data-start=\"626\" data-end=\"648\">1000 ciclos de acasalamento<\/strong>, O sistema de controle de qualidade, que oferece estabilidade duradoura, mesmo em condi\u00e7\u00f5es exigentes.<\/p>\n<p data-start=\"426\" data-end=\"712\">Pe\u00e7as do conector: Tampa contra poeira, luva frontal, estrutura externa, conjunto de virola, mola, luva traseira ajustada, bota verde<\/p>","protected":false},"excerpt":{"rendered":"<p>The FC APC 0.9mm Connector is designed for precision single-mode fiber connections in narrow-buffered (0.9mm) environments. Featuring a secure threaded [&hellip;]<\/p>\n","protected":false},"featured_media":3663,"template":"","meta":{"_acf_changed":false,"site-sidebar-layout":"default","site-content-layout":"","ast-site-content-layout":"default","site-content-style":"default","site-sidebar-style":"default","ast-global-header-display":"","ast-banner-title-visibility":"","ast-main-header-display":"","ast-hfb-above-header-display":"","ast-hfb-below-header-display":"","ast-hfb-mobile-header-display":"","site-post-title":"","ast-breadcrumbs-content":"","ast-featured-img":"","footer-sml-layout":"","ast-disable-related-posts":"","theme-transparent-header-meta":"default","adv-header-id-meta":"","stick-header-meta":"","header-above-stick-meta":"","header-main-stick-meta":"","header-below-stick-meta":"","astra-migrate-meta-layouts":"set","ast-page-background-enabled":"default","ast-page-background-meta":{"desktop":{"background-color":"var(--ast-global-color-5)","background-image":"","background-repeat":"repeat","background-position":"center center","background-size":"auto","background-attachment":"scroll","background-type":"","background-media":"","overlay-type":"","overlay-color":"","overlay-opacity":"","overlay-gradient":""},"tablet":{"background-color":"","background-image":"","background-repeat":"repeat","background-position":"center center","background-size":"auto","background-attachment":"scroll","background-type":"","background-media":"","overlay-type":"","overlay-color":"","overlay-opacity":"","overlay-gradient":""},"mobile":{"background-color":"","background-image":"","background-repeat":"repeat","background-position":"center center","background-size":"auto","background-attachment":"scroll","background-type":"","background-media":"","overlay-type":"","overlay-color":"","overlay-opacity":"","overlay-gradient":""}},"ast-content-background-meta":{"desktop":{"background-color":"var(--ast-global-color-4)","background-image":"","background-repeat":"repeat","background-position":"center center","background-size":"auto","background-attachment":"scroll","background-type":"","background-media":"","overlay-type":"","overlay-color":"","overlay-opacity":"","overlay-gradient":""},"tablet":{"background-color":"var(--ast-global-color-4)","background-image":"","background-repeat":"repeat","background-position":"center center","background-size":"auto","background-attachment":"scroll","background-type":"","background-media":"","overlay-type":"","overlay-color":"","overlay-opacity":"","overlay-gradient":""},"mobile":{"background-color":"var(--ast-global-color-4)","background-image":"","background-repeat":"repeat","background-position":"center center","background-size":"auto","background-attachment":"scroll","background-type":"","background-media":"","overlay-type":"","overlay-color":"","overlay-opacity":"","overlay-gradient":""}}},"product_brand":[],"product_cat":[52],"product_tag":[],"class_list":{"0":"post-3662","1":"product","2":"type-product","3":"status-publish","4":"has-post-thumbnail","6":"product_cat-fc-fiber-optic-connectors","7":"desktop-align-left","8":"tablet-align-left","9":"mobile-align-left","11":"first","12":"instock","13":"shipping-taxable","14":"product-type-simple"},"acf":[],"_links":{"self":[{"href":"https:\/\/yfconnectivity.com\/pt-br\/wp-json\/wp\/v2\/product\/3662","targetHints":{"allow":["GET"]}}],"collection":[{"href":"https:\/\/yfconnectivity.com\/pt-br\/wp-json\/wp\/v2\/product"}],"about":[{"href":"https:\/\/yfconnectivity.com\/pt-br\/wp-json\/wp\/v2\/types\/product"}],"wp:featuredmedia":[{"embeddable":true,"href":"https:\/\/yfconnectivity.com\/pt-br\/wp-json\/wp\/v2\/media\/3663"}],"wp:attachment":[{"href":"https:\/\/yfconnectivity.com\/pt-br\/wp-json\/wp\/v2\/media?parent=3662"}],"wp:term":[{"taxonomy":"product_brand","embeddable":true,"href":"https:\/\/yfconnectivity.com\/pt-br\/wp-json\/wp\/v2\/product_brand?post=3662"},{"taxonomy":"product_cat","embeddable":true,"href":"https:\/\/yfconnectivity.com\/pt-br\/wp-json\/wp\/v2\/product_cat?post=3662"},{"taxonomy":"product_tag","embeddable":true,"href":"https:\/\/yfconnectivity.com\/pt-br\/wp-json\/wp\/v2\/product_tag?post=3662"}],"curies":[{"name":"wp","href":"https:\/\/api.w.org\/{rel}","templated":true}]}}