{"id":3658,"date":"2025-07-12T09:15:25","date_gmt":"2025-07-12T08:15:25","guid":{"rendered":"https:\/\/yfconnectivity.com\/?post_type=product&#038;p=3658"},"modified":"2025-07-12T09:19:25","modified_gmt":"2025-07-12T08:19:25","slug":"conector-lc-uniboot-com-chave-de-polaridade-2","status":"publish","type":"product","link":"https:\/\/yfconnectivity.com\/pt-br\/product\/lc-uniboot-connector-with-switch-polarity-2\/","title":{"rendered":"Conector LC Uniboot com chave de polaridade-2"},"content":{"rendered":"<p data-start=\"134\" data-end=\"407\">O <strong data-start=\"138\" data-end=\"200\">Conector LC APC Uniboot com polaridade comut\u00e1vel (Tipo 2)<\/strong> oferece uma solu\u00e7\u00e3o compacta e eficiente para conex\u00f5es duplex de fibra monomodo. Suas <strong data-start=\"287\" data-end=\"323\">projeto de chave de polaridade sem ferramentas<\/strong> simplifica a instala\u00e7\u00e3o e garante o roteamento correto do sinal em sistemas de alta densidade.<\/p>\n<p data-start=\"409\" data-end=\"733\">Projetado com um <strong data-start=\"427\" data-end=\"453\">estrutura interna refor\u00e7ada<\/strong>, <strong data-start=\"455\" data-end=\"481\">prote\u00e7\u00e3o termoencolh\u00edvel<\/strong>, e <strong data-start=\"487\" data-end=\"504\">anel de rebitagem<\/strong>, Com o conector de cabo de a\u00e7o, esse conector aumenta o al\u00edvio de tens\u00e3o do cabo e a durabilidade a longo prazo. Com <strong data-start=\"581\" data-end=\"607\">perda de inser\u00e7\u00e3o \u22640,25dB<\/strong> e <strong data-start=\"612\" data-end=\"633\">perda de retorno \u226560dB<\/strong>, Ele garante um desempenho est\u00e1vel do sinal em <strong data-start=\"675\" data-end=\"683\">FTTx<\/strong>, <strong data-start=\"685\" data-end=\"702\">salas de telecomunica\u00e7\u00f5es<\/strong>, e <strong data-start=\"708\" data-end=\"732\">gabinetes de data center<\/strong>.<\/p>","protected":false},"excerpt":{"rendered":"<p>The LC APC Uniboot Connector with Switchable Polarity (Type-2) offers a compact and efficient solution for duplex single-mode fiber connections. [&hellip;]<\/p>\n","protected":false},"featured_media":3660,"template":"","meta":{"_acf_changed":false,"site-sidebar-layout":"default","site-content-layout":"","ast-site-content-layout":"default","site-content-style":"default","site-sidebar-style":"default","ast-global-header-display":"","ast-banner-title-visibility":"","ast-main-header-display":"","ast-hfb-above-header-display":"","ast-hfb-below-header-display":"","ast-hfb-mobile-header-display":"","site-post-title":"","ast-breadcrumbs-content":"","ast-featured-img":"","footer-sml-layout":"","ast-disable-related-posts":"","theme-transparent-header-meta":"default","adv-header-id-meta":"","stick-header-meta":"","header-above-stick-meta":"","header-main-stick-meta":"","header-below-stick-meta":"","astra-migrate-meta-layouts":"set","ast-page-background-enabled":"default","ast-page-background-meta":{"desktop":{"background-color":"var(--ast-global-color-5)","background-image":"","background-repeat":"repeat","background-position":"center center","background-size":"auto","background-attachment":"scroll","background-type":"","background-media":"","overlay-type":"","overlay-color":"","overlay-opacity":"","overlay-gradient":""},"tablet":{"background-color":"","background-image":"","background-repeat":"repeat","background-position":"center center","background-size":"auto","background-attachment":"scroll","background-type":"","background-media":"","overlay-type":"","overlay-color":"","overlay-opacity":"","overlay-gradient":""},"mobile":{"background-color":"","background-image":"","background-repeat":"repeat","background-position":"center center","background-size":"auto","background-attachment":"scroll","background-type":"","background-media":"","overlay-type":"","overlay-color":"","overlay-opacity":"","overlay-gradient":""}},"ast-content-background-meta":{"desktop":{"background-color":"var(--ast-global-color-4)","background-image":"","background-repeat":"repeat","background-position":"center center","background-size":"auto","background-attachment":"scroll","background-type":"","background-media":"","overlay-type":"","overlay-color":"","overlay-opacity":"","overlay-gradient":""},"tablet":{"background-color":"var(--ast-global-color-4)","background-image":"","background-repeat":"repeat","background-position":"center center","background-size":"auto","background-attachment":"scroll","background-type":"","background-media":"","overlay-type":"","overlay-color":"","overlay-opacity":"","overlay-gradient":""},"mobile":{"background-color":"var(--ast-global-color-4)","background-image":"","background-repeat":"repeat","background-position":"center center","background-size":"auto","background-attachment":"scroll","background-type":"","background-media":"","overlay-type":"","overlay-color":"","overlay-opacity":"","overlay-gradient":""}}},"product_brand":[],"product_cat":[47],"product_tag":[],"class_list":{"0":"post-3658","1":"product","2":"type-product","3":"status-publish","4":"has-post-thumbnail","6":"product_cat-lc-fiber-optic-connectors","7":"desktop-align-left","8":"tablet-align-left","9":"mobile-align-left","11":"first","12":"instock","13":"shipping-taxable","14":"product-type-simple"},"acf":[],"_links":{"self":[{"href":"https:\/\/yfconnectivity.com\/pt-br\/wp-json\/wp\/v2\/product\/3658","targetHints":{"allow":["GET"]}}],"collection":[{"href":"https:\/\/yfconnectivity.com\/pt-br\/wp-json\/wp\/v2\/product"}],"about":[{"href":"https:\/\/yfconnectivity.com\/pt-br\/wp-json\/wp\/v2\/types\/product"}],"wp:featuredmedia":[{"embeddable":true,"href":"https:\/\/yfconnectivity.com\/pt-br\/wp-json\/wp\/v2\/media\/3660"}],"wp:attachment":[{"href":"https:\/\/yfconnectivity.com\/pt-br\/wp-json\/wp\/v2\/media?parent=3658"}],"wp:term":[{"taxonomy":"product_brand","embeddable":true,"href":"https:\/\/yfconnectivity.com\/pt-br\/wp-json\/wp\/v2\/product_brand?post=3658"},{"taxonomy":"product_cat","embeddable":true,"href":"https:\/\/yfconnectivity.com\/pt-br\/wp-json\/wp\/v2\/product_cat?post=3658"},{"taxonomy":"product_tag","embeddable":true,"href":"https:\/\/yfconnectivity.com\/pt-br\/wp-json\/wp\/v2\/product_tag?post=3658"}],"curies":[{"name":"wp","href":"https:\/\/api.w.org\/{rel}","templated":true}]}}