{"id":3646,"date":"2025-07-12T08:14:35","date_gmt":"2025-07-12T07:14:35","guid":{"rendered":"https:\/\/yfconnectivity.com\/?post_type=product&#038;p=3646"},"modified":"2025-07-12T09:20:45","modified_gmt":"2025-07-12T08:20:45","slug":"conector-lc-apc-uniboot","status":"publish","type":"product","link":"https:\/\/yfconnectivity.com\/pt-br\/product\/lc-apc-uniboot-connector\/","title":{"rendered":"Conector LC APC Uniboot"},"content":{"rendered":"<p data-start=\"74\" data-end=\"437\">O <strong data-start=\"78\" data-end=\"106\">Conector LC APC Uniboot<\/strong> foi projetado para aplica\u00e7\u00f5es monomodo de alta densidade, combinando duas fibras em um \u00fanico cabo de 3,0 mm para reduzir a desordem e melhorar o fluxo de ar. Com <strong data-start=\"253\" data-end=\"285\">baixa perda de inser\u00e7\u00e3o (\u22640,25dB)<\/strong> e <strong data-start=\"290\" data-end=\"318\">alta perda de retorno (\u226560dB)<\/strong>, O sistema de transmiss\u00e3o de sinal de baixa reflex\u00e3o garante uma transmiss\u00e3o est\u00e1vel, ideal para <strong data-start=\"384\" data-end=\"392\">FTTx<\/strong>, <strong data-start=\"394\" data-end=\"410\">centros de dados<\/strong>, e <strong data-start=\"416\" data-end=\"436\">redes de telecomunica\u00e7\u00f5es<\/strong>.<\/p>\n<p data-start=\"439\" data-end=\"686\">Suas <strong data-start=\"443\" data-end=\"467\">Ponteira polida APC<\/strong>, estrutura dur\u00e1vel e <strong data-start=\"492\" data-end=\"519\">mais de 1000 ciclos de acasalamento<\/strong> proporcionam desempenho de longo prazo, enquanto o inv\u00f3lucro verde garante a f\u00e1cil identifica\u00e7\u00e3o do APC. Um clipe seguro e um design de tubo termorretr\u00e1til tornam a instala\u00e7\u00e3o r\u00e1pida e confi\u00e1vel.<\/p>\n<p data-start=\"439\" data-end=\"686\">Pe\u00e7as do conector: Tampa contra poeira, inv\u00f3lucro externo verde, conjunto do ferrolho, mola, tubo transparente pequeno, estrutura interna, clipe, anel de rebitagem, tubo termorretr\u00e1til, bota branca<\/p>","protected":false},"excerpt":{"rendered":"<p>The LC APC Uniboot Connector is designed for high-density single-mode applications, combining two fibers into a single 3.0mm cable to [&hellip;]<\/p>\n","protected":false},"featured_media":3648,"template":"","meta":{"_acf_changed":false,"site-sidebar-layout":"default","site-content-layout":"","ast-site-content-layout":"default","site-content-style":"default","site-sidebar-style":"default","ast-global-header-display":"","ast-banner-title-visibility":"","ast-main-header-display":"","ast-hfb-above-header-display":"","ast-hfb-below-header-display":"","ast-hfb-mobile-header-display":"","site-post-title":"","ast-breadcrumbs-content":"","ast-featured-img":"","footer-sml-layout":"","ast-disable-related-posts":"","theme-transparent-header-meta":"default","adv-header-id-meta":"","stick-header-meta":"","header-above-stick-meta":"","header-main-stick-meta":"","header-below-stick-meta":"","astra-migrate-meta-layouts":"set","ast-page-background-enabled":"default","ast-page-background-meta":{"desktop":{"background-color":"var(--ast-global-color-5)","background-image":"","background-repeat":"repeat","background-position":"center center","background-size":"auto","background-attachment":"scroll","background-type":"","background-media":"","overlay-type":"","overlay-color":"","overlay-opacity":"","overlay-gradient":""},"tablet":{"background-color":"","background-image":"","background-repeat":"repeat","background-position":"center center","background-size":"auto","background-attachment":"scroll","background-type":"","background-media":"","overlay-type":"","overlay-color":"","overlay-opacity":"","overlay-gradient":""},"mobile":{"background-color":"","background-image":"","background-repeat":"repeat","background-position":"center center","background-size":"auto","background-attachment":"scroll","background-type":"","background-media":"","overlay-type":"","overlay-color":"","overlay-opacity":"","overlay-gradient":""}},"ast-content-background-meta":{"desktop":{"background-color":"var(--ast-global-color-4)","background-image":"","background-repeat":"repeat","background-position":"center center","background-size":"auto","background-attachment":"scroll","background-type":"","background-media":"","overlay-type":"","overlay-color":"","overlay-opacity":"","overlay-gradient":""},"tablet":{"background-color":"var(--ast-global-color-4)","background-image":"","background-repeat":"repeat","background-position":"center center","background-size":"auto","background-attachment":"scroll","background-type":"","background-media":"","overlay-type":"","overlay-color":"","overlay-opacity":"","overlay-gradient":""},"mobile":{"background-color":"var(--ast-global-color-4)","background-image":"","background-repeat":"repeat","background-position":"center center","background-size":"auto","background-attachment":"scroll","background-type":"","background-media":"","overlay-type":"","overlay-color":"","overlay-opacity":"","overlay-gradient":""}}},"product_brand":[],"product_cat":[47],"product_tag":[],"class_list":{"0":"post-3646","1":"product","2":"type-product","3":"status-publish","4":"has-post-thumbnail","6":"product_cat-lc-fiber-optic-connectors","7":"desktop-align-left","8":"tablet-align-left","9":"mobile-align-left","11":"first","12":"instock","13":"shipping-taxable","14":"product-type-simple"},"acf":[],"_links":{"self":[{"href":"https:\/\/yfconnectivity.com\/pt-br\/wp-json\/wp\/v2\/product\/3646","targetHints":{"allow":["GET"]}}],"collection":[{"href":"https:\/\/yfconnectivity.com\/pt-br\/wp-json\/wp\/v2\/product"}],"about":[{"href":"https:\/\/yfconnectivity.com\/pt-br\/wp-json\/wp\/v2\/types\/product"}],"wp:featuredmedia":[{"embeddable":true,"href":"https:\/\/yfconnectivity.com\/pt-br\/wp-json\/wp\/v2\/media\/3648"}],"wp:attachment":[{"href":"https:\/\/yfconnectivity.com\/pt-br\/wp-json\/wp\/v2\/media?parent=3646"}],"wp:term":[{"taxonomy":"product_brand","embeddable":true,"href":"https:\/\/yfconnectivity.com\/pt-br\/wp-json\/wp\/v2\/product_brand?post=3646"},{"taxonomy":"product_cat","embeddable":true,"href":"https:\/\/yfconnectivity.com\/pt-br\/wp-json\/wp\/v2\/product_cat?post=3646"},{"taxonomy":"product_tag","embeddable":true,"href":"https:\/\/yfconnectivity.com\/pt-br\/wp-json\/wp\/v2\/product_tag?post=3646"}],"curies":[{"name":"wp","href":"https:\/\/api.w.org\/{rel}","templated":true}]}}