{"id":2969,"date":"2025-06-25T10:01:50","date_gmt":"2025-06-25T09:01:50","guid":{"rendered":"https:\/\/yfconnectivity.com\/?post_type=product&#038;p=2969"},"modified":"2025-07-11T13:35:13","modified_gmt":"2025-07-11T12:35:13","slug":"conector-sc-upc-20mm-3mm","status":"publish","type":"product","link":"https:\/\/yfconnectivity.com\/pt-br\/product\/sc-upc-20mm-3mm-connector\/","title":{"rendered":"Conector SC\/UPC 2,0 mm\/3,0 mm"},"content":{"rendered":"<p>O conector SC\/UPC de 2,0 mm\/3,0 mm foi projetado para termina\u00e7\u00f5es de fibra monomodo r\u00e1pidas, confi\u00e1veis e de baixa perda. Com desempenho est\u00e1vel e constru\u00e7\u00e3o dur\u00e1vel, \u00e9 ideal para uso em redes FTTX, data centers, salas de telecomunica\u00e7\u00f5es e outros ambientes de cabeamento de fibra de alta densidade. Seu design compacto garante f\u00e1cil instala\u00e7\u00e3o e desempenho \u00f3ptico consistente.<\/p>\n<p>Pe\u00e7as do conector: Tampa contra poeira, inv\u00f3lucro externo verde, estrutura interna, conjunto do ferrolho, mola, buj\u00e3o, conjuntos de crimpagem, anel, bota verde<\/p>","protected":false},"excerpt":{"rendered":"<p>The SC\/UPC 2.0mm\/3.0mm Connector is designed for fast, reliable, and low-loss single-mode fiber terminations. With stable performance and durable construction, [&hellip;]<\/p>\n","protected":false},"featured_media":2970,"template":"","meta":{"_acf_changed":false,"site-sidebar-layout":"default","site-content-layout":"","ast-site-content-layout":"default","site-content-style":"default","site-sidebar-style":"default","ast-global-header-display":"","ast-banner-title-visibility":"","ast-main-header-display":"","ast-hfb-above-header-display":"","ast-hfb-below-header-display":"","ast-hfb-mobile-header-display":"","site-post-title":"","ast-breadcrumbs-content":"","ast-featured-img":"","footer-sml-layout":"","ast-disable-related-posts":"","theme-transparent-header-meta":"default","adv-header-id-meta":"","stick-header-meta":"","header-above-stick-meta":"","header-main-stick-meta":"","header-below-stick-meta":"","astra-migrate-meta-layouts":"set","ast-page-background-enabled":"default","ast-page-background-meta":{"desktop":{"background-color":"var(--ast-global-color-5)","background-image":"","background-repeat":"repeat","background-position":"center center","background-size":"auto","background-attachment":"scroll","background-type":"","background-media":"","overlay-type":"","overlay-color":"","overlay-opacity":"","overlay-gradient":""},"tablet":{"background-color":"","background-image":"","background-repeat":"repeat","background-position":"center center","background-size":"auto","background-attachment":"scroll","background-type":"","background-media":"","overlay-type":"","overlay-color":"","overlay-opacity":"","overlay-gradient":""},"mobile":{"background-color":"","background-image":"","background-repeat":"repeat","background-position":"center center","background-size":"auto","background-attachment":"scroll","background-type":"","background-media":"","overlay-type":"","overlay-color":"","overlay-opacity":"","overlay-gradient":""}},"ast-content-background-meta":{"desktop":{"background-color":"var(--ast-global-color-4)","background-image":"","background-repeat":"repeat","background-position":"center center","background-size":"auto","background-attachment":"scroll","background-type":"","background-media":"","overlay-type":"","overlay-color":"","overlay-opacity":"","overlay-gradient":""},"tablet":{"background-color":"var(--ast-global-color-4)","background-image":"","background-repeat":"repeat","background-position":"center center","background-size":"auto","background-attachment":"scroll","background-type":"","background-media":"","overlay-type":"","overlay-color":"","overlay-opacity":"","overlay-gradient":""},"mobile":{"background-color":"var(--ast-global-color-4)","background-image":"","background-repeat":"repeat","background-position":"center center","background-size":"auto","background-attachment":"scroll","background-type":"","background-media":"","overlay-type":"","overlay-color":"","overlay-opacity":"","overlay-gradient":""}}},"product_brand":[],"product_cat":[48],"product_tag":[],"class_list":{"0":"post-2969","1":"product","2":"type-product","3":"status-publish","4":"has-post-thumbnail","6":"product_cat-sc-fiber-optic-coneectors","7":"desktop-align-left","8":"tablet-align-left","9":"mobile-align-left","11":"first","12":"instock","13":"shipping-taxable","14":"product-type-simple"},"acf":[],"_links":{"self":[{"href":"https:\/\/yfconnectivity.com\/pt-br\/wp-json\/wp\/v2\/product\/2969","targetHints":{"allow":["GET"]}}],"collection":[{"href":"https:\/\/yfconnectivity.com\/pt-br\/wp-json\/wp\/v2\/product"}],"about":[{"href":"https:\/\/yfconnectivity.com\/pt-br\/wp-json\/wp\/v2\/types\/product"}],"wp:featuredmedia":[{"embeddable":true,"href":"https:\/\/yfconnectivity.com\/pt-br\/wp-json\/wp\/v2\/media\/2970"}],"wp:attachment":[{"href":"https:\/\/yfconnectivity.com\/pt-br\/wp-json\/wp\/v2\/media?parent=2969"}],"wp:term":[{"taxonomy":"product_brand","embeddable":true,"href":"https:\/\/yfconnectivity.com\/pt-br\/wp-json\/wp\/v2\/product_brand?post=2969"},{"taxonomy":"product_cat","embeddable":true,"href":"https:\/\/yfconnectivity.com\/pt-br\/wp-json\/wp\/v2\/product_cat?post=2969"},{"taxonomy":"product_tag","embeddable":true,"href":"https:\/\/yfconnectivity.com\/pt-br\/wp-json\/wp\/v2\/product_tag?post=2969"}],"curies":[{"name":"wp","href":"https:\/\/api.w.org\/{rel}","templated":true}]}}