{"id":2504,"date":"2025-05-21T08:20:52","date_gmt":"2025-05-21T07:20:52","guid":{"rendered":"https:\/\/yfconnectivity.com\/?post_type=product&#038;p=2504"},"modified":"2025-05-21T08:20:52","modified_gmt":"2025-05-21T07:20:52","slug":"quadro-de-distribuicao-optica-odf-1u-a","status":"publish","type":"product","link":"https:\/\/yfconnectivity.com\/pt-br\/product\/optical-distribution-frame-odf-1u-a\/","title":{"rendered":"Quadro de distribui\u00e7\u00e3o \u00f3ptica (ODF) 1U-A"},"content":{"rendered":"<p class=\"\" data-start=\"148\" data-end=\"245\"><strong data-start=\"148\" data-end=\"245\">Quadro de distribui\u00e7\u00e3o \u00f3ptica para montagem em rack 1U - ODF de 24 portas com compatibilidade de adaptador SC\/LC\/FC\/ST<\/strong><\/p>\n<p class=\"\" data-start=\"247\" data-end=\"533\">O ODF (Optical Distribution Frame, quadro de distribui\u00e7\u00e3o \u00f3ptica) 1U-A \u00e9 uma unidade de gerenciamento de fibra montada em rack, projetada para organiza\u00e7\u00e3o de cabos de alta densidade, segura e eficiente em redes de fibra \u00f3ptica. Ele integra emenda de fibra, termina\u00e7\u00e3o, patching e roteamento de cabos em um \u00fanico compartimento robusto de a\u00e7o SPCC.<\/p>\n<p class=\"\" data-start=\"535\" data-end=\"882\">Esse ODF suporta at\u00e9 24 adaptadores SC (tamb\u00e9m compat\u00edvel com conectores LC, FC e ST) e conecta at\u00e9 4 cabos de fibra \u00f3ptica, o que o torna ideal para salas de telecomunica\u00e7\u00f5es, data centers e pontos de acesso \u00e0 rede. Seu design de 1U economiza espa\u00e7o valioso no rack, enquanto o disco de solda interno e o layout f\u00e1cil de usar aumentam a efici\u00eancia da instala\u00e7\u00e3o e da manuten\u00e7\u00e3o.<\/p>\n<p class=\"\" data-start=\"884\" data-end=\"1075\">Com seu acabamento resistente \u00e0 corros\u00e3o, estrutura s\u00f3lida e apar\u00eancia elegante em preto, o ODF 1U-A oferece confiabilidade de longo prazo e prote\u00e7\u00e3o profissional de cabos em ambientes de miss\u00e3o cr\u00edtica.<\/p>","protected":false},"excerpt":{"rendered":"<p>1U Rack-Mount Optical Distribution Frame \u2013 24 Port ODF with SC\/LC\/FC\/ST Adapter Compatibility The 1U-A Optical Distribution Frame (ODF) is [&hellip;]<\/p>\n","protected":false},"featured_media":2505,"template":"","meta":{"_acf_changed":false,"site-sidebar-layout":"default","site-content-layout":"","ast-site-content-layout":"default","site-content-style":"default","site-sidebar-style":"default","ast-global-header-display":"","ast-banner-title-visibility":"","ast-main-header-display":"","ast-hfb-above-header-display":"","ast-hfb-below-header-display":"","ast-hfb-mobile-header-display":"","site-post-title":"","ast-breadcrumbs-content":"","ast-featured-img":"","footer-sml-layout":"","ast-disable-related-posts":"","theme-transparent-header-meta":"default","adv-header-id-meta":"","stick-header-meta":"","header-above-stick-meta":"","header-main-stick-meta":"","header-below-stick-meta":"","astra-migrate-meta-layouts":"set","ast-page-background-enabled":"default","ast-page-background-meta":{"desktop":{"background-color":"var(--ast-global-color-5)","background-image":"","background-repeat":"repeat","background-position":"center center","background-size":"auto","background-attachment":"scroll","background-type":"","background-media":"","overlay-type":"","overlay-color":"","overlay-opacity":"","overlay-gradient":""},"tablet":{"background-color":"","background-image":"","background-repeat":"repeat","background-position":"center center","background-size":"auto","background-attachment":"scroll","background-type":"","background-media":"","overlay-type":"","overlay-color":"","overlay-opacity":"","overlay-gradient":""},"mobile":{"background-color":"","background-image":"","background-repeat":"repeat","background-position":"center center","background-size":"auto","background-attachment":"scroll","background-type":"","background-media":"","overlay-type":"","overlay-color":"","overlay-opacity":"","overlay-gradient":""}},"ast-content-background-meta":{"desktop":{"background-color":"var(--ast-global-color-4)","background-image":"","background-repeat":"repeat","background-position":"center center","background-size":"auto","background-attachment":"scroll","background-type":"","background-media":"","overlay-type":"","overlay-color":"","overlay-opacity":"","overlay-gradient":""},"tablet":{"background-color":"var(--ast-global-color-4)","background-image":"","background-repeat":"repeat","background-position":"center center","background-size":"auto","background-attachment":"scroll","background-type":"","background-media":"","overlay-type":"","overlay-color":"","overlay-opacity":"","overlay-gradient":""},"mobile":{"background-color":"var(--ast-global-color-4)","background-image":"","background-repeat":"repeat","background-position":"center center","background-size":"auto","background-attachment":"scroll","background-type":"","background-media":"","overlay-type":"","overlay-color":"","overlay-opacity":"","overlay-gradient":""}}},"product_brand":[],"product_cat":[41],"product_tag":[],"class_list":{"0":"post-2504","1":"product","2":"type-product","3":"status-publish","4":"has-post-thumbnail","6":"product_cat-optical-distribution-frame","7":"desktop-align-left","8":"tablet-align-left","9":"mobile-align-left","11":"first","12":"instock","13":"shipping-taxable","14":"product-type-simple"},"acf":[],"_links":{"self":[{"href":"https:\/\/yfconnectivity.com\/pt-br\/wp-json\/wp\/v2\/product\/2504","targetHints":{"allow":["GET"]}}],"collection":[{"href":"https:\/\/yfconnectivity.com\/pt-br\/wp-json\/wp\/v2\/product"}],"about":[{"href":"https:\/\/yfconnectivity.com\/pt-br\/wp-json\/wp\/v2\/types\/product"}],"wp:featuredmedia":[{"embeddable":true,"href":"https:\/\/yfconnectivity.com\/pt-br\/wp-json\/wp\/v2\/media\/2505"}],"wp:attachment":[{"href":"https:\/\/yfconnectivity.com\/pt-br\/wp-json\/wp\/v2\/media?parent=2504"}],"wp:term":[{"taxonomy":"product_brand","embeddable":true,"href":"https:\/\/yfconnectivity.com\/pt-br\/wp-json\/wp\/v2\/product_brand?post=2504"},{"taxonomy":"product_cat","embeddable":true,"href":"https:\/\/yfconnectivity.com\/pt-br\/wp-json\/wp\/v2\/product_cat?post=2504"},{"taxonomy":"product_tag","embeddable":true,"href":"https:\/\/yfconnectivity.com\/pt-br\/wp-json\/wp\/v2\/product_tag?post=2504"}],"curies":[{"name":"wp","href":"https:\/\/api.w.org\/{rel}","templated":true}]}}