{"id":2471,"date":"2025-05-20T12:26:33","date_gmt":"2025-05-20T11:26:33","guid":{"rendered":"https:\/\/yfconnectivity.com\/?post_type=product&#038;p=2471"},"modified":"2025-08-01T10:09:20","modified_gmt":"2025-08-01T09:09:20","slug":"caixa-de-saida-de-fibra-tipo-b-de-2-portas","status":"publish","type":"product","link":"https:\/\/yfconnectivity.com\/pt-br\/product\/2-port-type-b-fiber-outlet-box\/","title":{"rendered":"Caixa de sa\u00edda de distribui\u00e7\u00e3o de fibra \u00f3ptica tipo B de 2 portas"},"content":{"rendered":"<p>Essa caixa de sa\u00edda de fibra \u00f3ptica de 2 portas tipo B foi projetada para ambientes espec\u00edficos, por exemplo, uso interno de alta densidade\/implanta\u00e7\u00e3o de FTTH\/cen\u00e1rios de montagem na parede. Em compara\u00e7\u00e3o com outros modelos, ela apresenta um inv\u00f3lucro compacto. Fabricada em ABS de alta qualidade, ela garante um desempenho confi\u00e1vel para fibras monomodo e multimodo.<\/p>\n<ul>\n<li>A caixa de termina\u00e7\u00e3o de sa\u00edda de parede: fixa\u00e7\u00e3o de cabo \u00f3ptico externo, fixa\u00e7\u00e3o de cabo \u00f3ptico de linha de couro, fixa\u00e7\u00e3o de adaptador. A for\u00e7a de tra\u00e7\u00e3o \u00e9 superior a 50N, \u00e9 fixa e confi\u00e1vel.<\/li>\n<li>Design ultracompacto: Tamanho otimizado (apenas 24 mm de espessura) para uso em desktop\/montagem em parede.<\/li>\n<li>Forte desempenho mec\u00e2nico: Suporta o raio de curvatura adequado da fibra e oferece prote\u00e7\u00e3o eficaz para as fibras que entram e saem.<\/li>\n<li>Compatibilidade do adaptador: Suporta 2 adaptadores SC Simplex APC\/UPC ou 2 adaptadores LC Duplex APC\/UPC.<\/li>\n<li>Compatibilidade com conectores frios: Suporta a conex\u00e3o direta de conectores frios, fibras de cauda ou cabos drop sem emendas adicionais.<\/li>\n<li>Prote\u00e7\u00e3o contra poeira: Equipado com uma tampa deslizante \u00e0 prova de poeira para melhor limpeza.<\/li>\n<li>Design de f\u00e1cil encaixe: equipado com um sistema de trava de encaixe que oferece fechamento seguro e desmontagem conveniente e sem ferramentas.<\/li>\n<li>Montagem flex\u00edvel do adaptador: Posi\u00e7\u00e3o interna para melhor prote\u00e7\u00e3o ou externa para f\u00e1cil acesso.<\/li>\n<\/ul>","protected":false},"excerpt":{"rendered":"<p>This 2 Port Type-B fiber optic outlet box is designed for specific environment, e.g., high-density indoor use \/ FTTH deployment [&hellip;]<\/p>\n","protected":false},"featured_media":4352,"template":"","meta":{"_acf_changed":false,"site-sidebar-layout":"default","site-content-layout":"","ast-site-content-layout":"default","site-content-style":"default","site-sidebar-style":"default","ast-global-header-display":"","ast-banner-title-visibility":"","ast-main-header-display":"","ast-hfb-above-header-display":"","ast-hfb-below-header-display":"","ast-hfb-mobile-header-display":"","site-post-title":"","ast-breadcrumbs-content":"","ast-featured-img":"","footer-sml-layout":"","ast-disable-related-posts":"","theme-transparent-header-meta":"default","adv-header-id-meta":"","stick-header-meta":"","header-above-stick-meta":"","header-main-stick-meta":"","header-below-stick-meta":"","astra-migrate-meta-layouts":"set","ast-page-background-enabled":"default","ast-page-background-meta":{"desktop":{"background-color":"var(--ast-global-color-5)","background-image":"","background-repeat":"repeat","background-position":"center center","background-size":"auto","background-attachment":"scroll","background-type":"","background-media":"","overlay-type":"","overlay-color":"","overlay-opacity":"","overlay-gradient":""},"tablet":{"background-color":"","background-image":"","background-repeat":"repeat","background-position":"center center","background-size":"auto","background-attachment":"scroll","background-type":"","background-media":"","overlay-type":"","overlay-color":"","overlay-opacity":"","overlay-gradient":""},"mobile":{"background-color":"","background-image":"","background-repeat":"repeat","background-position":"center center","background-size":"auto","background-attachment":"scroll","background-type":"","background-media":"","overlay-type":"","overlay-color":"","overlay-opacity":"","overlay-gradient":""}},"ast-content-background-meta":{"desktop":{"background-color":"var(--ast-global-color-4)","background-image":"","background-repeat":"repeat","background-position":"center center","background-size":"auto","background-attachment":"scroll","background-type":"","background-media":"","overlay-type":"","overlay-color":"","overlay-opacity":"","overlay-gradient":""},"tablet":{"background-color":"var(--ast-global-color-4)","background-image":"","background-repeat":"repeat","background-position":"center center","background-size":"auto","background-attachment":"scroll","background-type":"","background-media":"","overlay-type":"","overlay-color":"","overlay-opacity":"","overlay-gradient":""},"mobile":{"background-color":"var(--ast-global-color-4)","background-image":"","background-repeat":"repeat","background-position":"center center","background-size":"auto","background-attachment":"scroll","background-type":"","background-media":"","overlay-type":"","overlay-color":"","overlay-opacity":"","overlay-gradient":""}}},"product_brand":[],"product_cat":[37],"product_tag":[],"class_list":{"0":"post-2471","1":"product","2":"type-product","3":"status-publish","4":"has-post-thumbnail","6":"product_cat-fiber-optic-outlet-box","7":"desktop-align-left","8":"tablet-align-left","9":"mobile-align-left","11":"first","12":"instock","13":"shipping-taxable","14":"product-type-simple"},"acf":[],"_links":{"self":[{"href":"https:\/\/yfconnectivity.com\/pt-br\/wp-json\/wp\/v2\/product\/2471","targetHints":{"allow":["GET"]}}],"collection":[{"href":"https:\/\/yfconnectivity.com\/pt-br\/wp-json\/wp\/v2\/product"}],"about":[{"href":"https:\/\/yfconnectivity.com\/pt-br\/wp-json\/wp\/v2\/types\/product"}],"wp:featuredmedia":[{"embeddable":true,"href":"https:\/\/yfconnectivity.com\/pt-br\/wp-json\/wp\/v2\/media\/4352"}],"wp:attachment":[{"href":"https:\/\/yfconnectivity.com\/pt-br\/wp-json\/wp\/v2\/media?parent=2471"}],"wp:term":[{"taxonomy":"product_brand","embeddable":true,"href":"https:\/\/yfconnectivity.com\/pt-br\/wp-json\/wp\/v2\/product_brand?post=2471"},{"taxonomy":"product_cat","embeddable":true,"href":"https:\/\/yfconnectivity.com\/pt-br\/wp-json\/wp\/v2\/product_cat?post=2471"},{"taxonomy":"product_tag","embeddable":true,"href":"https:\/\/yfconnectivity.com\/pt-br\/wp-json\/wp\/v2\/product_tag?post=2471"}],"curies":[{"name":"wp","href":"https:\/\/api.w.org\/{rel}","templated":true}]}}