{"id":6957,"date":"2026-01-14T10:28:35","date_gmt":"2026-01-14T09:28:35","guid":{"rendered":"https:\/\/yfconnectivity.com\/?post_type=product&#038;p=6957"},"modified":"2026-01-14T10:33:10","modified_gmt":"2026-01-14T09:33:10","slug":"boitier-de-distribution-compact-16-ports-pour-fibre-optique-b01","status":"publish","type":"product","link":"https:\/\/yfconnectivity.com\/fr\/product\/16-port-compact-fiber-optic-distribution-box-b01\/","title":{"rendered":"Bo\u00eete de distribution compacte \u00e0 16 ports pour fibres optiques B01"},"content":{"rendered":"<p data-start=\"250\" data-end=\"559\">Ce bo\u00eetier de distribution compact \u00e0 16 ports pour fibres optiques en ext\u00e9rieur est con\u00e7u pour les sc\u00e9narios de d\u00e9ploiement FTTx \u00e0 espace limit\u00e9. Par rapport aux mod\u00e8les standard \u00e0 16 ports, il pr\u00e9sente un encombrement plus faible et une disposition interne plus compacte, tout en assurant une terminaison de fibre \u00e0 haute densit\u00e9 et des performances ext\u00e9rieures fiables.<\/p>\n<ul>\n<li data-start=\"563\" data-end=\"741\"><strong data-start=\"563\" data-end=\"594\">Configuration 4 entr\u00e9es \/ 16 sorties<\/strong>: Prend en charge jusqu'\u00e0 4 c\u00e2bles optiques entrants et la distribution jusqu'\u00e0 16 ports de sortie, ce qui convient \u00e0 l'acheminement flexible des c\u00e2bles d'alimentation dans les r\u00e9seaux d'acc\u00e8s FTTx.<\/li>\n<li data-start=\"563\" data-end=\"741\"><strong data-start=\"744\" data-end=\"775\">Conception compacte \u00e0 haute densit\u00e9<\/strong>: Taille optimis\u00e9e du bo\u00eetier avec un agencement interne plus serr\u00e9, id\u00e9al pour les installations o\u00f9 l'espace est limit\u00e9.<\/li>\n<li data-start=\"563\" data-end=\"741\"><strong data-start=\"886\" data-end=\"927\">Structure de s\u00e9paration des \u00e9pissures et des patchs<\/strong>: Le routage ind\u00e9pendant pour l'\u00e9pissage des fibres et les cordons de raccordement facilite l'extension de la capacit\u00e9 et simplifie la maintenance.<\/li>\n<li data-start=\"563\" data-end=\"741\"><strong data-start=\"1050\" data-end=\"1078\">Compatibilit\u00e9 des adaptateurs SC<\/strong>: Permet d'installer jusqu'\u00e0 16 adaptateurs SC pour des connexions fibre standardis\u00e9es.<\/li>\n<li data-start=\"563\" data-end=\"741\"><strong data-start=\"1166\" data-end=\"1191\">Support Mini Splitter<\/strong>: Compatible avec les s\u00e9parateurs optiques de type mini, optimis\u00e9 pour un espace interne compact.<\/li>\n<li data-start=\"563\" data-end=\"741\"><strong data-start=\"1280\" data-end=\"1311\">Structure de rotation interne<\/strong>: La conception interne \u00e0 bascule permet un acc\u00e8s rapide aux composants internes lors de l'installation et de l'entretien.<\/li>\n<li data-start=\"563\" data-end=\"741\"><strong data-start=\"1422\" data-end=\"1451\">Bo\u00eetier en plastique durable<\/strong>: Fabriqu\u00e9 en plastique de haute qualit\u00e9 \u00e0 l'aspect \u00e9pur\u00e9, con\u00e7u pour une utilisation ext\u00e9rieure de longue dur\u00e9e.<strong data-start=\"1549\" data-end=\"1578\">Multiples sorties de c\u00e2bles de descente<\/strong>: Prend en charge jusqu'\u00e0 16 sorties de c\u00e2bles pour un acheminement organis\u00e9 des fibres.<\/li>\n<li data-start=\"1648\" data-end=\"1762\"><strong data-start=\"1650\" data-end=\"1678\">Niveau de protection ext\u00e9rieure<\/strong>: Le bo\u00eetier IP55 offre une protection fiable contre la poussi\u00e8re et les \u00e9claboussures d'eau.<\/li>\n<\/ul>","protected":false},"excerpt":{"rendered":"<p>This compact 16-port outdoor fiber optic distribution box is designed for space-limited FTTx deployment scenarios. Compared with standard 16-port models, [&hellip;]<\/p>\n","protected":false},"featured_media":6962,"template":"","meta":{"_acf_changed":false,"site-sidebar-layout":"default","site-content-layout":"","ast-site-content-layout":"default","site-content-style":"default","site-sidebar-style":"default","ast-global-header-display":"","ast-banner-title-visibility":"","ast-main-header-display":"","ast-hfb-above-header-display":"","ast-hfb-below-header-display":"","ast-hfb-mobile-header-display":"","site-post-title":"","ast-breadcrumbs-content":"","ast-featured-img":"","footer-sml-layout":"","ast-disable-related-posts":"","theme-transparent-header-meta":"default","adv-header-id-meta":"","stick-header-meta":"","header-above-stick-meta":"","header-main-stick-meta":"","header-below-stick-meta":"","astra-migrate-meta-layouts":"set","ast-page-background-enabled":"default","ast-page-background-meta":{"desktop":{"background-color":"var(--ast-global-color-5)","background-image":"","background-repeat":"repeat","background-position":"center center","background-size":"auto","background-attachment":"scroll","background-type":"","background-media":"","overlay-type":"","overlay-color":"","overlay-opacity":"","overlay-gradient":""},"tablet":{"background-color":"","background-image":"","background-repeat":"repeat","background-position":"center center","background-size":"auto","background-attachment":"scroll","background-type":"","background-media":"","overlay-type":"","overlay-color":"","overlay-opacity":"","overlay-gradient":""},"mobile":{"background-color":"","background-image":"","background-repeat":"repeat","background-position":"center center","background-size":"auto","background-attachment":"scroll","background-type":"","background-media":"","overlay-type":"","overlay-color":"","overlay-opacity":"","overlay-gradient":""}},"ast-content-background-meta":{"desktop":{"background-color":"var(--ast-global-color-4)","background-image":"","background-repeat":"repeat","background-position":"center center","background-size":"auto","background-attachment":"scroll","background-type":"","background-media":"","overlay-type":"","overlay-color":"","overlay-opacity":"","overlay-gradient":""},"tablet":{"background-color":"var(--ast-global-color-4)","background-image":"","background-repeat":"repeat","background-position":"center center","background-size":"auto","background-attachment":"scroll","background-type":"","background-media":"","overlay-type":"","overlay-color":"","overlay-opacity":"","overlay-gradient":""},"mobile":{"background-color":"var(--ast-global-color-4)","background-image":"","background-repeat":"repeat","background-position":"center center","background-size":"auto","background-attachment":"scroll","background-type":"","background-media":"","overlay-type":"","overlay-color":"","overlay-opacity":"","overlay-gradient":""}}},"product_brand":[],"product_cat":[39],"product_tag":[],"class_list":{"0":"post-6957","1":"product","2":"type-product","3":"status-publish","4":"has-post-thumbnail","6":"product_cat-fiber-optic-distribution-box","7":"desktop-align-left","8":"tablet-align-left","9":"mobile-align-left","11":"first","12":"instock","13":"shipping-taxable","14":"product-type-simple"},"acf":[],"_links":{"self":[{"href":"https:\/\/yfconnectivity.com\/fr\/wp-json\/wp\/v2\/product\/6957","targetHints":{"allow":["GET"]}}],"collection":[{"href":"https:\/\/yfconnectivity.com\/fr\/wp-json\/wp\/v2\/product"}],"about":[{"href":"https:\/\/yfconnectivity.com\/fr\/wp-json\/wp\/v2\/types\/product"}],"wp:featuredmedia":[{"embeddable":true,"href":"https:\/\/yfconnectivity.com\/fr\/wp-json\/wp\/v2\/media\/6962"}],"wp:attachment":[{"href":"https:\/\/yfconnectivity.com\/fr\/wp-json\/wp\/v2\/media?parent=6957"}],"wp:term":[{"taxonomy":"product_brand","embeddable":true,"href":"https:\/\/yfconnectivity.com\/fr\/wp-json\/wp\/v2\/product_brand?post=6957"},{"taxonomy":"product_cat","embeddable":true,"href":"https:\/\/yfconnectivity.com\/fr\/wp-json\/wp\/v2\/product_cat?post=6957"},{"taxonomy":"product_tag","embeddable":true,"href":"https:\/\/yfconnectivity.com\/fr\/wp-json\/wp\/v2\/product_tag?post=6957"}],"curies":[{"name":"wp","href":"https:\/\/api.w.org\/{rel}","templated":true}]}}