{"id":6898,"date":"2026-01-07T09:39:17","date_gmt":"2026-01-07T08:39:17","guid":{"rendered":"https:\/\/yfconnectivity.com\/?post_type=product&#038;p=6898"},"modified":"2026-01-07T10:31:31","modified_gmt":"2026-01-07T09:31:31","slug":"fat-8x-fiber-termination-box-with-micro-plc-splitter","status":"publish","type":"product","link":"https:\/\/yfconnectivity.com\/fr\/product\/fat-8x-fiber-termination-box-with-micro-plc-splitter\/","title":{"rendered":"FAT-8X Bo\u00eete de terminaison de fibre avec s\u00e9parateur Micro PLC"},"content":{"rendered":"<p data-start=\"231\" data-end=\"577\">Le bo\u00eetier de terminaison de fibre FAT-8X est con\u00e7u comme un point de terminaison et de distribution entre les c\u00e2bles d'alimentation et les c\u00e2bles de descente dans les r\u00e9seaux de communication FTTx. Il int\u00e8gre l'\u00e9pissage, la s\u00e9paration et la distribution des fibres dans un seul bo\u00eetier, tout en offrant une protection fiable et une gestion organis\u00e9e des fibres pour les d\u00e9ploiements de r\u00e9seaux \u00e0 l'int\u00e9rieur et \u00e0 l'ext\u00e9rieur.<\/p>\n<ul>\n<li data-start=\"581\" data-end=\"728\"><strong data-start=\"581\" data-end=\"615\">Installation de fibres sans coupure<\/strong>: Les fibres optiques peuvent \u00eatre install\u00e9es sans \u00eatre coup\u00e9es, ce qui r\u00e9duit le temps d'installation et minimise les risques de perte de signal.<\/li>\n<li data-start=\"581\" data-end=\"728\"><strong data-start=\"731\" data-end=\"762\">Gestion de la fibre tout-en-un<\/strong>: Permet le serrage du c\u00e2ble d'alimentation, l'entr\u00e9e du c\u00e2ble de descente, l'\u00e9pissage des fibres, la fixation, le stockage et la distribution dans un seul bo\u00eetier.<\/li>\n<li data-start=\"581\" data-end=\"728\"><strong data-start=\"891\" data-end=\"927\">Conception ind\u00e9pendante de l'acheminement des c\u00e2bles<\/strong>: Les c\u00e2bles d'alimentation, les pigtails et les cordons de raccordement empruntent des chemins distincts pour \u00e9viter les interf\u00e9rences et assurer une gestion ordonn\u00e9e des fibres.<\/li>\n<li data-start=\"581\" data-end=\"728\"><strong data-start=\"1057\" data-end=\"1093\">Compatibilit\u00e9 du s\u00e9parateur Micro PLC<\/strong>: Supporte l'installation d'un r\u00e9partiteur Micro PLC 1\u00d78 ou d'un r\u00e9partiteur Micro PLC 1\u00d79 (spectres in\u00e9gaux), adapt\u00e9 aux conceptions flexibles des r\u00e9seaux FTTx.<\/li>\n<li data-start=\"581\" data-end=\"728\"><strong data-start=\"1237\" data-end=\"1267\">Panneau de distribution rabattable<\/strong>: Le panneau de distribution interne peut \u00eatre relev\u00e9, ce qui permet d'acc\u00e9der facilement aux c\u00e2bles d'alimentation par le port d'expression pour une installation et une maintenance rapides.<\/li>\n<li data-start=\"581\" data-end=\"728\"><strong data-start=\"1429\" data-end=\"1458\">Options de montage flexibles<\/strong>: Peut \u00eatre mont\u00e9 sur un mur ou sur un poteau, convient aux applications int\u00e9rieures et ext\u00e9rieures.<\/li>\n<li data-start=\"581\" data-end=\"728\"><strong data-start=\"1552\" data-end=\"1581\">Niveau de protection fiable<\/strong>: Le bo\u00eetier IP55 assure une protection contre la poussi\u00e8re et les \u00e9claboussures d'eau, garantissant des performances stables dans divers environnements.<\/li>\n<\/ul>","protected":false},"excerpt":{"rendered":"<p>The FAT-8X fiber termination box is designed as a termination and distribution point between feeder cables and drop cables in [&hellip;]<\/p>\n","protected":false},"featured_media":6903,"template":"","meta":{"_acf_changed":false,"site-sidebar-layout":"default","site-content-layout":"","ast-site-content-layout":"default","site-content-style":"default","site-sidebar-style":"default","ast-global-header-display":"","ast-banner-title-visibility":"","ast-main-header-display":"","ast-hfb-above-header-display":"","ast-hfb-below-header-display":"","ast-hfb-mobile-header-display":"","site-post-title":"","ast-breadcrumbs-content":"","ast-featured-img":"","footer-sml-layout":"","ast-disable-related-posts":"","theme-transparent-header-meta":"default","adv-header-id-meta":"","stick-header-meta":"","header-above-stick-meta":"","header-main-stick-meta":"","header-below-stick-meta":"","astra-migrate-meta-layouts":"set","ast-page-background-enabled":"default","ast-page-background-meta":{"desktop":{"background-color":"var(--ast-global-color-5)","background-image":"","background-repeat":"repeat","background-position":"center center","background-size":"auto","background-attachment":"scroll","background-type":"","background-media":"","overlay-type":"","overlay-color":"","overlay-opacity":"","overlay-gradient":""},"tablet":{"background-color":"","background-image":"","background-repeat":"repeat","background-position":"center center","background-size":"auto","background-attachment":"scroll","background-type":"","background-media":"","overlay-type":"","overlay-color":"","overlay-opacity":"","overlay-gradient":""},"mobile":{"background-color":"","background-image":"","background-repeat":"repeat","background-position":"center center","background-size":"auto","background-attachment":"scroll","background-type":"","background-media":"","overlay-type":"","overlay-color":"","overlay-opacity":"","overlay-gradient":""}},"ast-content-background-meta":{"desktop":{"background-color":"var(--ast-global-color-4)","background-image":"","background-repeat":"repeat","background-position":"center center","background-size":"auto","background-attachment":"scroll","background-type":"","background-media":"","overlay-type":"","overlay-color":"","overlay-opacity":"","overlay-gradient":""},"tablet":{"background-color":"var(--ast-global-color-4)","background-image":"","background-repeat":"repeat","background-position":"center center","background-size":"auto","background-attachment":"scroll","background-type":"","background-media":"","overlay-type":"","overlay-color":"","overlay-opacity":"","overlay-gradient":""},"mobile":{"background-color":"var(--ast-global-color-4)","background-image":"","background-repeat":"repeat","background-position":"center center","background-size":"auto","background-attachment":"scroll","background-type":"","background-media":"","overlay-type":"","overlay-color":"","overlay-opacity":"","overlay-gradient":""}}},"product_brand":[],"product_cat":[39],"product_tag":[],"class_list":{"0":"post-6898","1":"product","2":"type-product","3":"status-publish","4":"has-post-thumbnail","6":"product_cat-fiber-optic-distribution-box","7":"desktop-align-left","8":"tablet-align-left","9":"mobile-align-left","11":"first","12":"instock","13":"shipping-taxable","14":"product-type-simple"},"acf":[],"_links":{"self":[{"href":"https:\/\/yfconnectivity.com\/fr\/wp-json\/wp\/v2\/product\/6898","targetHints":{"allow":["GET"]}}],"collection":[{"href":"https:\/\/yfconnectivity.com\/fr\/wp-json\/wp\/v2\/product"}],"about":[{"href":"https:\/\/yfconnectivity.com\/fr\/wp-json\/wp\/v2\/types\/product"}],"wp:featuredmedia":[{"embeddable":true,"href":"https:\/\/yfconnectivity.com\/fr\/wp-json\/wp\/v2\/media\/6903"}],"wp:attachment":[{"href":"https:\/\/yfconnectivity.com\/fr\/wp-json\/wp\/v2\/media?parent=6898"}],"wp:term":[{"taxonomy":"product_brand","embeddable":true,"href":"https:\/\/yfconnectivity.com\/fr\/wp-json\/wp\/v2\/product_brand?post=6898"},{"taxonomy":"product_cat","embeddable":true,"href":"https:\/\/yfconnectivity.com\/fr\/wp-json\/wp\/v2\/product_cat?post=6898"},{"taxonomy":"product_tag","embeddable":true,"href":"https:\/\/yfconnectivity.com\/fr\/wp-json\/wp\/v2\/product_tag?post=6898"}],"curies":[{"name":"wp","href":"https:\/\/api.w.org\/{rel}","templated":true}]}}