{"id":6317,"date":"2025-11-11T10:48:22","date_gmt":"2025-11-11T09:48:22","guid":{"rendered":"https:\/\/yfconnectivity.com\/?post_type=product&#038;p=6317"},"modified":"2026-01-22T07:10:47","modified_gmt":"2026-01-22T06:10:47","slug":"connecteur-de-champ-rapide-pour-fibre-optique-sc-apc","status":"publish","type":"product","link":"https:\/\/yfconnectivity.com\/fr\/product\/fiber-optic-fast-field-connector-sc-apc\/","title":{"rendered":"Connecteur de champ rapide pour fibre optique SC APC"},"content":{"rendered":"<p data-start=\"172\" data-end=\"484\">Le connecteur rapide pour fibre optique SC\/APC est un connecteur pr\u00e9-poli, installable sur le terrain, con\u00e7u pour des terminaisons rapides et fiables de la fibre sans besoin d'\u00e9poxy ou de polissage. Il est id\u00e9al pour les applications FTTH, les centres de donn\u00e9es et les applications de maintenance sur le terrain o\u00f9 un d\u00e9ploiement rapide et des performances stables sont n\u00e9cessaires.<\/p>\n<p data-start=\"486\" data-end=\"773\">Ce connecteur offre une solution efficace pour la terminaison des fibres sur site - il suffit de d\u00e9nuder, de couper, d'ins\u00e9rer et de serrer. La virole c\u00e9ramique interne de pr\u00e9cision garantit une faible perte d'insertion et une excellente perte de retour, ce qui permet d'obtenir des performances optiques constantes m\u00eame dans des environnements exigeants.<\/p>\n<p data-start=\"775\" data-end=\"1040\">Compact et r\u00e9utilisable, le connecteur rapide SC\/APC simplifie le travail d'installation tout en maintenant une durabilit\u00e9 \u00e0 long terme et une qualit\u00e9 de transmission stable. Il est parfaitement adapt\u00e9 aux fibres monomodes, compatible avec les c\u00e2bles de descente de 3,0\u00d72,0 mm et de 1,6\u00d72,0 mm.<\/p>\n<p data-start=\"1047\" data-end=\"1067\"><strong>Caract\u00e9ristiques principales<\/strong><\/p>\n<ul>\n<li data-start=\"1071\" data-end=\"1281\"><strong data-start=\"1071\" data-end=\"1107\">Installation rapide et sans outil<\/strong><br data-start=\"1107\" data-end=\"1110\" \/>Con\u00e7u pour un assemblage rapide sur le terrain, le connecteur peut \u00eatre install\u00e9 en moins de trois minutes sans n\u00e9cessiter de polissage ou d'adh\u00e9sifs, ce qui permet d'\u00e9conomiser du temps et de l'argent.<\/li>\n<li data-start=\"1071\" data-end=\"1281\"><strong data-start=\"1285\" data-end=\"1315\">Performance optique stable<\/strong><br data-start=\"1315\" data-end=\"1318\" \/>\u00c9quip\u00e9 d'une virole en c\u00e9ramique de haute pr\u00e9cision qui garantit un alignement optique stable, assurant une faible perte d'insertion et une perte de retour \u00e9lev\u00e9e pour une transmission de donn\u00e9es fiable.<\/li>\n<li data-start=\"1071\" data-end=\"1281\"><strong data-start=\"1497\" data-end=\"1525\">Conception compacte et r\u00e9utilisable<\/strong><br data-start=\"1525\" data-end=\"1528\" \/>Le connecteur peut \u00eatre r\u00e9utilis\u00e9 plusieurs fois sans compromettre les performances, ce qui en fait un choix rentable pour les op\u00e9rations r\u00e9p\u00e9t\u00e9es sur le terrain ou les environnements de test.<\/li>\n<li data-start=\"1071\" data-end=\"1281\"><strong data-start=\"1703\" data-end=\"1740\">Construction durable et fiable<\/strong><br data-start=\"1740\" data-end=\"1743\" \/>Fabriqu\u00e9 \u00e0 partir de composants plastiques et m\u00e9talliques de qualit\u00e9 industrielle, il offre une r\u00e9sistance aux variations de temp\u00e9rature, aux contraintes de traction et \u00e0 l'usure m\u00e9canique.<\/li>\n<li data-start=\"1071\" data-end=\"1281\"><strong data-start=\"1907\" data-end=\"1933\">Large gamme d'applications<\/strong><br data-start=\"1933\" data-end=\"1936\" \/>Id\u00e9al pour les connexions FTTH, LAN, CATV et les centres de donn\u00e9es, aussi bien pour les nouvelles installations que pour les r\u00e9parations d'urgence.<\/li>\n<\/ul>","protected":false},"excerpt":{"rendered":"<p>The SC\/APC Fiber Optic Fast Connector is a pre-polished, field-installable connector designed for quick, reliable fiber terminations without the need [&hellip;]<\/p>\n","protected":false},"featured_media":6321,"template":"","meta":{"_acf_changed":false,"site-sidebar-layout":"default","site-content-layout":"","ast-site-content-layout":"default","site-content-style":"default","site-sidebar-style":"default","ast-global-header-display":"","ast-banner-title-visibility":"","ast-main-header-display":"","ast-hfb-above-header-display":"","ast-hfb-below-header-display":"","ast-hfb-mobile-header-display":"","site-post-title":"","ast-breadcrumbs-content":"","ast-featured-img":"","footer-sml-layout":"","ast-disable-related-posts":"","theme-transparent-header-meta":"default","adv-header-id-meta":"","stick-header-meta":"","header-above-stick-meta":"","header-main-stick-meta":"","header-below-stick-meta":"","astra-migrate-meta-layouts":"set","ast-page-background-enabled":"default","ast-page-background-meta":{"desktop":{"background-color":"var(--ast-global-color-5)","background-image":"","background-repeat":"repeat","background-position":"center center","background-size":"auto","background-attachment":"scroll","background-type":"","background-media":"","overlay-type":"","overlay-color":"","overlay-opacity":"","overlay-gradient":""},"tablet":{"background-color":"","background-image":"","background-repeat":"repeat","background-position":"center center","background-size":"auto","background-attachment":"scroll","background-type":"","background-media":"","overlay-type":"","overlay-color":"","overlay-opacity":"","overlay-gradient":""},"mobile":{"background-color":"","background-image":"","background-repeat":"repeat","background-position":"center center","background-size":"auto","background-attachment":"scroll","background-type":"","background-media":"","overlay-type":"","overlay-color":"","overlay-opacity":"","overlay-gradient":""}},"ast-content-background-meta":{"desktop":{"background-color":"var(--ast-global-color-4)","background-image":"","background-repeat":"repeat","background-position":"center center","background-size":"auto","background-attachment":"scroll","background-type":"","background-media":"","overlay-type":"","overlay-color":"","overlay-opacity":"","overlay-gradient":""},"tablet":{"background-color":"var(--ast-global-color-4)","background-image":"","background-repeat":"repeat","background-position":"center center","background-size":"auto","background-attachment":"scroll","background-type":"","background-media":"","overlay-type":"","overlay-color":"","overlay-opacity":"","overlay-gradient":""},"mobile":{"background-color":"var(--ast-global-color-4)","background-image":"","background-repeat":"repeat","background-position":"center center","background-size":"auto","background-attachment":"scroll","background-type":"","background-media":"","overlay-type":"","overlay-color":"","overlay-opacity":"","overlay-gradient":""}}},"product_brand":[],"product_cat":[68],"product_tag":[],"class_list":{"0":"post-6317","1":"product","2":"type-product","3":"status-publish","4":"has-post-thumbnail","6":"product_cat-fiber-optic-fast-connector","7":"desktop-align-left","8":"tablet-align-left","9":"mobile-align-left","11":"first","12":"instock","13":"shipping-taxable","14":"product-type-simple"},"acf":[],"_links":{"self":[{"href":"https:\/\/yfconnectivity.com\/fr\/wp-json\/wp\/v2\/product\/6317","targetHints":{"allow":["GET"]}}],"collection":[{"href":"https:\/\/yfconnectivity.com\/fr\/wp-json\/wp\/v2\/product"}],"about":[{"href":"https:\/\/yfconnectivity.com\/fr\/wp-json\/wp\/v2\/types\/product"}],"wp:featuredmedia":[{"embeddable":true,"href":"https:\/\/yfconnectivity.com\/fr\/wp-json\/wp\/v2\/media\/6321"}],"wp:attachment":[{"href":"https:\/\/yfconnectivity.com\/fr\/wp-json\/wp\/v2\/media?parent=6317"}],"wp:term":[{"taxonomy":"product_brand","embeddable":true,"href":"https:\/\/yfconnectivity.com\/fr\/wp-json\/wp\/v2\/product_brand?post=6317"},{"taxonomy":"product_cat","embeddable":true,"href":"https:\/\/yfconnectivity.com\/fr\/wp-json\/wp\/v2\/product_cat?post=6317"},{"taxonomy":"product_tag","embeddable":true,"href":"https:\/\/yfconnectivity.com\/fr\/wp-json\/wp\/v2\/product_tag?post=6317"}],"curies":[{"name":"wp","href":"https:\/\/api.w.org\/{rel}","templated":true}]}}