{"id":6242,"date":"2025-11-05T08:27:14","date_gmt":"2025-11-05T07:27:14","guid":{"rendered":"https:\/\/yfconnectivity.com\/?post_type=product&#038;p=6242"},"modified":"2025-11-05T10:28:01","modified_gmt":"2025-11-05T09:28:01","slug":"fibre-optique-dome-splice-closure-yf96-b01","status":"publish","type":"product","link":"https:\/\/yfconnectivity.com\/fr\/product\/fiber-optic-dome-splice-closure-yf96-b01\/","title":{"rendered":"Fermeture d'\u00e9pissure \u00e0 d\u00f4me en fibre optique-YF96-B01"},"content":{"rendered":"<p data-start=\"232\" data-end=\"649\">La fermeture d'\u00e9pissure en fibre optique 96 Core Dome est con\u00e7ue pour une protection et une gestion fiables des \u00e9pissures en fibre optique dans les environnements ext\u00e9rieurs. Son corps en forme de d\u00f4me et sa structure d'\u00e9tanch\u00e9it\u00e9 sup\u00e9rieure offrent d'excellentes performances dans des conditions environnementales difficiles. Adapt\u00e9 aux installations a\u00e9riennes, souterraines et aux pipelines, ce bouchon garantit la stabilit\u00e9, la durabilit\u00e9 et la facilit\u00e9 de maintenance du r\u00e9seau.<\/p>\n<p data-start=\"651\" data-end=\"1008\">Avec une capacit\u00e9 maximale de 96 fibres et 4 plateaux d'\u00e9pissure (24 fibres par plateau), il offre une \u00e9pissure flexible et organis\u00e9e pour les r\u00e9seaux optiques de moyenne capacit\u00e9 tels que les connexions FTTx et backbone. La conception de la fermeture combine une protection \u00e9lev\u00e9e, un fonctionnement pratique et une fiabilit\u00e9 \u00e0 long terme pour les d\u00e9ploiements de nouveaux r\u00e9seaux et les projets de maintenance.<\/p>\n<p data-start=\"1015\" data-end=\"1035\"><strong data-start=\"1019\" data-end=\"1035\">Caract\u00e9ristiques principales<\/strong><\/p>\n<ul>\n<li data-start=\"1039\" data-end=\"1316\"><strong data-start=\"1039\" data-end=\"1082\">Structure d'\u00e9tanch\u00e9it\u00e9 thermor\u00e9tractable fiable :<\/strong><br data-start=\"1082\" data-end=\"1085\" \/>Utilise un syst\u00e8me de scellage thermor\u00e9tractable \u00e0 haute r\u00e9sistance qui assure une imperm\u00e9abilit\u00e9 sup\u00e9rieure et des performances d'\u00e9tanch\u00e9it\u00e9 \u00e0 l'air. Cette structure garantit une longue dur\u00e9e de vie et une excellente protection contre les variations de temp\u00e9rature et de pression.<\/li>\n<li data-start=\"1039\" data-end=\"1316\"><strong data-start=\"1320\" data-end=\"1365\">Bo\u00eetier en plastique durable de qualit\u00e9 industrielle :<\/strong><br data-start=\"1365\" data-end=\"1368\" \/>Fabriqu\u00e9e en plastique technique de haute qualit\u00e9, la fermeture r\u00e9siste aux chocs, \u00e0 la corrosion et \u00e0 la d\u00e9gradation par les UV. Elle conserve son int\u00e9grit\u00e9 structurelle m\u00eame dans des environnements ext\u00e9rieurs difficiles, ce qui garantit sa stabilit\u00e9 dans le temps.<\/li>\n<li data-start=\"1039\" data-end=\"1316\"><strong data-start=\"1580\" data-end=\"1612\">Conception optimis\u00e9e des ports de c\u00e2bles :<\/strong><br data-start=\"1612\" data-end=\"1615\" \/>\u00c9quip\u00e9 d'un grand port ovale (\u03a624\u00d735mm) et de trois petits ports ronds (\u03a618mm), offrant des configurations de c\u00e2bles flexibles pour diff\u00e9rentes exigences d'installation.<\/li>\n<li data-start=\"1039\" data-end=\"1316\"><strong data-start=\"1792\" data-end=\"1825\">Grande souplesse d'application :<\/strong><br data-start=\"1825\" data-end=\"1828\" \/>Convient aux installations a\u00e9riennes, souterraines, aux pipelines, aux trous d'homme et aux trous de main, offrant une protection fiable dans divers environnements de r\u00e9seau.<\/li>\n<li data-start=\"1039\" data-end=\"1316\"><strong data-start=\"1987\" data-end=\"2025\">Indice de protection sup\u00e9rieur (IP68) :<\/strong><br data-start=\"2025\" data-end=\"2028\" \/>Class\u00e9e IP68, la fermeture garantit une protection compl\u00e8te contre la poussi\u00e8re et l'immersion prolong\u00e9e dans l'eau, assurant un fonctionnement s\u00fbr dans des conditions humides ou enterr\u00e9es.<\/li>\n<li data-start=\"1039\" data-end=\"1316\"><strong data-start=\"2186\" data-end=\"2230\">Acc\u00e8s \u00e0 360\u00b0 et gestion s\u00e9curis\u00e9e des fibres :<\/strong><br data-start=\"2230\" data-end=\"2233\" \/>Con\u00e7u pour un fonctionnement \u00e0 360 degr\u00e9s, il facilite l'acc\u00e8s aux c\u00e2bles et la maintenance. Il maintient un rayon de courbure minimal de la fibre sup\u00e9rieur \u00e0 40 mm, ce qui \u00e9vite toute perte de signal pendant l'installation ou l'exploitation.<\/li>\n<li data-start=\"1039\" data-end=\"1316\"><strong data-start=\"2445\" data-end=\"2494\">Capacit\u00e9 \u00e9lev\u00e9e en fibres (96 fibres, plateaux 4\u00d724F) :<\/strong><br data-start=\"2494\" data-end=\"2497\" \/>Prend en charge jusqu'\u00e0 96 fibres avec 4 plateaux d'\u00e9pissure, chacun contenant 24 fibres. La conception modulaire des plateaux simplifie l'organisation, augmente l'efficacit\u00e9 et rend les op\u00e9rations d'\u00e9pissure plus pratiques.<\/li>\n<\/ul>","protected":false},"excerpt":{"rendered":"<p>The 96 Core Dome Fiber Optic Splice Closure is designed for reliable protection and management of fiber optic splices in [&hellip;]<\/p>\n","protected":false},"featured_media":6243,"template":"","meta":{"_acf_changed":false,"site-sidebar-layout":"default","site-content-layout":"","ast-site-content-layout":"default","site-content-style":"default","site-sidebar-style":"default","ast-global-header-display":"","ast-banner-title-visibility":"","ast-main-header-display":"","ast-hfb-above-header-display":"","ast-hfb-below-header-display":"","ast-hfb-mobile-header-display":"","site-post-title":"","ast-breadcrumbs-content":"","ast-featured-img":"","footer-sml-layout":"","ast-disable-related-posts":"","theme-transparent-header-meta":"default","adv-header-id-meta":"","stick-header-meta":"","header-above-stick-meta":"","header-main-stick-meta":"","header-below-stick-meta":"","astra-migrate-meta-layouts":"set","ast-page-background-enabled":"default","ast-page-background-meta":{"desktop":{"background-color":"var(--ast-global-color-5)","background-image":"","background-repeat":"repeat","background-position":"center center","background-size":"auto","background-attachment":"scroll","background-type":"","background-media":"","overlay-type":"","overlay-color":"","overlay-opacity":"","overlay-gradient":""},"tablet":{"background-color":"","background-image":"","background-repeat":"repeat","background-position":"center center","background-size":"auto","background-attachment":"scroll","background-type":"","background-media":"","overlay-type":"","overlay-color":"","overlay-opacity":"","overlay-gradient":""},"mobile":{"background-color":"","background-image":"","background-repeat":"repeat","background-position":"center center","background-size":"auto","background-attachment":"scroll","background-type":"","background-media":"","overlay-type":"","overlay-color":"","overlay-opacity":"","overlay-gradient":""}},"ast-content-background-meta":{"desktop":{"background-color":"var(--ast-global-color-4)","background-image":"","background-repeat":"repeat","background-position":"center center","background-size":"auto","background-attachment":"scroll","background-type":"","background-media":"","overlay-type":"","overlay-color":"","overlay-opacity":"","overlay-gradient":""},"tablet":{"background-color":"var(--ast-global-color-4)","background-image":"","background-repeat":"repeat","background-position":"center center","background-size":"auto","background-attachment":"scroll","background-type":"","background-media":"","overlay-type":"","overlay-color":"","overlay-opacity":"","overlay-gradient":""},"mobile":{"background-color":"var(--ast-global-color-4)","background-image":"","background-repeat":"repeat","background-position":"center center","background-size":"auto","background-attachment":"scroll","background-type":"","background-media":"","overlay-type":"","overlay-color":"","overlay-opacity":"","overlay-gradient":""}}},"product_brand":[],"product_cat":[38],"product_tag":[],"class_list":{"0":"post-6242","1":"product","2":"type-product","3":"status-publish","4":"has-post-thumbnail","6":"product_cat-fiber-optic-splice-box","7":"desktop-align-left","8":"tablet-align-left","9":"mobile-align-left","11":"first","12":"instock","13":"shipping-taxable","14":"product-type-simple"},"acf":[],"_links":{"self":[{"href":"https:\/\/yfconnectivity.com\/fr\/wp-json\/wp\/v2\/product\/6242","targetHints":{"allow":["GET"]}}],"collection":[{"href":"https:\/\/yfconnectivity.com\/fr\/wp-json\/wp\/v2\/product"}],"about":[{"href":"https:\/\/yfconnectivity.com\/fr\/wp-json\/wp\/v2\/types\/product"}],"wp:featuredmedia":[{"embeddable":true,"href":"https:\/\/yfconnectivity.com\/fr\/wp-json\/wp\/v2\/media\/6243"}],"wp:attachment":[{"href":"https:\/\/yfconnectivity.com\/fr\/wp-json\/wp\/v2\/media?parent=6242"}],"wp:term":[{"taxonomy":"product_brand","embeddable":true,"href":"https:\/\/yfconnectivity.com\/fr\/wp-json\/wp\/v2\/product_brand?post=6242"},{"taxonomy":"product_cat","embeddable":true,"href":"https:\/\/yfconnectivity.com\/fr\/wp-json\/wp\/v2\/product_cat?post=6242"},{"taxonomy":"product_tag","embeddable":true,"href":"https:\/\/yfconnectivity.com\/fr\/wp-json\/wp\/v2\/product_tag?post=6242"}],"curies":[{"name":"wp","href":"https:\/\/api.w.org\/{rel}","templated":true}]}}