{"id":6239,"date":"2025-11-05T08:15:07","date_gmt":"2025-11-05T07:15:07","guid":{"rendered":"https:\/\/yfconnectivity.com\/?post_type=product&#038;p=6239"},"modified":"2025-11-05T08:29:28","modified_gmt":"2025-11-05T07:29:28","slug":"dome-fibre-splice-box-yf144a01","status":"publish","type":"product","link":"https:\/\/yfconnectivity.com\/fr\/product\/dome-fiber-splice-box-yf144a01\/","title":{"rendered":"Fermeture d'\u00e9pissure \u00e0 d\u00f4me en fibre optique-YF144-A01"},"content":{"rendered":"<p data-start=\"206\" data-end=\"753\">La fermeture d'\u00e9pissure en fibre optique 144 Core Dome est un bo\u00eetier durable et de grande capacit\u00e9 con\u00e7u pour prot\u00e9ger les points d'\u00e9pissure en fibre optique dans les environnements ext\u00e9rieurs. Il offre une fiabilit\u00e9 \u00e0 long terme pour les installations a\u00e9riennes, souterraines, les pipelines et les trous de main. Construit avec une ing\u00e9nierie de pr\u00e9cision et fabriqu\u00e9 \u00e0 partir de plastique de premi\u00e8re qualit\u00e9, ce bo\u00eetier garantit une excellente r\u00e9sistance m\u00e9canique, des performances d'\u00e9tanch\u00e9it\u00e9 et une r\u00e9sistance \u00e0 l'environnement. Il est largement utilis\u00e9 dans les applications FTTH, les r\u00e9seaux de base et les r\u00e9seaux d'acc\u00e8s o\u00f9 la stabilit\u00e9 et la protection sont essentielles.<\/p>\n<p data-start=\"760\" data-end=\"780\"><strong data-start=\"764\" data-end=\"780\">Caract\u00e9ristiques principales<\/strong><\/p>\n<ul>\n<li data-start=\"784\" data-end=\"1060\"><strong data-start=\"784\" data-end=\"814\">Conception de l'\u00e9tanch\u00e9it\u00e9 m\u00e9canique :<\/strong><br data-start=\"814\" data-end=\"817\" \/>Il utilise un syst\u00e8me d'\u00e9tanch\u00e9it\u00e9 m\u00e9canique avanc\u00e9 qui permet une r\u00e9insertion facile et garantit des performances stables dans le temps. La conception minimise le besoin de mat\u00e9riaux d'\u00e9tanch\u00e9it\u00e9 suppl\u00e9mentaires tout en maintenant une excellente \u00e9tanch\u00e9it\u00e9 \u00e0 l'air et \u00e0 l'eau.<\/li>\n<li data-start=\"784\" data-end=\"1060\"><strong data-start=\"1064\" data-end=\"1105\">Corps en plastique industriel de haute qualit\u00e9 :<\/strong><br data-start=\"1105\" data-end=\"1108\" \/>Fabriqu\u00e9e en plastique technique r\u00e9sistant aux chocs, \u00e0 la corrosion et aux UV, la fermeture r\u00e9siste aux conditions m\u00e9t\u00e9orologiques extr\u00eames et \u00e0 une exposition ext\u00e9rieure de longue dur\u00e9e sans se d\u00e9former ni se fissurer.<\/li>\n<li data-start=\"784\" data-end=\"1060\"><strong data-start=\"1307\" data-end=\"1347\">Large compatibilit\u00e9 des c\u00e2bles (\u00d810-25mm) :<\/strong><br data-start=\"1347\" data-end=\"1350\" \/>Les 6 ports d'entr\u00e9e\/sortie supportent une large gamme de diam\u00e8tres de c\u00e2bles de 10 mm \u00e0 25 mm, offrant une flexibilit\u00e9 pour diff\u00e9rents environnements d'installation et conceptions de r\u00e9seaux de fibres.<\/li>\n<li data-start=\"784\" data-end=\"1060\"><strong data-start=\"1531\" data-end=\"1566\">Options d'installation polyvalentes :<\/strong><br data-start=\"1566\" data-end=\"1569\" \/>Convient \u00e0 de multiples m\u00e9thodes de d\u00e9ploiement, y compris les installations a\u00e9riennes, souterraines, de pipeline et de trou d'homme, ce qui lui permet de s'adapter \u00e0 diverses conditions de terrain.<\/li>\n<li data-start=\"784\" data-end=\"1060\"><strong data-start=\"1737\" data-end=\"1770\">Niveau de protection \u00e9lev\u00e9 (IP68) :<\/strong><br data-start=\"1770\" data-end=\"1773\" \/>Il offre une \u00e9tanch\u00e9it\u00e9 de niveau IP68, garantissant une protection compl\u00e8te contre la poussi\u00e8re et la p\u00e9n\u00e9tration de l'eau. Cela permet \u00e0 la fermeture de conserver des performances optiques stables m\u00eame dans des environnements humides, pluvieux ou submerg\u00e9s.<\/li>\n<li data-start=\"784\" data-end=\"1060\"><strong data-start=\"1984\" data-end=\"2028\">Acc\u00e8s \u00e0 360\u00b0 et gestion ad\u00e9quate des fibres :<\/strong><br data-start=\"2028\" data-end=\"2031\" \/>La structure interne offre un acc\u00e8s \u00e0 360 degr\u00e9s aux techniciens, ce qui facilite l'\u00e9pissage, la r\u00e9int\u00e9gration et la maintenance. La conception maintient un rayon de courbure minimal de la fibre de &gt;40mm, emp\u00eachant efficacement l'att\u00e9nuation du signal.<\/li>\n<li data-start=\"784\" data-end=\"1060\"><strong data-start=\"2267\" data-end=\"2312\">Grande capacit\u00e9 (144 fibres, 6\u00d724F plateaux) :<\/strong><br data-start=\"2312\" data-end=\"2315\" \/>Peut contenir jusqu'\u00e0 144 fibres avec 6 plateaux d'\u00e9pissure, chacun contenant 24 fibres. La conception des plateaux permet une organisation claire, une fixation s\u00fbre et une utilisation efficace de l'espace pour les connexions \u00e0 haute densit\u00e9.<\/li>\n<\/ul>","protected":false},"excerpt":{"rendered":"<p>The 144 Core Dome Fiber Optic Splice Closure is a durable and high-capacity enclosure designed to protect fiber optic splicing [&hellip;]<\/p>\n","protected":false},"featured_media":6240,"template":"","meta":{"_acf_changed":false,"site-sidebar-layout":"default","site-content-layout":"","ast-site-content-layout":"default","site-content-style":"default","site-sidebar-style":"default","ast-global-header-display":"","ast-banner-title-visibility":"","ast-main-header-display":"","ast-hfb-above-header-display":"","ast-hfb-below-header-display":"","ast-hfb-mobile-header-display":"","site-post-title":"","ast-breadcrumbs-content":"","ast-featured-img":"","footer-sml-layout":"","ast-disable-related-posts":"","theme-transparent-header-meta":"default","adv-header-id-meta":"","stick-header-meta":"","header-above-stick-meta":"","header-main-stick-meta":"","header-below-stick-meta":"","astra-migrate-meta-layouts":"set","ast-page-background-enabled":"default","ast-page-background-meta":{"desktop":{"background-color":"var(--ast-global-color-5)","background-image":"","background-repeat":"repeat","background-position":"center center","background-size":"auto","background-attachment":"scroll","background-type":"","background-media":"","overlay-type":"","overlay-color":"","overlay-opacity":"","overlay-gradient":""},"tablet":{"background-color":"","background-image":"","background-repeat":"repeat","background-position":"center center","background-size":"auto","background-attachment":"scroll","background-type":"","background-media":"","overlay-type":"","overlay-color":"","overlay-opacity":"","overlay-gradient":""},"mobile":{"background-color":"","background-image":"","background-repeat":"repeat","background-position":"center center","background-size":"auto","background-attachment":"scroll","background-type":"","background-media":"","overlay-type":"","overlay-color":"","overlay-opacity":"","overlay-gradient":""}},"ast-content-background-meta":{"desktop":{"background-color":"var(--ast-global-color-4)","background-image":"","background-repeat":"repeat","background-position":"center center","background-size":"auto","background-attachment":"scroll","background-type":"","background-media":"","overlay-type":"","overlay-color":"","overlay-opacity":"","overlay-gradient":""},"tablet":{"background-color":"var(--ast-global-color-4)","background-image":"","background-repeat":"repeat","background-position":"center center","background-size":"auto","background-attachment":"scroll","background-type":"","background-media":"","overlay-type":"","overlay-color":"","overlay-opacity":"","overlay-gradient":""},"mobile":{"background-color":"var(--ast-global-color-4)","background-image":"","background-repeat":"repeat","background-position":"center center","background-size":"auto","background-attachment":"scroll","background-type":"","background-media":"","overlay-type":"","overlay-color":"","overlay-opacity":"","overlay-gradient":""}}},"product_brand":[],"product_cat":[38],"product_tag":[],"class_list":{"0":"post-6239","1":"product","2":"type-product","3":"status-publish","4":"has-post-thumbnail","6":"product_cat-fiber-optic-splice-box","7":"desktop-align-left","8":"tablet-align-left","9":"mobile-align-left","11":"first","12":"instock","13":"shipping-taxable","14":"product-type-simple"},"acf":[],"_links":{"self":[{"href":"https:\/\/yfconnectivity.com\/fr\/wp-json\/wp\/v2\/product\/6239","targetHints":{"allow":["GET"]}}],"collection":[{"href":"https:\/\/yfconnectivity.com\/fr\/wp-json\/wp\/v2\/product"}],"about":[{"href":"https:\/\/yfconnectivity.com\/fr\/wp-json\/wp\/v2\/types\/product"}],"wp:featuredmedia":[{"embeddable":true,"href":"https:\/\/yfconnectivity.com\/fr\/wp-json\/wp\/v2\/media\/6240"}],"wp:attachment":[{"href":"https:\/\/yfconnectivity.com\/fr\/wp-json\/wp\/v2\/media?parent=6239"}],"wp:term":[{"taxonomy":"product_brand","embeddable":true,"href":"https:\/\/yfconnectivity.com\/fr\/wp-json\/wp\/v2\/product_brand?post=6239"},{"taxonomy":"product_cat","embeddable":true,"href":"https:\/\/yfconnectivity.com\/fr\/wp-json\/wp\/v2\/product_cat?post=6239"},{"taxonomy":"product_tag","embeddable":true,"href":"https:\/\/yfconnectivity.com\/fr\/wp-json\/wp\/v2\/product_tag?post=6239"}],"curies":[{"name":"wp","href":"https:\/\/api.w.org\/{rel}","templated":true}]}}