{"id":6233,"date":"2025-11-05T03:00:28","date_gmt":"2025-11-05T02:00:28","guid":{"rendered":"https:\/\/yfconnectivity.com\/?post_type=product&#038;p=6233"},"modified":"2025-11-05T03:46:46","modified_gmt":"2025-11-05T02:46:46","slug":"cadre-de-distribution-optique-odf-72-port","status":"publish","type":"product","link":"https:\/\/yfconnectivity.com\/fr\/product\/optical-distribution-frame-odf-72-port\/","title":{"rendered":"R\u00e9partiteur optique (ODF) 72 SC SX\/LC DX"},"content":{"rendered":"<p data-start=\"145\" data-end=\"492\">Le r\u00e9partiteur optique 72 ports (ODF) est une solution de gestion de la fibre optique \u00e0 haute densit\u00e9 con\u00e7ue pour les r\u00e9seaux de t\u00e9l\u00e9communications, les centres de donn\u00e9es et les syst\u00e8mes d'acc\u00e8s par fibre optique. Fabriqu\u00e9 en acier lamin\u00e9 \u00e0 froid SPCC de premi\u00e8re qualit\u00e9 avec une finition \u00e9l\u00e9gante en poudre noire, cette unit\u00e9 mont\u00e9e en rack garantit la durabilit\u00e9, la r\u00e9sistance \u00e0 la corrosion et un aspect professionnel.<\/p>\n<p data-start=\"494\" data-end=\"857\">L'ODF int\u00e8gre l'\u00e9pissage, la terminaison et le brassage des fibres dans un seul bo\u00eetier, offrant une gestion organis\u00e9e et s\u00e9curis\u00e9e pour 72 adaptateurs SC simplex ou 72 adaptateurs LC duplex. Son plateau coulissant simplifie l'installation et la maintenance, tandis que le routage interne des c\u00e2bles et la structure de protection minimisent la perte de courbure et garantissent des performances stables.<\/p>\n<p data-start=\"859\" data-end=\"1164\">Avec une taille compacte de 430\u00d7202\u00d7130 mm, ce r\u00e9partiteur optique permet d'\u00e9conomiser de l'espace pr\u00e9cieux dans les racks et offre une configuration flexible pour diverses applications de r\u00e9seaux \u00e0 fibres optiques. Il est id\u00e9al pour les salles de t\u00e9l\u00e9communications, les armoires d'\u00e9quipement et les syst\u00e8mes de communication optique n\u00e9cessitant une gestion fiable et efficace des c\u00e2bles.<\/p>","protected":false},"excerpt":{"rendered":"<p>72 Port Optical Distribution Frame (ODF) is a high-density fiber management solution designed for telecom networks, data centers, and fiber [&hellip;]<\/p>\n","protected":false},"featured_media":6234,"template":"","meta":{"_acf_changed":false,"site-sidebar-layout":"default","site-content-layout":"","ast-site-content-layout":"default","site-content-style":"default","site-sidebar-style":"default","ast-global-header-display":"","ast-banner-title-visibility":"","ast-main-header-display":"","ast-hfb-above-header-display":"","ast-hfb-below-header-display":"","ast-hfb-mobile-header-display":"","site-post-title":"","ast-breadcrumbs-content":"","ast-featured-img":"","footer-sml-layout":"","ast-disable-related-posts":"","theme-transparent-header-meta":"default","adv-header-id-meta":"","stick-header-meta":"","header-above-stick-meta":"","header-main-stick-meta":"","header-below-stick-meta":"","astra-migrate-meta-layouts":"set","ast-page-background-enabled":"default","ast-page-background-meta":{"desktop":{"background-color":"var(--ast-global-color-5)","background-image":"","background-repeat":"repeat","background-position":"center center","background-size":"auto","background-attachment":"scroll","background-type":"","background-media":"","overlay-type":"","overlay-color":"","overlay-opacity":"","overlay-gradient":""},"tablet":{"background-color":"","background-image":"","background-repeat":"repeat","background-position":"center center","background-size":"auto","background-attachment":"scroll","background-type":"","background-media":"","overlay-type":"","overlay-color":"","overlay-opacity":"","overlay-gradient":""},"mobile":{"background-color":"","background-image":"","background-repeat":"repeat","background-position":"center center","background-size":"auto","background-attachment":"scroll","background-type":"","background-media":"","overlay-type":"","overlay-color":"","overlay-opacity":"","overlay-gradient":""}},"ast-content-background-meta":{"desktop":{"background-color":"var(--ast-global-color-4)","background-image":"","background-repeat":"repeat","background-position":"center center","background-size":"auto","background-attachment":"scroll","background-type":"","background-media":"","overlay-type":"","overlay-color":"","overlay-opacity":"","overlay-gradient":""},"tablet":{"background-color":"var(--ast-global-color-4)","background-image":"","background-repeat":"repeat","background-position":"center center","background-size":"auto","background-attachment":"scroll","background-type":"","background-media":"","overlay-type":"","overlay-color":"","overlay-opacity":"","overlay-gradient":""},"mobile":{"background-color":"var(--ast-global-color-4)","background-image":"","background-repeat":"repeat","background-position":"center center","background-size":"auto","background-attachment":"scroll","background-type":"","background-media":"","overlay-type":"","overlay-color":"","overlay-opacity":"","overlay-gradient":""}}},"product_brand":[],"product_cat":[41],"product_tag":[],"class_list":{"0":"post-6233","1":"product","2":"type-product","3":"status-publish","4":"has-post-thumbnail","6":"product_cat-optical-distribution-frame","7":"desktop-align-left","8":"tablet-align-left","9":"mobile-align-left","11":"first","12":"instock","13":"shipping-taxable","14":"product-type-simple"},"acf":[],"_links":{"self":[{"href":"https:\/\/yfconnectivity.com\/fr\/wp-json\/wp\/v2\/product\/6233","targetHints":{"allow":["GET"]}}],"collection":[{"href":"https:\/\/yfconnectivity.com\/fr\/wp-json\/wp\/v2\/product"}],"about":[{"href":"https:\/\/yfconnectivity.com\/fr\/wp-json\/wp\/v2\/types\/product"}],"wp:featuredmedia":[{"embeddable":true,"href":"https:\/\/yfconnectivity.com\/fr\/wp-json\/wp\/v2\/media\/6234"}],"wp:attachment":[{"href":"https:\/\/yfconnectivity.com\/fr\/wp-json\/wp\/v2\/media?parent=6233"}],"wp:term":[{"taxonomy":"product_brand","embeddable":true,"href":"https:\/\/yfconnectivity.com\/fr\/wp-json\/wp\/v2\/product_brand?post=6233"},{"taxonomy":"product_cat","embeddable":true,"href":"https:\/\/yfconnectivity.com\/fr\/wp-json\/wp\/v2\/product_cat?post=6233"},{"taxonomy":"product_tag","embeddable":true,"href":"https:\/\/yfconnectivity.com\/fr\/wp-json\/wp\/v2\/product_tag?post=6233"}],"curies":[{"name":"wp","href":"https:\/\/api.w.org\/{rel}","templated":true}]}}