{"id":4399,"date":"2025-08-05T07:54:03","date_gmt":"2025-08-05T06:54:03","guid":{"rendered":"https:\/\/yfconnectivity.com\/?post_type=product&#038;p=4399"},"modified":"2025-08-05T10:07:27","modified_gmt":"2025-08-05T09:07:27","slug":"boite-de-sortie-pour-fibre-optique-a-2-ports-86","status":"publish","type":"product","link":"https:\/\/yfconnectivity.com\/fr\/product\/2-port-86-fiber-outlet-box\/","title":{"rendered":"Bo\u00eete de sortie pour fibre optique 2 ports 86-B"},"content":{"rendered":"<p>Cette bo\u00eete de sortie pour fibre optique \u00e0 2 ports 86-B est con\u00e7ue pour les sc\u00e9narios de d\u00e9ploiement FTTH et de montage mural dans un environnement sp\u00e9cifique. Compar\u00e9 \u00e0 d'autres mod\u00e8les, il pr\u00e9sente des caract\u00e9ristiques uniques telles qu'une coque compacte. Fabriqu\u00e9 en ABS de haute qualit\u00e9, il garantit des performances fiables pour les fibres monomodes et multimodes.<\/p>\n<ul>\n<li>Conception ultra-compacte : Taille optimis\u00e9e (seulement 24 mm d'\u00e9paisseur) pour une utilisation sur le bureau ou en montage mural.<\/li>\n<li>Solides performances m\u00e9caniques : Permet un rayon de courbure correct des fibres et offre une protection efficace des fibres entrantes\/sortantes.<\/li>\n<li>Compatibilit\u00e9 des adaptateurs : Supporte 2 adaptateurs SC Simplex APC\/UPC ou 2 adaptateurs LC Duplex APC\/UPC.<\/li>\n<li>Compatibilit\u00e9 avec les connecteurs froids : Permet la connexion directe de connecteurs froids, de fibres de queue ou de c\u00e2bles de descente sans \u00e9pissure suppl\u00e9mentaire.<\/li>\n<li>Protection contre la poussi\u00e8re : \u00c9quip\u00e9 d'un couvercle anti-poussi\u00e8re de type clapet pour une meilleure propret\u00e9.<\/li>\n<li>Conception \u00e0 encliquetage facile\uff1aEquip\u00e9 d'un syst\u00e8me de fermeture \u00e0 encliquetage qui offre \u00e0 la fois une fermeture s\u00fbre et un d\u00e9montage pratique sans outil.<\/li>\n<li>Montage flexible de l'adaptateur : Position interne pour une meilleure protection ou externe pour un acc\u00e8s facile.<\/li>\n<\/ul>","protected":false},"excerpt":{"rendered":"<p>This 2 Port 86-B fiber optic outlet box is designed for specific environment FTTH deployment \/ wall-mount scenarios. Compared with [&hellip;]<\/p>\n","protected":false},"featured_media":4402,"template":"","meta":{"_acf_changed":false,"site-sidebar-layout":"default","site-content-layout":"","ast-site-content-layout":"default","site-content-style":"default","site-sidebar-style":"default","ast-global-header-display":"","ast-banner-title-visibility":"","ast-main-header-display":"","ast-hfb-above-header-display":"","ast-hfb-below-header-display":"","ast-hfb-mobile-header-display":"","site-post-title":"","ast-breadcrumbs-content":"","ast-featured-img":"","footer-sml-layout":"","ast-disable-related-posts":"","theme-transparent-header-meta":"default","adv-header-id-meta":"","stick-header-meta":"","header-above-stick-meta":"","header-main-stick-meta":"","header-below-stick-meta":"","astra-migrate-meta-layouts":"set","ast-page-background-enabled":"default","ast-page-background-meta":{"desktop":{"background-color":"var(--ast-global-color-5)","background-image":"","background-repeat":"repeat","background-position":"center center","background-size":"auto","background-attachment":"scroll","background-type":"","background-media":"","overlay-type":"","overlay-color":"","overlay-opacity":"","overlay-gradient":""},"tablet":{"background-color":"","background-image":"","background-repeat":"repeat","background-position":"center center","background-size":"auto","background-attachment":"scroll","background-type":"","background-media":"","overlay-type":"","overlay-color":"","overlay-opacity":"","overlay-gradient":""},"mobile":{"background-color":"","background-image":"","background-repeat":"repeat","background-position":"center center","background-size":"auto","background-attachment":"scroll","background-type":"","background-media":"","overlay-type":"","overlay-color":"","overlay-opacity":"","overlay-gradient":""}},"ast-content-background-meta":{"desktop":{"background-color":"var(--ast-global-color-4)","background-image":"","background-repeat":"repeat","background-position":"center center","background-size":"auto","background-attachment":"scroll","background-type":"","background-media":"","overlay-type":"","overlay-color":"","overlay-opacity":"","overlay-gradient":""},"tablet":{"background-color":"var(--ast-global-color-4)","background-image":"","background-repeat":"repeat","background-position":"center center","background-size":"auto","background-attachment":"scroll","background-type":"","background-media":"","overlay-type":"","overlay-color":"","overlay-opacity":"","overlay-gradient":""},"mobile":{"background-color":"var(--ast-global-color-4)","background-image":"","background-repeat":"repeat","background-position":"center center","background-size":"auto","background-attachment":"scroll","background-type":"","background-media":"","overlay-type":"","overlay-color":"","overlay-opacity":"","overlay-gradient":""}}},"product_brand":[],"product_cat":[37],"product_tag":[],"class_list":{"0":"post-4399","1":"product","2":"type-product","3":"status-publish","4":"has-post-thumbnail","6":"product_cat-fiber-optic-outlet-box","7":"desktop-align-left","8":"tablet-align-left","9":"mobile-align-left","11":"first","12":"instock","13":"shipping-taxable","14":"product-type-simple"},"acf":[],"_links":{"self":[{"href":"https:\/\/yfconnectivity.com\/fr\/wp-json\/wp\/v2\/product\/4399","targetHints":{"allow":["GET"]}}],"collection":[{"href":"https:\/\/yfconnectivity.com\/fr\/wp-json\/wp\/v2\/product"}],"about":[{"href":"https:\/\/yfconnectivity.com\/fr\/wp-json\/wp\/v2\/types\/product"}],"wp:featuredmedia":[{"embeddable":true,"href":"https:\/\/yfconnectivity.com\/fr\/wp-json\/wp\/v2\/media\/4402"}],"wp:attachment":[{"href":"https:\/\/yfconnectivity.com\/fr\/wp-json\/wp\/v2\/media?parent=4399"}],"wp:term":[{"taxonomy":"product_brand","embeddable":true,"href":"https:\/\/yfconnectivity.com\/fr\/wp-json\/wp\/v2\/product_brand?post=4399"},{"taxonomy":"product_cat","embeddable":true,"href":"https:\/\/yfconnectivity.com\/fr\/wp-json\/wp\/v2\/product_cat?post=4399"},{"taxonomy":"product_tag","embeddable":true,"href":"https:\/\/yfconnectivity.com\/fr\/wp-json\/wp\/v2\/product_tag?post=4399"}],"curies":[{"name":"wp","href":"https:\/\/api.w.org\/{rel}","templated":true}]}}