{"id":4036,"date":"2025-07-18T13:18:34","date_gmt":"2025-07-18T12:18:34","guid":{"rendered":"https:\/\/yfconnectivity.com\/?post_type=product&#038;p=4036"},"modified":"2025-07-27T09:12:11","modified_gmt":"2025-07-27T08:12:11","slug":"adaptateurs-hybrides-sc-vers-fc","status":"publish","type":"product","link":"https:\/\/yfconnectivity.com\/fr\/product\/sc-to-fc-hybrid-adapters\/","title":{"rendered":"Adaptateur fibre hybride simplex SC vers FC"},"content":{"rendered":"<p data-start=\"113\" data-end=\"194\"><strong data-start=\"113\" data-end=\"194\">Adaptateur fibre optique hybride SC vers FC - Simplex, PC\/APC, monomode et multimode<\/strong><\/p>\n<p data-start=\"196\" data-end=\"812\">L'adaptateur hybride fibre optique SC vers FC de Yingfeng est con\u00e7u pour relier deux types de connecteurs diff\u00e9rents avec une pr\u00e9cision sup\u00e9rieure. Cet adaptateur simplex prend en charge les applications monomodes et multimodes et est disponible en polis PC et APC. Il est dot\u00e9 d'un bo\u00eetier m\u00e9tallique durable et d'un manchon d'alignement en c\u00e9ramique de haute pr\u00e9cision pour d'excellentes performances et une grande stabilit\u00e9. Avec une faible perte d'insertion (\u22640,2dB) et une grande durabilit\u00e9 (&gt;1000 matages), il est id\u00e9al pour une utilisation dans les r\u00e9seaux FTTH, les syst\u00e8mes de t\u00e9l\u00e9communications, les \u00e9quipements de test et les r\u00e9partiteurs de fibre optique. La conception \u00e0 montage par bride garantit une installation s\u00e9curis\u00e9e et une fiabilit\u00e9 \u00e0 long terme.<\/p>","protected":false},"excerpt":{"rendered":"<p>SC to FC Hybrid Fiber Optic Adapter \u2013 Simplex, PC\/APC, Singlemode &amp; Multimode Yingfeng\u2019s SC to FC hybrid fiber optic [&hellip;]<\/p>\n","protected":false},"featured_media":4038,"template":"","meta":{"_acf_changed":false,"site-sidebar-layout":"default","site-content-layout":"","ast-site-content-layout":"default","site-content-style":"default","site-sidebar-style":"default","ast-global-header-display":"","ast-banner-title-visibility":"","ast-main-header-display":"","ast-hfb-above-header-display":"","ast-hfb-below-header-display":"","ast-hfb-mobile-header-display":"","site-post-title":"","ast-breadcrumbs-content":"","ast-featured-img":"","footer-sml-layout":"","ast-disable-related-posts":"","theme-transparent-header-meta":"default","adv-header-id-meta":"","stick-header-meta":"","header-above-stick-meta":"","header-main-stick-meta":"","header-below-stick-meta":"","astra-migrate-meta-layouts":"set","ast-page-background-enabled":"default","ast-page-background-meta":{"desktop":{"background-color":"var(--ast-global-color-5)","background-image":"","background-repeat":"repeat","background-position":"center center","background-size":"auto","background-attachment":"scroll","background-type":"","background-media":"","overlay-type":"","overlay-color":"","overlay-opacity":"","overlay-gradient":""},"tablet":{"background-color":"","background-image":"","background-repeat":"repeat","background-position":"center center","background-size":"auto","background-attachment":"scroll","background-type":"","background-media":"","overlay-type":"","overlay-color":"","overlay-opacity":"","overlay-gradient":""},"mobile":{"background-color":"","background-image":"","background-repeat":"repeat","background-position":"center center","background-size":"auto","background-attachment":"scroll","background-type":"","background-media":"","overlay-type":"","overlay-color":"","overlay-opacity":"","overlay-gradient":""}},"ast-content-background-meta":{"desktop":{"background-color":"var(--ast-global-color-4)","background-image":"","background-repeat":"repeat","background-position":"center center","background-size":"auto","background-attachment":"scroll","background-type":"","background-media":"","overlay-type":"","overlay-color":"","overlay-opacity":"","overlay-gradient":""},"tablet":{"background-color":"var(--ast-global-color-4)","background-image":"","background-repeat":"repeat","background-position":"center center","background-size":"auto","background-attachment":"scroll","background-type":"","background-media":"","overlay-type":"","overlay-color":"","overlay-opacity":"","overlay-gradient":""},"mobile":{"background-color":"var(--ast-global-color-4)","background-image":"","background-repeat":"repeat","background-position":"center center","background-size":"auto","background-attachment":"scroll","background-type":"","background-media":"","overlay-type":"","overlay-color":"","overlay-opacity":"","overlay-gradient":""}}},"product_brand":[],"product_cat":[65],"product_tag":[],"class_list":{"0":"post-4036","1":"product","2":"type-product","3":"status-publish","4":"has-post-thumbnail","6":"product_cat-hybrid-fiber-optic-adapter","7":"desktop-align-left","8":"tablet-align-left","9":"mobile-align-left","11":"first","12":"instock","13":"shipping-taxable","14":"product-type-simple"},"acf":[],"_links":{"self":[{"href":"https:\/\/yfconnectivity.com\/fr\/wp-json\/wp\/v2\/product\/4036","targetHints":{"allow":["GET"]}}],"collection":[{"href":"https:\/\/yfconnectivity.com\/fr\/wp-json\/wp\/v2\/product"}],"about":[{"href":"https:\/\/yfconnectivity.com\/fr\/wp-json\/wp\/v2\/types\/product"}],"wp:featuredmedia":[{"embeddable":true,"href":"https:\/\/yfconnectivity.com\/fr\/wp-json\/wp\/v2\/media\/4038"}],"wp:attachment":[{"href":"https:\/\/yfconnectivity.com\/fr\/wp-json\/wp\/v2\/media?parent=4036"}],"wp:term":[{"taxonomy":"product_brand","embeddable":true,"href":"https:\/\/yfconnectivity.com\/fr\/wp-json\/wp\/v2\/product_brand?post=4036"},{"taxonomy":"product_cat","embeddable":true,"href":"https:\/\/yfconnectivity.com\/fr\/wp-json\/wp\/v2\/product_cat?post=4036"},{"taxonomy":"product_tag","embeddable":true,"href":"https:\/\/yfconnectivity.com\/fr\/wp-json\/wp\/v2\/product_tag?post=4036"}],"curies":[{"name":"wp","href":"https:\/\/api.w.org\/{rel}","templated":true}]}}