{"id":3975,"date":"2025-07-18T08:55:56","date_gmt":"2025-07-18T07:55:56","guid":{"rendered":"https:\/\/yfconnectivity.com\/?post_type=product&#038;p=3975"},"modified":"2025-07-27T09:23:02","modified_gmt":"2025-07-27T08:23:02","slug":"lc-duplex-high-low-type-adapter","status":"publish","type":"product","link":"https:\/\/yfconnectivity.com\/fr\/product\/lc-duplex-high-low-type-adapter\/","title":{"rendered":"Adaptateur fibre optique LC Duplex de type haut-bas"},"content":{"rendered":"<p data-start=\"306\" data-end=\"626\">Le <strong data-start=\"310\" data-end=\"344\">Adaptateur LC APC Duplex High-Low<\/strong> est dot\u00e9 d'un bo\u00eetier asym\u00e9trique, avec des ports avant et arri\u00e8re d\u00e9cal\u00e9s pour s'adapter aux besoins de l'utilisateur. <strong data-start=\"432\" data-end=\"466\">structures sp\u00e9ciales des panneaux de brassage<\/strong> ou des environnements \u00e0 haute densit\u00e9 de fibres. Il prend en charge <strong data-start=\"515\" data-end=\"554\">Connecteurs polis APC monomode<\/strong>, en veillant \u00e0 ce que <strong data-start=\"565\" data-end=\"596\">faible perte d'insertion (\u22640,2dB)<\/strong> et une grande pr\u00e9cision d'alignement.<\/p>\n<p data-start=\"628\" data-end=\"904\">\u00c9quip\u00e9 d'un <strong data-start=\"644\" data-end=\"672\">manchon d'alignement en c\u00e9ramique<\/strong> et un <strong data-start=\"679\" data-end=\"698\">corps sans bride<\/strong>Il est id\u00e9al pour une int\u00e9gration personnalis\u00e9e dans les <strong data-start=\"742\" data-end=\"762\">enceintes \u00e9tanches<\/strong>, <strong data-start=\"764\" data-end=\"781\">panneaux angulaires<\/strong>ou <strong data-start=\"786\" data-end=\"804\">syst\u00e8mes de modules<\/strong> n\u00e9cessitant des ajustements verticaux de la hauteur. Enti\u00e8rement conforme \u00e0 la directive RoHS et test\u00e9 pour <strong data-start=\"880\" data-end=\"903\">&gt;1000 cycles d'accouplement<\/strong>.<\/p>","protected":false},"excerpt":{"rendered":"<p>The LC APC Duplex High-Low Adapter features an asymmetric housing design, with offset front and rear ports to accommodate special [&hellip;]<\/p>\n","protected":false},"featured_media":3986,"template":"","meta":{"_acf_changed":false,"site-sidebar-layout":"default","site-content-layout":"","ast-site-content-layout":"default","site-content-style":"default","site-sidebar-style":"default","ast-global-header-display":"","ast-banner-title-visibility":"","ast-main-header-display":"","ast-hfb-above-header-display":"","ast-hfb-below-header-display":"","ast-hfb-mobile-header-display":"","site-post-title":"","ast-breadcrumbs-content":"","ast-featured-img":"","footer-sml-layout":"","ast-disable-related-posts":"","theme-transparent-header-meta":"default","adv-header-id-meta":"","stick-header-meta":"","header-above-stick-meta":"","header-main-stick-meta":"","header-below-stick-meta":"","astra-migrate-meta-layouts":"set","ast-page-background-enabled":"default","ast-page-background-meta":{"desktop":{"background-color":"var(--ast-global-color-5)","background-image":"","background-repeat":"repeat","background-position":"center center","background-size":"auto","background-attachment":"scroll","background-type":"","background-media":"","overlay-type":"","overlay-color":"","overlay-opacity":"","overlay-gradient":""},"tablet":{"background-color":"","background-image":"","background-repeat":"repeat","background-position":"center center","background-size":"auto","background-attachment":"scroll","background-type":"","background-media":"","overlay-type":"","overlay-color":"","overlay-opacity":"","overlay-gradient":""},"mobile":{"background-color":"","background-image":"","background-repeat":"repeat","background-position":"center center","background-size":"auto","background-attachment":"scroll","background-type":"","background-media":"","overlay-type":"","overlay-color":"","overlay-opacity":"","overlay-gradient":""}},"ast-content-background-meta":{"desktop":{"background-color":"var(--ast-global-color-4)","background-image":"","background-repeat":"repeat","background-position":"center center","background-size":"auto","background-attachment":"scroll","background-type":"","background-media":"","overlay-type":"","overlay-color":"","overlay-opacity":"","overlay-gradient":""},"tablet":{"background-color":"var(--ast-global-color-4)","background-image":"","background-repeat":"repeat","background-position":"center center","background-size":"auto","background-attachment":"scroll","background-type":"","background-media":"","overlay-type":"","overlay-color":"","overlay-opacity":"","overlay-gradient":""},"mobile":{"background-color":"var(--ast-global-color-4)","background-image":"","background-repeat":"repeat","background-position":"center center","background-size":"auto","background-attachment":"scroll","background-type":"","background-media":"","overlay-type":"","overlay-color":"","overlay-opacity":"","overlay-gradient":""}}},"product_brand":[],"product_cat":[49],"product_tag":[],"class_list":{"0":"post-3975","1":"product","2":"type-product","3":"status-publish","4":"has-post-thumbnail","6":"product_cat-lc-to-lc-fiber-optic-adapters","7":"desktop-align-left","8":"tablet-align-left","9":"mobile-align-left","11":"first","12":"instock","13":"shipping-taxable","14":"product-type-simple"},"acf":[],"_links":{"self":[{"href":"https:\/\/yfconnectivity.com\/fr\/wp-json\/wp\/v2\/product\/3975","targetHints":{"allow":["GET"]}}],"collection":[{"href":"https:\/\/yfconnectivity.com\/fr\/wp-json\/wp\/v2\/product"}],"about":[{"href":"https:\/\/yfconnectivity.com\/fr\/wp-json\/wp\/v2\/types\/product"}],"wp:featuredmedia":[{"embeddable":true,"href":"https:\/\/yfconnectivity.com\/fr\/wp-json\/wp\/v2\/media\/3986"}],"wp:attachment":[{"href":"https:\/\/yfconnectivity.com\/fr\/wp-json\/wp\/v2\/media?parent=3975"}],"wp:term":[{"taxonomy":"product_brand","embeddable":true,"href":"https:\/\/yfconnectivity.com\/fr\/wp-json\/wp\/v2\/product_brand?post=3975"},{"taxonomy":"product_cat","embeddable":true,"href":"https:\/\/yfconnectivity.com\/fr\/wp-json\/wp\/v2\/product_cat?post=3975"},{"taxonomy":"product_tag","embeddable":true,"href":"https:\/\/yfconnectivity.com\/fr\/wp-json\/wp\/v2\/product_tag?post=3975"}],"curies":[{"name":"wp","href":"https:\/\/api.w.org\/{rel}","templated":true}]}}