{"id":3870,"date":"2025-07-16T04:44:37","date_gmt":"2025-07-16T03:44:37","guid":{"rendered":"https:\/\/yfconnectivity.com\/?post_type=product&#038;p=3870"},"modified":"2025-07-16T04:44:37","modified_gmt":"2025-07-16T03:44:37","slug":"horizontal-48-cores-fiber-splice-closure","status":"publish","type":"product","link":"https:\/\/yfconnectivity.com\/fr\/product\/horizontal-48-cores-fiber-splice-closure\/","title":{"rendered":"Fermeture d'\u00e9pissure horizontale 48 c\u0153urs en fibre optique"},"content":{"rendered":"<p>Le GJS-H048-04a Horizontal Fiber Splice Closure est con\u00e7u pour l'\u00e9pissage et la protection des c\u00e2bles en ext\u00e9rieur, supportant jusqu'\u00e0 48 c\u0153urs de fibre via 2 plateaux d'\u00e9pissure (24 c\u0153urs chacun). Il assure des connexions s\u00fbres et r\u00e9sistantes aux intemp\u00e9ries entre les c\u00e2bles de distribution et de descente dans les installations a\u00e9riennes, murales ou souterraines.<\/p>\n<p>Fabriqu\u00e9 en plastique technique haute r\u00e9sistance, le bouchon offre une excellente \u00e9tanch\u00e9it\u00e9, une r\u00e9sistance aux chocs et une conception de routage adapt\u00e9e aux fibres afin de garantir une perte de courbure minimale et un stockage suffisant. Id\u00e9al pour les r\u00e9seaux FTTx, les syst\u00e8mes de c\u00e2bles optiques et les infrastructures CATV.<\/p>","protected":false},"excerpt":{"rendered":"<p>The GJS-H048-04a Horizontal Fiber Splice Closure is designed for outdoor cable splicing and protection, supporting up to 48 fiber cores [&hellip;]<\/p>\n","protected":false},"featured_media":3874,"template":"","meta":{"_acf_changed":false,"site-sidebar-layout":"default","site-content-layout":"","ast-site-content-layout":"default","site-content-style":"default","site-sidebar-style":"default","ast-global-header-display":"","ast-banner-title-visibility":"","ast-main-header-display":"","ast-hfb-above-header-display":"","ast-hfb-below-header-display":"","ast-hfb-mobile-header-display":"","site-post-title":"","ast-breadcrumbs-content":"","ast-featured-img":"","footer-sml-layout":"","ast-disable-related-posts":"","theme-transparent-header-meta":"default","adv-header-id-meta":"","stick-header-meta":"","header-above-stick-meta":"","header-main-stick-meta":"","header-below-stick-meta":"","astra-migrate-meta-layouts":"set","ast-page-background-enabled":"default","ast-page-background-meta":{"desktop":{"background-color":"var(--ast-global-color-5)","background-image":"","background-repeat":"repeat","background-position":"center center","background-size":"auto","background-attachment":"scroll","background-type":"","background-media":"","overlay-type":"","overlay-color":"","overlay-opacity":"","overlay-gradient":""},"tablet":{"background-color":"","background-image":"","background-repeat":"repeat","background-position":"center center","background-size":"auto","background-attachment":"scroll","background-type":"","background-media":"","overlay-type":"","overlay-color":"","overlay-opacity":"","overlay-gradient":""},"mobile":{"background-color":"","background-image":"","background-repeat":"repeat","background-position":"center center","background-size":"auto","background-attachment":"scroll","background-type":"","background-media":"","overlay-type":"","overlay-color":"","overlay-opacity":"","overlay-gradient":""}},"ast-content-background-meta":{"desktop":{"background-color":"var(--ast-global-color-4)","background-image":"","background-repeat":"repeat","background-position":"center center","background-size":"auto","background-attachment":"scroll","background-type":"","background-media":"","overlay-type":"","overlay-color":"","overlay-opacity":"","overlay-gradient":""},"tablet":{"background-color":"var(--ast-global-color-4)","background-image":"","background-repeat":"repeat","background-position":"center center","background-size":"auto","background-attachment":"scroll","background-type":"","background-media":"","overlay-type":"","overlay-color":"","overlay-opacity":"","overlay-gradient":""},"mobile":{"background-color":"var(--ast-global-color-4)","background-image":"","background-repeat":"repeat","background-position":"center center","background-size":"auto","background-attachment":"scroll","background-type":"","background-media":"","overlay-type":"","overlay-color":"","overlay-opacity":"","overlay-gradient":""}}},"product_brand":[],"product_cat":[38],"product_tag":[],"class_list":{"0":"post-3870","1":"product","2":"type-product","3":"status-publish","4":"has-post-thumbnail","6":"product_cat-fiber-optic-splice-box","7":"desktop-align-left","8":"tablet-align-left","9":"mobile-align-left","11":"first","12":"instock","13":"shipping-taxable","14":"product-type-simple"},"acf":[],"_links":{"self":[{"href":"https:\/\/yfconnectivity.com\/fr\/wp-json\/wp\/v2\/product\/3870","targetHints":{"allow":["GET"]}}],"collection":[{"href":"https:\/\/yfconnectivity.com\/fr\/wp-json\/wp\/v2\/product"}],"about":[{"href":"https:\/\/yfconnectivity.com\/fr\/wp-json\/wp\/v2\/types\/product"}],"wp:featuredmedia":[{"embeddable":true,"href":"https:\/\/yfconnectivity.com\/fr\/wp-json\/wp\/v2\/media\/3874"}],"wp:attachment":[{"href":"https:\/\/yfconnectivity.com\/fr\/wp-json\/wp\/v2\/media?parent=3870"}],"wp:term":[{"taxonomy":"product_brand","embeddable":true,"href":"https:\/\/yfconnectivity.com\/fr\/wp-json\/wp\/v2\/product_brand?post=3870"},{"taxonomy":"product_cat","embeddable":true,"href":"https:\/\/yfconnectivity.com\/fr\/wp-json\/wp\/v2\/product_cat?post=3870"},{"taxonomy":"product_tag","embeddable":true,"href":"https:\/\/yfconnectivity.com\/fr\/wp-json\/wp\/v2\/product_tag?post=3870"}],"curies":[{"name":"wp","href":"https:\/\/api.w.org\/{rel}","templated":true}]}}