{"id":3677,"date":"2025-07-13T07:19:45","date_gmt":"2025-07-13T06:19:45","guid":{"rendered":"https:\/\/yfconnectivity.com\/?post_type=product&#038;p=3677"},"modified":"2025-07-13T07:19:45","modified_gmt":"2025-07-13T06:19:45","slug":"connecteurs-mu-pc-0-9mm","status":"publish","type":"product","link":"https:\/\/yfconnectivity.com\/fr\/product\/mu-pc-0-9mm-connectors\/","title":{"rendered":"Connecteurs MU PC 0,9mm"},"content":{"rendered":"<p data-start=\"138\" data-end=\"443\">Le <strong data-start=\"142\" data-end=\"167\">Connecteur MU PC 0,9 mm<\/strong> est un <strong data-start=\"173\" data-end=\"208\">connecteur miniature monomode<\/strong> id\u00e9al pour les connexions optiques \u00e0 haute densit\u00e9. Avec un <strong data-start=\"260\" data-end=\"282\">botte compacte de 0,9 mm<\/strong> et <strong data-start=\"287\" data-end=\"310\">Virole polie en PC<\/strong>il garantit <strong data-start=\"323\" data-end=\"349\">perte d'insertion \u22640.25dB<\/strong> et <strong data-start=\"354\" data-end=\"375\">perte de retour \u226550dB<\/strong>Le syst\u00e8me de gestion de l'information de la Commission europ\u00e9enne (CEI) permet d'obtenir des performances fiables dans des environnements o\u00f9 l'espace est compt\u00e9.<\/p>\n<p data-start=\"445\" data-end=\"737\">Son <strong data-start=\"449\" data-end=\"470\">structure de l'encliquetage<\/strong>L'embout \u00e0 ressort et la gaine bleue durable permettent de l'utiliser pour les applications suivantes <strong data-start=\"538\" data-end=\"558\">r\u00e9seaux de t\u00e9l\u00e9communications<\/strong>, <strong data-start=\"560\" data-end=\"586\">terminaux d'acc\u00e8s \u00e0 la fibre<\/strong>et <strong data-start=\"592\" data-end=\"619\">modules optiques compacts<\/strong>. Class\u00e9 pour plus de <strong data-start=\"636\" data-end=\"658\">1000 cycles d'accouplement<\/strong>Ce connecteur offre une transmission stable du signal dans les zones d'installation restreintes.<\/p>\n<p data-start=\"445\" data-end=\"737\">Pi\u00e8ces du connecteur : Capuchon anti-poussi\u00e8re, bo\u00eetier ext\u00e9rieur, cadre int\u00e9rieur, virole, ressort, bouchon, gaine bleue<\/p>","protected":false},"excerpt":{"rendered":"<p>The MU PC 0.9mm Connector is a miniature single-mode connector ideal for high-density optical connections. With a compact 0.9mm boot [&hellip;]<\/p>\n","protected":false},"featured_media":3678,"template":"","meta":{"_acf_changed":false,"site-sidebar-layout":"default","site-content-layout":"","ast-site-content-layout":"default","site-content-style":"default","site-sidebar-style":"default","ast-global-header-display":"","ast-banner-title-visibility":"","ast-main-header-display":"","ast-hfb-above-header-display":"","ast-hfb-below-header-display":"","ast-hfb-mobile-header-display":"","site-post-title":"","ast-breadcrumbs-content":"","ast-featured-img":"","footer-sml-layout":"","ast-disable-related-posts":"","theme-transparent-header-meta":"default","adv-header-id-meta":"","stick-header-meta":"","header-above-stick-meta":"","header-main-stick-meta":"","header-below-stick-meta":"","astra-migrate-meta-layouts":"set","ast-page-background-enabled":"default","ast-page-background-meta":{"desktop":{"background-color":"var(--ast-global-color-5)","background-image":"","background-repeat":"repeat","background-position":"center center","background-size":"auto","background-attachment":"scroll","background-type":"","background-media":"","overlay-type":"","overlay-color":"","overlay-opacity":"","overlay-gradient":""},"tablet":{"background-color":"","background-image":"","background-repeat":"repeat","background-position":"center center","background-size":"auto","background-attachment":"scroll","background-type":"","background-media":"","overlay-type":"","overlay-color":"","overlay-opacity":"","overlay-gradient":""},"mobile":{"background-color":"","background-image":"","background-repeat":"repeat","background-position":"center center","background-size":"auto","background-attachment":"scroll","background-type":"","background-media":"","overlay-type":"","overlay-color":"","overlay-opacity":"","overlay-gradient":""}},"ast-content-background-meta":{"desktop":{"background-color":"var(--ast-global-color-4)","background-image":"","background-repeat":"repeat","background-position":"center center","background-size":"auto","background-attachment":"scroll","background-type":"","background-media":"","overlay-type":"","overlay-color":"","overlay-opacity":"","overlay-gradient":""},"tablet":{"background-color":"var(--ast-global-color-4)","background-image":"","background-repeat":"repeat","background-position":"center center","background-size":"auto","background-attachment":"scroll","background-type":"","background-media":"","overlay-type":"","overlay-color":"","overlay-opacity":"","overlay-gradient":""},"mobile":{"background-color":"var(--ast-global-color-4)","background-image":"","background-repeat":"repeat","background-position":"center center","background-size":"auto","background-attachment":"scroll","background-type":"","background-media":"","overlay-type":"","overlay-color":"","overlay-opacity":"","overlay-gradient":""}}},"product_brand":[],"product_cat":[57],"product_tag":[],"class_list":{"0":"post-3677","1":"product","2":"type-product","3":"status-publish","4":"has-post-thumbnail","6":"product_cat-mu-fiber-optic-connectors","7":"desktop-align-left","8":"tablet-align-left","9":"mobile-align-left","11":"first","12":"instock","13":"shipping-taxable","14":"product-type-simple"},"acf":[],"_links":{"self":[{"href":"https:\/\/yfconnectivity.com\/fr\/wp-json\/wp\/v2\/product\/3677","targetHints":{"allow":["GET"]}}],"collection":[{"href":"https:\/\/yfconnectivity.com\/fr\/wp-json\/wp\/v2\/product"}],"about":[{"href":"https:\/\/yfconnectivity.com\/fr\/wp-json\/wp\/v2\/types\/product"}],"wp:featuredmedia":[{"embeddable":true,"href":"https:\/\/yfconnectivity.com\/fr\/wp-json\/wp\/v2\/media\/3678"}],"wp:attachment":[{"href":"https:\/\/yfconnectivity.com\/fr\/wp-json\/wp\/v2\/media?parent=3677"}],"wp:term":[{"taxonomy":"product_brand","embeddable":true,"href":"https:\/\/yfconnectivity.com\/fr\/wp-json\/wp\/v2\/product_brand?post=3677"},{"taxonomy":"product_cat","embeddable":true,"href":"https:\/\/yfconnectivity.com\/fr\/wp-json\/wp\/v2\/product_cat?post=3677"},{"taxonomy":"product_tag","embeddable":true,"href":"https:\/\/yfconnectivity.com\/fr\/wp-json\/wp\/v2\/product_tag?post=3677"}],"curies":[{"name":"wp","href":"https:\/\/api.w.org\/{rel}","templated":true}]}}