{"id":3672,"date":"2025-07-12T13:03:11","date_gmt":"2025-07-12T12:03:11","guid":{"rendered":"https:\/\/yfconnectivity.com\/?post_type=product&#038;p=3672"},"modified":"2025-07-12T13:03:12","modified_gmt":"2025-07-12T12:03:12","slug":"connecteur-mpo-apc","status":"publish","type":"product","link":"https:\/\/yfconnectivity.com\/fr\/product\/mpo-apc-connector\/","title":{"rendered":"Connecteur MPO APC"},"content":{"rendered":"<p data-start=\"113\" data-end=\"424\">Le <strong data-start=\"117\" data-end=\"138\">Connecteur MPO APC<\/strong> est con\u00e7u pour <strong data-start=\"155\" data-end=\"189\">fibre monomode haute densit\u00e9<\/strong> des applications, en soutenant <strong data-start=\"215\" data-end=\"237\">8, 12 ou 24 c\u0153urs<\/strong> dans une interface compacte multi-fibres. Il est dot\u00e9 d'un <strong data-start=\"290\" data-end=\"314\">Embout poli APC<\/strong> pour une performance optique sup\u00e9rieure avec <strong data-start=\"353\" data-end=\"396\">perte d'insertion typique aussi faible que 0,15dB<\/strong>et <strong data-start=\"402\" data-end=\"423\">perte de retour \u226560dB<\/strong>.<\/p>\n<p data-start=\"426\" data-end=\"761\">Avec une construction durable comprenant <strong data-start=\"457\" data-end=\"481\">assemblage de la virole A\/B<\/strong>, <strong data-start=\"483\" data-end=\"500\">anneau de rivetage<\/strong>et <strong data-start=\"506\" data-end=\"533\">alignement par ressort<\/strong>Le connecteur d\u00e9livre plus de <strong data-start=\"563\" data-end=\"585\">1000 cycles d'accouplement<\/strong>. Son <strong data-start=\"591\" data-end=\"622\">Structure du c\u00e2ble rond de 3,0 mm<\/strong> et <strong data-start=\"627\" data-end=\"641\">botte noire<\/strong> assurent une manipulation ais\u00e9e et une installation stable dans les <strong data-start=\"690\" data-end=\"706\">centres de donn\u00e9es<\/strong>, <strong data-start=\"708\" data-end=\"726\">Backbones FTTx<\/strong>et <strong data-start=\"732\" data-end=\"760\">interconnexions \u00e0 haut d\u00e9bit<\/strong>.<\/p>\n<p data-start=\"426\" data-end=\"761\">Pi\u00e8ces du connecteur : Capuchon anti-poussi\u00e8re, bo\u00eetier ext\u00e9rieur, embout (A\/B), ressort, bouchon, anneau de rivetage, capuchon noir<\/p>","protected":false},"excerpt":{"rendered":"<p>The MPO APC Connector is designed for high-density single-mode fiber applications, supporting 8, 12, or 24 cores in a compact, [&hellip;]<\/p>\n","protected":false},"featured_media":3673,"template":"","meta":{"_acf_changed":false,"site-sidebar-layout":"default","site-content-layout":"","ast-site-content-layout":"default","site-content-style":"default","site-sidebar-style":"default","ast-global-header-display":"","ast-banner-title-visibility":"","ast-main-header-display":"","ast-hfb-above-header-display":"","ast-hfb-below-header-display":"","ast-hfb-mobile-header-display":"","site-post-title":"","ast-breadcrumbs-content":"","ast-featured-img":"","footer-sml-layout":"","ast-disable-related-posts":"","theme-transparent-header-meta":"default","adv-header-id-meta":"","stick-header-meta":"","header-above-stick-meta":"","header-main-stick-meta":"","header-below-stick-meta":"","astra-migrate-meta-layouts":"set","ast-page-background-enabled":"default","ast-page-background-meta":{"desktop":{"background-color":"var(--ast-global-color-5)","background-image":"","background-repeat":"repeat","background-position":"center center","background-size":"auto","background-attachment":"scroll","background-type":"","background-media":"","overlay-type":"","overlay-color":"","overlay-opacity":"","overlay-gradient":""},"tablet":{"background-color":"","background-image":"","background-repeat":"repeat","background-position":"center center","background-size":"auto","background-attachment":"scroll","background-type":"","background-media":"","overlay-type":"","overlay-color":"","overlay-opacity":"","overlay-gradient":""},"mobile":{"background-color":"","background-image":"","background-repeat":"repeat","background-position":"center center","background-size":"auto","background-attachment":"scroll","background-type":"","background-media":"","overlay-type":"","overlay-color":"","overlay-opacity":"","overlay-gradient":""}},"ast-content-background-meta":{"desktop":{"background-color":"var(--ast-global-color-4)","background-image":"","background-repeat":"repeat","background-position":"center center","background-size":"auto","background-attachment":"scroll","background-type":"","background-media":"","overlay-type":"","overlay-color":"","overlay-opacity":"","overlay-gradient":""},"tablet":{"background-color":"var(--ast-global-color-4)","background-image":"","background-repeat":"repeat","background-position":"center center","background-size":"auto","background-attachment":"scroll","background-type":"","background-media":"","overlay-type":"","overlay-color":"","overlay-opacity":"","overlay-gradient":""},"mobile":{"background-color":"var(--ast-global-color-4)","background-image":"","background-repeat":"repeat","background-position":"center center","background-size":"auto","background-attachment":"scroll","background-type":"","background-media":"","overlay-type":"","overlay-color":"","overlay-opacity":"","overlay-gradient":""}}},"product_brand":[],"product_cat":[54],"product_tag":[],"class_list":{"0":"post-3672","1":"product","2":"type-product","3":"status-publish","4":"has-post-thumbnail","6":"product_cat-mpo-fiber-optic-connectors","7":"desktop-align-left","8":"tablet-align-left","9":"mobile-align-left","11":"first","12":"instock","13":"shipping-taxable","14":"product-type-simple"},"acf":[],"_links":{"self":[{"href":"https:\/\/yfconnectivity.com\/fr\/wp-json\/wp\/v2\/product\/3672","targetHints":{"allow":["GET"]}}],"collection":[{"href":"https:\/\/yfconnectivity.com\/fr\/wp-json\/wp\/v2\/product"}],"about":[{"href":"https:\/\/yfconnectivity.com\/fr\/wp-json\/wp\/v2\/types\/product"}],"wp:featuredmedia":[{"embeddable":true,"href":"https:\/\/yfconnectivity.com\/fr\/wp-json\/wp\/v2\/media\/3673"}],"wp:attachment":[{"href":"https:\/\/yfconnectivity.com\/fr\/wp-json\/wp\/v2\/media?parent=3672"}],"wp:term":[{"taxonomy":"product_brand","embeddable":true,"href":"https:\/\/yfconnectivity.com\/fr\/wp-json\/wp\/v2\/product_brand?post=3672"},{"taxonomy":"product_cat","embeddable":true,"href":"https:\/\/yfconnectivity.com\/fr\/wp-json\/wp\/v2\/product_cat?post=3672"},{"taxonomy":"product_tag","embeddable":true,"href":"https:\/\/yfconnectivity.com\/fr\/wp-json\/wp\/v2\/product_tag?post=3672"}],"curies":[{"name":"wp","href":"https:\/\/api.w.org\/{rel}","templated":true}]}}