{"id":3667,"date":"2025-07-12T11:14:00","date_gmt":"2025-07-12T10:14:00","guid":{"rendered":"https:\/\/yfconnectivity.com\/?post_type=product&#038;p=3667"},"modified":"2025-07-12T11:14:00","modified_gmt":"2025-07-12T10:14:00","slug":"connecteur-st-apc-0-9mm","status":"publish","type":"product","link":"https:\/\/yfconnectivity.com\/fr\/product\/st-apc-0-9mm-connector\/","title":{"rendered":"Connecteur ST APC 0,9 mm"},"content":{"rendered":"<p data-start=\"146\" data-end=\"496\">Le <strong data-start=\"150\" data-end=\"176\">Connecteur ST APC 0,9 mm<\/strong> est une solution compacte et de haute pr\u00e9cision pour les <strong data-start=\"219\" data-end=\"248\">fibre simplex monomode<\/strong> \u00e0 l'aide d'un <strong data-start=\"270\" data-end=\"300\">C\u00e2ble \u00e0 bourrelet serr\u00e9 de 0,9 mm<\/strong>. Il est dot\u00e9 d'un <strong data-start=\"316\" data-end=\"353\">raccord \u00e0 ba\u00efonnette \u00e0 verrouillage tournant<\/strong> pour des connexions rapides et s\u00fbres, ainsi qu'un <strong data-start=\"402\" data-end=\"426\">Embout poli APC<\/strong> pour garantir <strong data-start=\"437\" data-end=\"469\">faible perte d'insertion (\u22640,25dB)<\/strong> et <strong data-start=\"474\" data-end=\"495\">perte de retour \u226560dB<\/strong>.<\/p>\n<p data-start=\"498\" data-end=\"766\">Sa structure simple avec <strong data-start=\"524\" data-end=\"537\">anneau d'arr\u00eat<\/strong>, <strong data-start=\"539\" data-end=\"553\">botte verte<\/strong>L'ensemble de ressorts robustes soutient <strong data-start=\"591\" data-end=\"618\">plus de 1000 cycles d'accouplement<\/strong>Il s'agit donc d'une solution id\u00e9ale pour <strong data-start=\"640\" data-end=\"658\">\u00e9quipement de test<\/strong>, <strong data-start=\"660\" data-end=\"680\">r\u00e9seaux de t\u00e9l\u00e9communications<\/strong>et <strong data-start=\"686\" data-end=\"712\">les installations d'instrumentation<\/strong> o\u00f9 des connecteurs fiables et peu encombrants sont n\u00e9cessaires.<\/p>\n<p data-start=\"498\" data-end=\"766\">Pi\u00e8ces du connecteur : Capuchon anti-poussi\u00e8re, assemblage de la virole, ressort, cadre ext\u00e9rieur, anneau d'arr\u00eat, gaine verte<\/p>","protected":false},"excerpt":{"rendered":"<p>The ST APC 0.9mm Connector is a compact, high-precision solution for single-mode simplex fiber applications using a 0.9mm tight-buffered cable. [&hellip;]<\/p>\n","protected":false},"featured_media":3668,"template":"","meta":{"_acf_changed":false,"site-sidebar-layout":"default","site-content-layout":"","ast-site-content-layout":"default","site-content-style":"default","site-sidebar-style":"default","ast-global-header-display":"","ast-banner-title-visibility":"","ast-main-header-display":"","ast-hfb-above-header-display":"","ast-hfb-below-header-display":"","ast-hfb-mobile-header-display":"","site-post-title":"","ast-breadcrumbs-content":"","ast-featured-img":"","footer-sml-layout":"","ast-disable-related-posts":"","theme-transparent-header-meta":"default","adv-header-id-meta":"","stick-header-meta":"","header-above-stick-meta":"","header-main-stick-meta":"","header-below-stick-meta":"","astra-migrate-meta-layouts":"set","ast-page-background-enabled":"default","ast-page-background-meta":{"desktop":{"background-color":"var(--ast-global-color-5)","background-image":"","background-repeat":"repeat","background-position":"center center","background-size":"auto","background-attachment":"scroll","background-type":"","background-media":"","overlay-type":"","overlay-color":"","overlay-opacity":"","overlay-gradient":""},"tablet":{"background-color":"","background-image":"","background-repeat":"repeat","background-position":"center center","background-size":"auto","background-attachment":"scroll","background-type":"","background-media":"","overlay-type":"","overlay-color":"","overlay-opacity":"","overlay-gradient":""},"mobile":{"background-color":"","background-image":"","background-repeat":"repeat","background-position":"center center","background-size":"auto","background-attachment":"scroll","background-type":"","background-media":"","overlay-type":"","overlay-color":"","overlay-opacity":"","overlay-gradient":""}},"ast-content-background-meta":{"desktop":{"background-color":"var(--ast-global-color-4)","background-image":"","background-repeat":"repeat","background-position":"center center","background-size":"auto","background-attachment":"scroll","background-type":"","background-media":"","overlay-type":"","overlay-color":"","overlay-opacity":"","overlay-gradient":""},"tablet":{"background-color":"var(--ast-global-color-4)","background-image":"","background-repeat":"repeat","background-position":"center center","background-size":"auto","background-attachment":"scroll","background-type":"","background-media":"","overlay-type":"","overlay-color":"","overlay-opacity":"","overlay-gradient":""},"mobile":{"background-color":"var(--ast-global-color-4)","background-image":"","background-repeat":"repeat","background-position":"center center","background-size":"auto","background-attachment":"scroll","background-type":"","background-media":"","overlay-type":"","overlay-color":"","overlay-opacity":"","overlay-gradient":""}}},"product_brand":[],"product_cat":[53],"product_tag":[],"class_list":{"0":"post-3667","1":"product","2":"type-product","3":"status-publish","4":"has-post-thumbnail","6":"product_cat-st-fiber-optic-connectors","7":"desktop-align-left","8":"tablet-align-left","9":"mobile-align-left","11":"first","12":"instock","13":"shipping-taxable","14":"product-type-simple"},"acf":[],"_links":{"self":[{"href":"https:\/\/yfconnectivity.com\/fr\/wp-json\/wp\/v2\/product\/3667","targetHints":{"allow":["GET"]}}],"collection":[{"href":"https:\/\/yfconnectivity.com\/fr\/wp-json\/wp\/v2\/product"}],"about":[{"href":"https:\/\/yfconnectivity.com\/fr\/wp-json\/wp\/v2\/types\/product"}],"wp:featuredmedia":[{"embeddable":true,"href":"https:\/\/yfconnectivity.com\/fr\/wp-json\/wp\/v2\/media\/3668"}],"wp:attachment":[{"href":"https:\/\/yfconnectivity.com\/fr\/wp-json\/wp\/v2\/media?parent=3667"}],"wp:term":[{"taxonomy":"product_brand","embeddable":true,"href":"https:\/\/yfconnectivity.com\/fr\/wp-json\/wp\/v2\/product_brand?post=3667"},{"taxonomy":"product_cat","embeddable":true,"href":"https:\/\/yfconnectivity.com\/fr\/wp-json\/wp\/v2\/product_cat?post=3667"},{"taxonomy":"product_tag","embeddable":true,"href":"https:\/\/yfconnectivity.com\/fr\/wp-json\/wp\/v2\/product_tag?post=3667"}],"curies":[{"name":"wp","href":"https:\/\/api.w.org\/{rel}","templated":true}]}}