{"id":3658,"date":"2025-07-12T09:15:25","date_gmt":"2025-07-12T08:15:25","guid":{"rendered":"https:\/\/yfconnectivity.com\/?post_type=product&#038;p=3658"},"modified":"2025-07-12T09:19:25","modified_gmt":"2025-07-12T08:19:25","slug":"connecteur-lc-uniboot-avec-commutateur-de-polarite-2","status":"publish","type":"product","link":"https:\/\/yfconnectivity.com\/fr\/product\/lc-uniboot-connector-with-switch-polarity-2\/","title":{"rendered":"Connecteur LC Uniboot avec commutateur de polarit\u00e9-2"},"content":{"rendered":"<p data-start=\"134\" data-end=\"407\">Le <strong data-start=\"138\" data-end=\"200\">Connecteur LC APC Uniboot avec polarit\u00e9 commutable (Type-2)<\/strong> offre une solution compacte et efficace pour les connexions duplex en fibre monomode. Ses <strong data-start=\"287\" data-end=\"323\">conception de l'interrupteur de polarit\u00e9 sans outil<\/strong> simplifie l'installation et garantit un acheminement correct des signaux dans les syst\u00e8mes \u00e0 haute densit\u00e9.<\/p>\n<p data-start=\"409\" data-end=\"733\">Con\u00e7ue avec un <strong data-start=\"427\" data-end=\"453\">cadre int\u00e9rieur renforc\u00e9<\/strong>, <strong data-start=\"455\" data-end=\"481\">protection thermor\u00e9tractable<\/strong>et <strong data-start=\"487\" data-end=\"504\">anneau de rivetage<\/strong>Ce connecteur am\u00e9liore la d\u00e9charge de traction des c\u00e2bles et la durabilit\u00e9 \u00e0 long terme. Avec <strong data-start=\"581\" data-end=\"607\">perte d'insertion \u22640.25dB<\/strong> et <strong data-start=\"612\" data-end=\"633\">perte de retour \u226560dB<\/strong>Il assure une performance stable du signal dans les <strong data-start=\"675\" data-end=\"683\">FTTx<\/strong>, <strong data-start=\"685\" data-end=\"702\">salles de t\u00e9l\u00e9communications<\/strong>et <strong data-start=\"708\" data-end=\"732\">armoires pour centres de donn\u00e9es<\/strong>.<\/p>","protected":false},"excerpt":{"rendered":"<p>The LC APC Uniboot Connector with Switchable Polarity (Type-2) offers a compact and efficient solution for duplex single-mode fiber connections. [&hellip;]<\/p>\n","protected":false},"featured_media":3660,"template":"","meta":{"_acf_changed":false,"site-sidebar-layout":"default","site-content-layout":"","ast-site-content-layout":"default","site-content-style":"default","site-sidebar-style":"default","ast-global-header-display":"","ast-banner-title-visibility":"","ast-main-header-display":"","ast-hfb-above-header-display":"","ast-hfb-below-header-display":"","ast-hfb-mobile-header-display":"","site-post-title":"","ast-breadcrumbs-content":"","ast-featured-img":"","footer-sml-layout":"","ast-disable-related-posts":"","theme-transparent-header-meta":"default","adv-header-id-meta":"","stick-header-meta":"","header-above-stick-meta":"","header-main-stick-meta":"","header-below-stick-meta":"","astra-migrate-meta-layouts":"set","ast-page-background-enabled":"default","ast-page-background-meta":{"desktop":{"background-color":"var(--ast-global-color-5)","background-image":"","background-repeat":"repeat","background-position":"center center","background-size":"auto","background-attachment":"scroll","background-type":"","background-media":"","overlay-type":"","overlay-color":"","overlay-opacity":"","overlay-gradient":""},"tablet":{"background-color":"","background-image":"","background-repeat":"repeat","background-position":"center center","background-size":"auto","background-attachment":"scroll","background-type":"","background-media":"","overlay-type":"","overlay-color":"","overlay-opacity":"","overlay-gradient":""},"mobile":{"background-color":"","background-image":"","background-repeat":"repeat","background-position":"center center","background-size":"auto","background-attachment":"scroll","background-type":"","background-media":"","overlay-type":"","overlay-color":"","overlay-opacity":"","overlay-gradient":""}},"ast-content-background-meta":{"desktop":{"background-color":"var(--ast-global-color-4)","background-image":"","background-repeat":"repeat","background-position":"center center","background-size":"auto","background-attachment":"scroll","background-type":"","background-media":"","overlay-type":"","overlay-color":"","overlay-opacity":"","overlay-gradient":""},"tablet":{"background-color":"var(--ast-global-color-4)","background-image":"","background-repeat":"repeat","background-position":"center center","background-size":"auto","background-attachment":"scroll","background-type":"","background-media":"","overlay-type":"","overlay-color":"","overlay-opacity":"","overlay-gradient":""},"mobile":{"background-color":"var(--ast-global-color-4)","background-image":"","background-repeat":"repeat","background-position":"center center","background-size":"auto","background-attachment":"scroll","background-type":"","background-media":"","overlay-type":"","overlay-color":"","overlay-opacity":"","overlay-gradient":""}}},"product_brand":[],"product_cat":[47],"product_tag":[],"class_list":{"0":"post-3658","1":"product","2":"type-product","3":"status-publish","4":"has-post-thumbnail","6":"product_cat-lc-fiber-optic-connectors","7":"desktop-align-left","8":"tablet-align-left","9":"mobile-align-left","11":"first","12":"instock","13":"shipping-taxable","14":"product-type-simple"},"acf":[],"_links":{"self":[{"href":"https:\/\/yfconnectivity.com\/fr\/wp-json\/wp\/v2\/product\/3658","targetHints":{"allow":["GET"]}}],"collection":[{"href":"https:\/\/yfconnectivity.com\/fr\/wp-json\/wp\/v2\/product"}],"about":[{"href":"https:\/\/yfconnectivity.com\/fr\/wp-json\/wp\/v2\/types\/product"}],"wp:featuredmedia":[{"embeddable":true,"href":"https:\/\/yfconnectivity.com\/fr\/wp-json\/wp\/v2\/media\/3660"}],"wp:attachment":[{"href":"https:\/\/yfconnectivity.com\/fr\/wp-json\/wp\/v2\/media?parent=3658"}],"wp:term":[{"taxonomy":"product_brand","embeddable":true,"href":"https:\/\/yfconnectivity.com\/fr\/wp-json\/wp\/v2\/product_brand?post=3658"},{"taxonomy":"product_cat","embeddable":true,"href":"https:\/\/yfconnectivity.com\/fr\/wp-json\/wp\/v2\/product_cat?post=3658"},{"taxonomy":"product_tag","embeddable":true,"href":"https:\/\/yfconnectivity.com\/fr\/wp-json\/wp\/v2\/product_tag?post=3658"}],"curies":[{"name":"wp","href":"https:\/\/api.w.org\/{rel}","templated":true}]}}