{"id":2978,"date":"2025-06-25T10:19:22","date_gmt":"2025-06-25T09:19:22","guid":{"rendered":"https:\/\/yfconnectivity.com\/?post_type=product&#038;p=2978"},"modified":"2025-07-11T13:34:57","modified_gmt":"2025-07-11T12:34:57","slug":"sc-apc-2-0mm-3-0mm-dx-connector","status":"publish","type":"product","link":"https:\/\/yfconnectivity.com\/fr\/product\/sc-apc-2-0mm-3-0mm-dx-connector\/","title":{"rendered":"Connecteur DX SC\/APC 2,0mm\/3,0mm"},"content":{"rendered":"<p>Ce connecteur duplex SC\/APC est con\u00e7u pour des connexions en fibre optique monomode de haute performance, offrant des performances optiques stables avec une faible perte d'insertion et une perte de retour \u00e9lev\u00e9e. Il pr\u00e9sente une structure durable avec deux canaux, ce qui le rend id\u00e9al pour les applications n\u00e9cessitant une transmission de donn\u00e9es bidirectionnelle simultan\u00e9e.<\/p>\n<p>Pi\u00e8ces du connecteur : Capuchon anti-poussi\u00e8re, bo\u00eetier ext\u00e9rieur vert, cadre int\u00e9rieur, virole, ressort, bouchon, jeux de sertissage, anneau, gaine rouge noire, clip vert<\/p>","protected":false},"excerpt":{"rendered":"<p>This SC\/APC duplex connector is designed for high-performance single mode fiber optic connections, offering stable optical performance with low insertion [&hellip;]<\/p>\n","protected":false},"featured_media":2979,"template":"","meta":{"_acf_changed":false,"site-sidebar-layout":"default","site-content-layout":"","ast-site-content-layout":"default","site-content-style":"default","site-sidebar-style":"default","ast-global-header-display":"","ast-banner-title-visibility":"","ast-main-header-display":"","ast-hfb-above-header-display":"","ast-hfb-below-header-display":"","ast-hfb-mobile-header-display":"","site-post-title":"","ast-breadcrumbs-content":"","ast-featured-img":"","footer-sml-layout":"","ast-disable-related-posts":"","theme-transparent-header-meta":"default","adv-header-id-meta":"","stick-header-meta":"","header-above-stick-meta":"","header-main-stick-meta":"","header-below-stick-meta":"","astra-migrate-meta-layouts":"set","ast-page-background-enabled":"default","ast-page-background-meta":{"desktop":{"background-color":"var(--ast-global-color-5)","background-image":"","background-repeat":"repeat","background-position":"center center","background-size":"auto","background-attachment":"scroll","background-type":"","background-media":"","overlay-type":"","overlay-color":"","overlay-opacity":"","overlay-gradient":""},"tablet":{"background-color":"","background-image":"","background-repeat":"repeat","background-position":"center center","background-size":"auto","background-attachment":"scroll","background-type":"","background-media":"","overlay-type":"","overlay-color":"","overlay-opacity":"","overlay-gradient":""},"mobile":{"background-color":"","background-image":"","background-repeat":"repeat","background-position":"center center","background-size":"auto","background-attachment":"scroll","background-type":"","background-media":"","overlay-type":"","overlay-color":"","overlay-opacity":"","overlay-gradient":""}},"ast-content-background-meta":{"desktop":{"background-color":"var(--ast-global-color-4)","background-image":"","background-repeat":"repeat","background-position":"center center","background-size":"auto","background-attachment":"scroll","background-type":"","background-media":"","overlay-type":"","overlay-color":"","overlay-opacity":"","overlay-gradient":""},"tablet":{"background-color":"var(--ast-global-color-4)","background-image":"","background-repeat":"repeat","background-position":"center center","background-size":"auto","background-attachment":"scroll","background-type":"","background-media":"","overlay-type":"","overlay-color":"","overlay-opacity":"","overlay-gradient":""},"mobile":{"background-color":"var(--ast-global-color-4)","background-image":"","background-repeat":"repeat","background-position":"center center","background-size":"auto","background-attachment":"scroll","background-type":"","background-media":"","overlay-type":"","overlay-color":"","overlay-opacity":"","overlay-gradient":""}}},"product_brand":[],"product_cat":[48],"product_tag":[],"class_list":{"0":"post-2978","1":"product","2":"type-product","3":"status-publish","4":"has-post-thumbnail","6":"product_cat-sc-fiber-optic-coneectors","7":"desktop-align-left","8":"tablet-align-left","9":"mobile-align-left","11":"first","12":"instock","13":"shipping-taxable","14":"product-type-simple"},"acf":[],"_links":{"self":[{"href":"https:\/\/yfconnectivity.com\/fr\/wp-json\/wp\/v2\/product\/2978","targetHints":{"allow":["GET"]}}],"collection":[{"href":"https:\/\/yfconnectivity.com\/fr\/wp-json\/wp\/v2\/product"}],"about":[{"href":"https:\/\/yfconnectivity.com\/fr\/wp-json\/wp\/v2\/types\/product"}],"wp:featuredmedia":[{"embeddable":true,"href":"https:\/\/yfconnectivity.com\/fr\/wp-json\/wp\/v2\/media\/2979"}],"wp:attachment":[{"href":"https:\/\/yfconnectivity.com\/fr\/wp-json\/wp\/v2\/media?parent=2978"}],"wp:term":[{"taxonomy":"product_brand","embeddable":true,"href":"https:\/\/yfconnectivity.com\/fr\/wp-json\/wp\/v2\/product_brand?post=2978"},{"taxonomy":"product_cat","embeddable":true,"href":"https:\/\/yfconnectivity.com\/fr\/wp-json\/wp\/v2\/product_cat?post=2978"},{"taxonomy":"product_tag","embeddable":true,"href":"https:\/\/yfconnectivity.com\/fr\/wp-json\/wp\/v2\/product_tag?post=2978"}],"curies":[{"name":"wp","href":"https:\/\/api.w.org\/{rel}","templated":true}]}}