{"id":2515,"date":"2025-05-21T09:52:50","date_gmt":"2025-05-21T08:52:50","guid":{"rendered":"https:\/\/yfconnectivity.com\/?post_type=product&#038;p=2515"},"modified":"2025-07-11T13:35:41","modified_gmt":"2025-07-11T12:35:41","slug":"sc-upc-0-9mm-connecteur-fibre-optique","status":"publish","type":"product","link":"https:\/\/yfconnectivity.com\/fr\/product\/sc-upc-0-9mm-fiber-optic-connector\/","title":{"rendered":"Connecteur SC\/UPC 0,9 mm"},"content":{"rendered":"<p class=\"\" data-start=\"117\" data-end=\"199\"><strong data-start=\"117\" data-end=\"199\">Connecteur SC\/UPC 0.9mm pour fibre optique - Haute pr\u00e9cision, multicolore, type simplex<\/strong><\/p>\n<p class=\"\" data-start=\"201\" data-end=\"506\">Le connecteur SC\/UPC 0,9 mm est un connecteur fibre optique simplex haute performance con\u00e7u pour des terminaisons rapides et fiables dans les r\u00e9seaux fibre monomode. Con\u00e7u pour la durabilit\u00e9 et une faible perte d'insertion, ce connecteur offre une perte de retour \u00e9lev\u00e9e (\u226555dB) avec le type de polissage UPC pour des performances de signal stables.<\/p>\n<p class=\"\" data-start=\"508\" data-end=\"858\">Ce connecteur est dot\u00e9 d'un capuchon standard de 0,9 mm, adapt\u00e9 \u00e0 diff\u00e9rentes applications de codage et de gestion de r\u00e9seau. Ses composants internes comprennent une virole en c\u00e9ramique de pr\u00e9cision, un ressort, un bouchon, un capuchon et un bo\u00eetier de protection, ce qui garantit des performances optiques constantes et &gt;1000 cycles d'accouplement.<\/p>\n<p class=\"\" data-start=\"860\" data-end=\"1086\">Largement utilis\u00e9 dans les c\u00e2bles de raccordement \u00e0 fibre, les pigtails et les kits de terminaison sur site, le connecteur SC\/UPC offre une installation facile, des performances stables et un code couleur pratique dans les centres de donn\u00e9es, les d\u00e9ploiements FTTx et les r\u00e9seaux de t\u00e9l\u00e9communications.<\/p>","protected":false},"excerpt":{"rendered":"<p>SC\/UPC 0.9mm Fiber Optic Connector \u2013 High-Precision, Multi-Color, Simplex Type The SC\/UPC 0.9mm connector is a high-performance simplex fiber optic [&hellip;]<\/p>\n","protected":false},"featured_media":2519,"template":"","meta":{"_acf_changed":false,"site-sidebar-layout":"default","site-content-layout":"","ast-site-content-layout":"default","site-content-style":"default","site-sidebar-style":"default","ast-global-header-display":"","ast-banner-title-visibility":"","ast-main-header-display":"","ast-hfb-above-header-display":"","ast-hfb-below-header-display":"","ast-hfb-mobile-header-display":"","site-post-title":"","ast-breadcrumbs-content":"","ast-featured-img":"","footer-sml-layout":"","ast-disable-related-posts":"","theme-transparent-header-meta":"default","adv-header-id-meta":"","stick-header-meta":"","header-above-stick-meta":"","header-main-stick-meta":"","header-below-stick-meta":"","astra-migrate-meta-layouts":"set","ast-page-background-enabled":"default","ast-page-background-meta":{"desktop":{"background-color":"var(--ast-global-color-5)","background-image":"","background-repeat":"repeat","background-position":"center center","background-size":"auto","background-attachment":"scroll","background-type":"","background-media":"","overlay-type":"","overlay-color":"","overlay-opacity":"","overlay-gradient":""},"tablet":{"background-color":"","background-image":"","background-repeat":"repeat","background-position":"center center","background-size":"auto","background-attachment":"scroll","background-type":"","background-media":"","overlay-type":"","overlay-color":"","overlay-opacity":"","overlay-gradient":""},"mobile":{"background-color":"","background-image":"","background-repeat":"repeat","background-position":"center center","background-size":"auto","background-attachment":"scroll","background-type":"","background-media":"","overlay-type":"","overlay-color":"","overlay-opacity":"","overlay-gradient":""}},"ast-content-background-meta":{"desktop":{"background-color":"var(--ast-global-color-4)","background-image":"","background-repeat":"repeat","background-position":"center center","background-size":"auto","background-attachment":"scroll","background-type":"","background-media":"","overlay-type":"","overlay-color":"","overlay-opacity":"","overlay-gradient":""},"tablet":{"background-color":"var(--ast-global-color-4)","background-image":"","background-repeat":"repeat","background-position":"center center","background-size":"auto","background-attachment":"scroll","background-type":"","background-media":"","overlay-type":"","overlay-color":"","overlay-opacity":"","overlay-gradient":""},"mobile":{"background-color":"var(--ast-global-color-4)","background-image":"","background-repeat":"repeat","background-position":"center center","background-size":"auto","background-attachment":"scroll","background-type":"","background-media":"","overlay-type":"","overlay-color":"","overlay-opacity":"","overlay-gradient":""}}},"product_brand":[],"product_cat":[48],"product_tag":[],"class_list":{"0":"post-2515","1":"product","2":"type-product","3":"status-publish","4":"has-post-thumbnail","6":"product_cat-sc-fiber-optic-coneectors","7":"desktop-align-left","8":"tablet-align-left","9":"mobile-align-left","11":"first","12":"instock","13":"shipping-taxable","14":"product-type-simple"},"acf":[],"_links":{"self":[{"href":"https:\/\/yfconnectivity.com\/fr\/wp-json\/wp\/v2\/product\/2515","targetHints":{"allow":["GET"]}}],"collection":[{"href":"https:\/\/yfconnectivity.com\/fr\/wp-json\/wp\/v2\/product"}],"about":[{"href":"https:\/\/yfconnectivity.com\/fr\/wp-json\/wp\/v2\/types\/product"}],"wp:featuredmedia":[{"embeddable":true,"href":"https:\/\/yfconnectivity.com\/fr\/wp-json\/wp\/v2\/media\/2519"}],"wp:attachment":[{"href":"https:\/\/yfconnectivity.com\/fr\/wp-json\/wp\/v2\/media?parent=2515"}],"wp:term":[{"taxonomy":"product_brand","embeddable":true,"href":"https:\/\/yfconnectivity.com\/fr\/wp-json\/wp\/v2\/product_brand?post=2515"},{"taxonomy":"product_cat","embeddable":true,"href":"https:\/\/yfconnectivity.com\/fr\/wp-json\/wp\/v2\/product_cat?post=2515"},{"taxonomy":"product_tag","embeddable":true,"href":"https:\/\/yfconnectivity.com\/fr\/wp-json\/wp\/v2\/product_tag?post=2515"}],"curies":[{"name":"wp","href":"https:\/\/api.w.org\/{rel}","templated":true}]}}