{"id":7168,"date":"2026-01-28T09:08:40","date_gmt":"2026-01-28T08:08:40","guid":{"rendered":"https:\/\/yfconnectivity.com\/?post_type=product&#038;p=7168"},"modified":"2026-01-28T09:53:40","modified_gmt":"2026-01-28T08:53:40","slug":"conector-de-campo-rapido-de-fibra-lc-apc","status":"publish","type":"product","link":"https:\/\/yfconnectivity.com\/es\/product\/lc-apc-fiber-quick-field-connector\/","title":{"rendered":"LC APC Conector r\u00e1pido de fibra \u00f3ptica para cable de acometida"},"content":{"rendered":"<p data-start=\"457\" data-end=\"787\">El conector r\u00e1pido de fibra \u00f3ptica LC APC est\u00e1 dise\u00f1ado para redes de fibra de alta densidad en las que el tama\u00f1o compacto y la baja reflexi\u00f3n posterior son fundamentales. Al combinar el factor de forma del conector LC con el pulido en \u00e1ngulo APC, este conector r\u00e1pido proporciona un rendimiento \u00f3ptico fiable para aplicaciones FTTH, FTTx y de comunicaci\u00f3n de datos.<\/p>\n<p data-start=\"789\" data-end=\"1108\">Gracias a la tecnolog\u00eda de empalme mec\u00e1nico de fibra preincorporada, el conector permite una r\u00e1pida terminaci\u00f3n in situ sin necesidad de epoxi, pulido o empalme por fusi\u00f3n. Tras la terminaci\u00f3n, tanto el rendimiento \u00f3ptico como el mec\u00e1nico cumplen los est\u00e1ndares de los cables de conexi\u00f3n, por lo que es adecuado para cables de conexi\u00f3n fabricados in situ y para el despliegue r\u00e1pido de redes.<\/p>\n<p data-start=\"1110\" data-end=\"1333\">Con una baja p\u00e9rdida de inserci\u00f3n y una alta p\u00e9rdida de retorno, el conector r\u00e1pido LC APC se utiliza ampliamente en salas de equipos \u00f3pticos, cuadros de distribuci\u00f3n de fibra y redes de acceso donde se requiere eficiencia de espacio y estabilidad de la se\u00f1al.<\/p>\n<ul>\n<li data-start=\"1371\" data-end=\"1442\">Dise\u00f1o de conector LC compacto, ideal para instalaciones de alta densidad<\/li>\n<li data-start=\"1371\" data-end=\"1442\">Pulido angular de las caras frontales APC para reducir la reflexi\u00f3n trasera<\/li>\n<li data-start=\"1371\" data-end=\"1442\">Tecnolog\u00eda de empalme mec\u00e1nico de fibra preincorporada<\/li>\n<li data-start=\"1371\" data-end=\"1442\">Sin epoxi, sin pulido, sin necesidad de empalmes de fusi\u00f3n<\/li>\n<li data-start=\"1371\" data-end=\"1442\">Corto tiempo de funcionamiento y f\u00e1cil instalaci\u00f3n sobre el terreno<\/li>\n<li data-start=\"1371\" data-end=\"1442\">Rendimiento \u00f3ptico comparable al de los cables de conexi\u00f3n fabricados en f\u00e1brica<\/li>\n<\/ul>","protected":false},"excerpt":{"rendered":"<p>The LC APC Fast Fiber Optic Connector is designed for high-density fiber networks where compact size and low back reflection [&hellip;]<\/p>\n","protected":false},"featured_media":7169,"template":"","meta":{"_acf_changed":false,"site-sidebar-layout":"default","site-content-layout":"","ast-site-content-layout":"default","site-content-style":"default","site-sidebar-style":"default","ast-global-header-display":"","ast-banner-title-visibility":"","ast-main-header-display":"","ast-hfb-above-header-display":"","ast-hfb-below-header-display":"","ast-hfb-mobile-header-display":"","site-post-title":"","ast-breadcrumbs-content":"","ast-featured-img":"","footer-sml-layout":"","ast-disable-related-posts":"","theme-transparent-header-meta":"default","adv-header-id-meta":"","stick-header-meta":"","header-above-stick-meta":"","header-main-stick-meta":"","header-below-stick-meta":"","astra-migrate-meta-layouts":"set","ast-page-background-enabled":"default","ast-page-background-meta":{"desktop":{"background-color":"var(--ast-global-color-5)","background-image":"","background-repeat":"repeat","background-position":"center center","background-size":"auto","background-attachment":"scroll","background-type":"","background-media":"","overlay-type":"","overlay-color":"","overlay-opacity":"","overlay-gradient":""},"tablet":{"background-color":"","background-image":"","background-repeat":"repeat","background-position":"center center","background-size":"auto","background-attachment":"scroll","background-type":"","background-media":"","overlay-type":"","overlay-color":"","overlay-opacity":"","overlay-gradient":""},"mobile":{"background-color":"","background-image":"","background-repeat":"repeat","background-position":"center center","background-size":"auto","background-attachment":"scroll","background-type":"","background-media":"","overlay-type":"","overlay-color":"","overlay-opacity":"","overlay-gradient":""}},"ast-content-background-meta":{"desktop":{"background-color":"var(--ast-global-color-4)","background-image":"","background-repeat":"repeat","background-position":"center center","background-size":"auto","background-attachment":"scroll","background-type":"","background-media":"","overlay-type":"","overlay-color":"","overlay-opacity":"","overlay-gradient":""},"tablet":{"background-color":"var(--ast-global-color-4)","background-image":"","background-repeat":"repeat","background-position":"center center","background-size":"auto","background-attachment":"scroll","background-type":"","background-media":"","overlay-type":"","overlay-color":"","overlay-opacity":"","overlay-gradient":""},"mobile":{"background-color":"var(--ast-global-color-4)","background-image":"","background-repeat":"repeat","background-position":"center center","background-size":"auto","background-attachment":"scroll","background-type":"","background-media":"","overlay-type":"","overlay-color":"","overlay-opacity":"","overlay-gradient":""}}},"product_brand":[],"product_cat":[68],"product_tag":[],"class_list":{"0":"post-7168","1":"product","2":"type-product","3":"status-publish","4":"has-post-thumbnail","6":"product_cat-fiber-optic-fast-connector","7":"desktop-align-left","8":"tablet-align-left","9":"mobile-align-left","11":"first","12":"instock","13":"shipping-taxable","14":"product-type-simple"},"acf":[],"_links":{"self":[{"href":"https:\/\/yfconnectivity.com\/es\/wp-json\/wp\/v2\/product\/7168","targetHints":{"allow":["GET"]}}],"collection":[{"href":"https:\/\/yfconnectivity.com\/es\/wp-json\/wp\/v2\/product"}],"about":[{"href":"https:\/\/yfconnectivity.com\/es\/wp-json\/wp\/v2\/types\/product"}],"wp:featuredmedia":[{"embeddable":true,"href":"https:\/\/yfconnectivity.com\/es\/wp-json\/wp\/v2\/media\/7169"}],"wp:attachment":[{"href":"https:\/\/yfconnectivity.com\/es\/wp-json\/wp\/v2\/media?parent=7168"}],"wp:term":[{"taxonomy":"product_brand","embeddable":true,"href":"https:\/\/yfconnectivity.com\/es\/wp-json\/wp\/v2\/product_brand?post=7168"},{"taxonomy":"product_cat","embeddable":true,"href":"https:\/\/yfconnectivity.com\/es\/wp-json\/wp\/v2\/product_cat?post=7168"},{"taxonomy":"product_tag","embeddable":true,"href":"https:\/\/yfconnectivity.com\/es\/wp-json\/wp\/v2\/product_tag?post=7168"}],"curies":[{"name":"wp","href":"https:\/\/api.w.org\/{rel}","templated":true}]}}