{"id":7152,"date":"2026-01-28T08:21:54","date_gmt":"2026-01-28T07:21:54","guid":{"rendered":"https:\/\/yfconnectivity.com\/?post_type=product&#038;p=7152"},"modified":"2026-01-28T08:44:33","modified_gmt":"2026-01-28T07:44:33","slug":"conector-rapido-con-bloqueo-mecanico","status":"publish","type":"product","link":"https:\/\/yfconnectivity.com\/es\/product\/fast-connector-with-mechanical-lock\/","title":{"rendered":"SC UPC Conector de campo r\u00e1pido con bloqueo"},"content":{"rendered":"<p data-start=\"502\" data-end=\"710\">El conector r\u00e1pido de campo SC UPC con mecanismo de bloqueo mec\u00e1nico es una soluci\u00f3n mejorada dise\u00f1ada para proporcionar una fijaci\u00f3n m\u00e1s estable de la fibra y una mayor fiabilidad de la instalaci\u00f3n durante la terminaci\u00f3n de campo.<\/p>\n<p data-start=\"712\" data-end=\"1031\">Este conector incorpora un manguito de bloqueo externo que fija firmemente la fibra desnuda tras su inserci\u00f3n, evitando el movimiento de la fibra en caso de tirones, vibraciones o uso prolongado. En comparaci\u00f3n con los conectores r\u00e1pidos est\u00e1ndar, la estructura de bloqueo mejora la estabilidad mec\u00e1nica al tiempo que mantiene una instalaci\u00f3n sencilla sin herramientas.<\/p>\n<p data-start=\"1033\" data-end=\"1369\">Gracias a la tecnolog\u00eda de f\u00e9rula UPC prepulida y fibra preincorporada, este conector permite una r\u00e1pida terminaci\u00f3n in situ para cables de bajada FTTH (3,0 \u00d7 2,0 mm \/ 1,6 \u00d7 2,0 mm) y fibras monomodo G.652 \/ G.657. Es id\u00f3neo para aplicaciones en las que se requiere un posicionamiento estable de la fibra y un rendimiento \u00f3ptico constante.<\/p>","protected":false},"excerpt":{"rendered":"<p>The SC UPC Fast Field Connector with Mechanical Locking Mechanism is an upgraded solution designed to provide more stable fiber [&hellip;]<\/p>\n","protected":false},"featured_media":7159,"template":"","meta":{"_acf_changed":false,"site-sidebar-layout":"default","site-content-layout":"","ast-site-content-layout":"default","site-content-style":"default","site-sidebar-style":"default","ast-global-header-display":"","ast-banner-title-visibility":"","ast-main-header-display":"","ast-hfb-above-header-display":"","ast-hfb-below-header-display":"","ast-hfb-mobile-header-display":"","site-post-title":"","ast-breadcrumbs-content":"","ast-featured-img":"","footer-sml-layout":"","ast-disable-related-posts":"","theme-transparent-header-meta":"default","adv-header-id-meta":"","stick-header-meta":"","header-above-stick-meta":"","header-main-stick-meta":"","header-below-stick-meta":"","astra-migrate-meta-layouts":"set","ast-page-background-enabled":"default","ast-page-background-meta":{"desktop":{"background-color":"var(--ast-global-color-5)","background-image":"","background-repeat":"repeat","background-position":"center center","background-size":"auto","background-attachment":"scroll","background-type":"","background-media":"","overlay-type":"","overlay-color":"","overlay-opacity":"","overlay-gradient":""},"tablet":{"background-color":"","background-image":"","background-repeat":"repeat","background-position":"center center","background-size":"auto","background-attachment":"scroll","background-type":"","background-media":"","overlay-type":"","overlay-color":"","overlay-opacity":"","overlay-gradient":""},"mobile":{"background-color":"","background-image":"","background-repeat":"repeat","background-position":"center center","background-size":"auto","background-attachment":"scroll","background-type":"","background-media":"","overlay-type":"","overlay-color":"","overlay-opacity":"","overlay-gradient":""}},"ast-content-background-meta":{"desktop":{"background-color":"var(--ast-global-color-4)","background-image":"","background-repeat":"repeat","background-position":"center center","background-size":"auto","background-attachment":"scroll","background-type":"","background-media":"","overlay-type":"","overlay-color":"","overlay-opacity":"","overlay-gradient":""},"tablet":{"background-color":"var(--ast-global-color-4)","background-image":"","background-repeat":"repeat","background-position":"center center","background-size":"auto","background-attachment":"scroll","background-type":"","background-media":"","overlay-type":"","overlay-color":"","overlay-opacity":"","overlay-gradient":""},"mobile":{"background-color":"var(--ast-global-color-4)","background-image":"","background-repeat":"repeat","background-position":"center center","background-size":"auto","background-attachment":"scroll","background-type":"","background-media":"","overlay-type":"","overlay-color":"","overlay-opacity":"","overlay-gradient":""}}},"product_brand":[],"product_cat":[68],"product_tag":[],"class_list":{"0":"post-7152","1":"product","2":"type-product","3":"status-publish","4":"has-post-thumbnail","6":"product_cat-fiber-optic-fast-connector","7":"desktop-align-left","8":"tablet-align-left","9":"mobile-align-left","11":"first","12":"instock","13":"shipping-taxable","14":"product-type-simple"},"acf":[],"_links":{"self":[{"href":"https:\/\/yfconnectivity.com\/es\/wp-json\/wp\/v2\/product\/7152","targetHints":{"allow":["GET"]}}],"collection":[{"href":"https:\/\/yfconnectivity.com\/es\/wp-json\/wp\/v2\/product"}],"about":[{"href":"https:\/\/yfconnectivity.com\/es\/wp-json\/wp\/v2\/types\/product"}],"wp:featuredmedia":[{"embeddable":true,"href":"https:\/\/yfconnectivity.com\/es\/wp-json\/wp\/v2\/media\/7159"}],"wp:attachment":[{"href":"https:\/\/yfconnectivity.com\/es\/wp-json\/wp\/v2\/media?parent=7152"}],"wp:term":[{"taxonomy":"product_brand","embeddable":true,"href":"https:\/\/yfconnectivity.com\/es\/wp-json\/wp\/v2\/product_brand?post=7152"},{"taxonomy":"product_cat","embeddable":true,"href":"https:\/\/yfconnectivity.com\/es\/wp-json\/wp\/v2\/product_cat?post=7152"},{"taxonomy":"product_tag","embeddable":true,"href":"https:\/\/yfconnectivity.com\/es\/wp-json\/wp\/v2\/product_tag?post=7152"}],"curies":[{"name":"wp","href":"https:\/\/api.w.org\/{rel}","templated":true}]}}