{"id":6317,"date":"2025-11-11T10:48:22","date_gmt":"2025-11-11T09:48:22","guid":{"rendered":"https:\/\/yfconnectivity.com\/?post_type=product&#038;p=6317"},"modified":"2026-01-22T07:10:47","modified_gmt":"2026-01-22T06:10:47","slug":"conector-de-campo-rapido-de-fibra-optica-sc-apc","status":"publish","type":"product","link":"https:\/\/yfconnectivity.com\/es\/product\/fiber-optic-fast-field-connector-sc-apc\/","title":{"rendered":"Conector de campo r\u00e1pido de fibra \u00f3ptica SC APC"},"content":{"rendered":"<p data-start=\"172\" data-end=\"484\">El conector r\u00e1pido de fibra \u00f3ptica SC\/APC es un conector prepulido e instalable in situ dise\u00f1ado para terminaciones de fibra r\u00e1pidas y fiables sin necesidad de epoxi ni pulido. Es ideal para FTTH, centros de datos y aplicaciones de mantenimiento de campo donde se requiere un despliegue r\u00e1pido y un rendimiento estable.<\/p>\n<p data-start=\"486\" data-end=\"773\">Este conector ofrece una soluci\u00f3n eficaz para la terminaci\u00f3n de fibra in situ: basta con pelar, cortar, insertar y sujetar. La f\u00e9rula cer\u00e1mica de precisi\u00f3n interna garantiza una baja p\u00e9rdida de inserci\u00f3n y una excelente p\u00e9rdida de retorno, ofreciendo un rendimiento \u00f3ptico constante incluso en entornos exigentes.<\/p>\n<p data-start=\"775\" data-end=\"1040\">Compacto y reutilizable, el conector r\u00e1pido SC\/APC simplifica el trabajo de instalaci\u00f3n al tiempo que mantiene la durabilidad a largo plazo y una calidad de transmisi\u00f3n estable. Se adapta perfectamente a las fibras monomodo y es compatible con cables de bajada tipo arco de 3,0\u00d72,0 mm y 1,6\u00d72,0 mm.<\/p>\n<p data-start=\"1047\" data-end=\"1067\"><strong>Caracter\u00edsticas principales<\/strong><\/p>\n<ul>\n<li data-start=\"1071\" data-end=\"1281\"><strong data-start=\"1071\" data-end=\"1107\">Instalaci\u00f3n r\u00e1pida y sin herramientas<\/strong><br data-start=\"1107\" data-end=\"1110\" \/>Dise\u00f1ado para un montaje r\u00e1pido sobre el terreno, el conector puede instalarse en menos de tres minutos sin necesidad de pulido ni adhesivos, lo que ahorra tiempo y costes de mano de obra.<\/li>\n<li data-start=\"1071\" data-end=\"1281\"><strong data-start=\"1285\" data-end=\"1315\">Rendimiento \u00f3ptico estable<\/strong><br data-start=\"1315\" data-end=\"1318\" \/>Equipado con una virola cer\u00e1mica de alta precisi\u00f3n que garantiza una alineaci\u00f3n \u00f3ptica estable, asegurando una baja p\u00e9rdida de inserci\u00f3n y una alta p\u00e9rdida de retorno para una transmisi\u00f3n de datos fiable.<\/li>\n<li data-start=\"1071\" data-end=\"1281\"><strong data-start=\"1497\" data-end=\"1525\">Dise\u00f1o compacto y reutilizable<\/strong><br data-start=\"1525\" data-end=\"1528\" \/>El conector puede reutilizarse varias veces sin comprometer su rendimiento, lo que lo convierte en una opci\u00f3n rentable para operaciones repetidas sobre el terreno o entornos de prueba.<\/li>\n<li data-start=\"1071\" data-end=\"1281\"><strong data-start=\"1703\" data-end=\"1740\">Construcci\u00f3n duradera y fiable<\/strong><br data-start=\"1740\" data-end=\"1743\" \/>Fabricados con componentes pl\u00e1sticos y met\u00e1licos de calidad industrial, ofrecen resistencia a las variaciones de temperatura, a la tracci\u00f3n y al desgaste mec\u00e1nico.<\/li>\n<li data-start=\"1071\" data-end=\"1281\"><strong data-start=\"1907\" data-end=\"1933\">Amplia gama de aplicaciones<\/strong><br data-start=\"1933\" data-end=\"1936\" \/>Ideal para conexiones FTTH, LAN, CATV y centros de datos, tanto para instalaciones nuevas como para reparaciones de fibra de emergencia.<\/li>\n<\/ul>","protected":false},"excerpt":{"rendered":"<p>The SC\/APC Fiber Optic Fast Connector is a pre-polished, field-installable connector designed for quick, reliable fiber terminations without the need [&hellip;]<\/p>\n","protected":false},"featured_media":6321,"template":"","meta":{"_acf_changed":false,"site-sidebar-layout":"default","site-content-layout":"","ast-site-content-layout":"default","site-content-style":"default","site-sidebar-style":"default","ast-global-header-display":"","ast-banner-title-visibility":"","ast-main-header-display":"","ast-hfb-above-header-display":"","ast-hfb-below-header-display":"","ast-hfb-mobile-header-display":"","site-post-title":"","ast-breadcrumbs-content":"","ast-featured-img":"","footer-sml-layout":"","ast-disable-related-posts":"","theme-transparent-header-meta":"default","adv-header-id-meta":"","stick-header-meta":"","header-above-stick-meta":"","header-main-stick-meta":"","header-below-stick-meta":"","astra-migrate-meta-layouts":"set","ast-page-background-enabled":"default","ast-page-background-meta":{"desktop":{"background-color":"var(--ast-global-color-5)","background-image":"","background-repeat":"repeat","background-position":"center center","background-size":"auto","background-attachment":"scroll","background-type":"","background-media":"","overlay-type":"","overlay-color":"","overlay-opacity":"","overlay-gradient":""},"tablet":{"background-color":"","background-image":"","background-repeat":"repeat","background-position":"center center","background-size":"auto","background-attachment":"scroll","background-type":"","background-media":"","overlay-type":"","overlay-color":"","overlay-opacity":"","overlay-gradient":""},"mobile":{"background-color":"","background-image":"","background-repeat":"repeat","background-position":"center center","background-size":"auto","background-attachment":"scroll","background-type":"","background-media":"","overlay-type":"","overlay-color":"","overlay-opacity":"","overlay-gradient":""}},"ast-content-background-meta":{"desktop":{"background-color":"var(--ast-global-color-4)","background-image":"","background-repeat":"repeat","background-position":"center center","background-size":"auto","background-attachment":"scroll","background-type":"","background-media":"","overlay-type":"","overlay-color":"","overlay-opacity":"","overlay-gradient":""},"tablet":{"background-color":"var(--ast-global-color-4)","background-image":"","background-repeat":"repeat","background-position":"center center","background-size":"auto","background-attachment":"scroll","background-type":"","background-media":"","overlay-type":"","overlay-color":"","overlay-opacity":"","overlay-gradient":""},"mobile":{"background-color":"var(--ast-global-color-4)","background-image":"","background-repeat":"repeat","background-position":"center center","background-size":"auto","background-attachment":"scroll","background-type":"","background-media":"","overlay-type":"","overlay-color":"","overlay-opacity":"","overlay-gradient":""}}},"product_brand":[],"product_cat":[68],"product_tag":[],"class_list":{"0":"post-6317","1":"product","2":"type-product","3":"status-publish","4":"has-post-thumbnail","6":"product_cat-fiber-optic-fast-connector","7":"desktop-align-left","8":"tablet-align-left","9":"mobile-align-left","11":"first","12":"instock","13":"shipping-taxable","14":"product-type-simple"},"acf":[],"_links":{"self":[{"href":"https:\/\/yfconnectivity.com\/es\/wp-json\/wp\/v2\/product\/6317","targetHints":{"allow":["GET"]}}],"collection":[{"href":"https:\/\/yfconnectivity.com\/es\/wp-json\/wp\/v2\/product"}],"about":[{"href":"https:\/\/yfconnectivity.com\/es\/wp-json\/wp\/v2\/types\/product"}],"wp:featuredmedia":[{"embeddable":true,"href":"https:\/\/yfconnectivity.com\/es\/wp-json\/wp\/v2\/media\/6321"}],"wp:attachment":[{"href":"https:\/\/yfconnectivity.com\/es\/wp-json\/wp\/v2\/media?parent=6317"}],"wp:term":[{"taxonomy":"product_brand","embeddable":true,"href":"https:\/\/yfconnectivity.com\/es\/wp-json\/wp\/v2\/product_brand?post=6317"},{"taxonomy":"product_cat","embeddable":true,"href":"https:\/\/yfconnectivity.com\/es\/wp-json\/wp\/v2\/product_cat?post=6317"},{"taxonomy":"product_tag","embeddable":true,"href":"https:\/\/yfconnectivity.com\/es\/wp-json\/wp\/v2\/product_tag?post=6317"}],"curies":[{"name":"wp","href":"https:\/\/api.w.org\/{rel}","templated":true}]}}