{"id":6242,"date":"2025-11-05T08:27:14","date_gmt":"2025-11-05T07:27:14","guid":{"rendered":"https:\/\/yfconnectivity.com\/?post_type=product&#038;p=6242"},"modified":"2025-11-05T10:28:01","modified_gmt":"2025-11-05T09:28:01","slug":"cierre-de-empalme-de-cupula-de-fibra-optica-yf96-b01","status":"publish","type":"product","link":"https:\/\/yfconnectivity.com\/es\/product\/fiber-optic-dome-splice-closure-yf96-b01\/","title":{"rendered":"Fiber Optic Dome Splice Closure-YF96-B01"},"content":{"rendered":"<p data-start=\"232\" data-end=\"649\">El 96 Core Dome Fiber Optic Splice Closure est\u00e1 dise\u00f1ado para una protecci\u00f3n y gesti\u00f3n fiables de los empalmes de fibra \u00f3ptica en entornos exteriores. Su cuerpo en forma de c\u00fapula y su estructura de sellado superior proporcionan un excelente rendimiento en condiciones ambientales adversas. Adecuado para su uso en instalaciones a\u00e9reas, subterr\u00e1neas y de tuber\u00edas, este cierre garantiza la estabilidad, durabilidad y facilidad de mantenimiento de la red.<\/p>\n<p data-start=\"651\" data-end=\"1008\">Con una capacidad m\u00e1xima de 96 fibras y 4 bandejas de empalme (24 fibras por bandeja), ofrece un empalme flexible y organizado para redes \u00f3pticas de capacidad media como FTTx y conexiones troncales. El dise\u00f1o del cierre combina alta protecci\u00f3n, funcionamiento c\u00f3modo y fiabilidad a largo plazo tanto para nuevos despliegues de red como para proyectos de mantenimiento.<\/p>\n<p data-start=\"1015\" data-end=\"1035\"><strong data-start=\"1019\" data-end=\"1035\">Caracter\u00edsticas principales<\/strong><\/p>\n<ul>\n<li data-start=\"1039\" data-end=\"1316\"><strong data-start=\"1039\" data-end=\"1082\">Estructura de sellado termorretr\u00e1ctil fiable:<\/strong><br data-start=\"1082\" data-end=\"1085\" \/>Utiliza un sistema de sellado termorretr\u00e1ctil de alta resistencia que proporciona una impermeabilidad superior y un rendimiento herm\u00e9tico. Esta estructura garantiza una larga vida \u00fatil y una excelente protecci\u00f3n frente a los cambios de temperatura y presi\u00f3n.<\/li>\n<li data-start=\"1039\" data-end=\"1316\"><strong data-start=\"1320\" data-end=\"1365\">Carcasa de pl\u00e1stico resistente de calidad industrial:<\/strong><br data-start=\"1365\" data-end=\"1368\" \/>Fabricado con pl\u00e1stico de ingenier\u00eda de alta calidad, el cierre resiste los impactos, la corrosi\u00f3n y la degradaci\u00f3n por rayos UV. Mantiene la integridad estructural incluso en entornos exteriores adversos, lo que garantiza su estabilidad a lo largo del tiempo.<\/li>\n<li data-start=\"1039\" data-end=\"1316\"><strong data-start=\"1580\" data-end=\"1612\">Dise\u00f1o optimizado del puerto del cable:<\/strong><br data-start=\"1612\" data-end=\"1615\" \/>Equipado con un puerto oval grande (\u03a624\u00d735mm) y tres puertos redondos peque\u00f1os (\u03a618mm), que ofrecen configuraciones de cable flexibles para diferentes requisitos de instalaci\u00f3n.<\/li>\n<li data-start=\"1039\" data-end=\"1316\"><strong data-start=\"1792\" data-end=\"1825\">Amplia flexibilidad de aplicaci\u00f3n:<\/strong><br data-start=\"1825\" data-end=\"1828\" \/>Adecuado para instalaciones a\u00e9reas, subterr\u00e1neas, de tuber\u00edas, pozos de registro y arquetas, proporciona una protecci\u00f3n fiable en diversos entornos de red.<\/li>\n<li data-start=\"1039\" data-end=\"1316\"><strong data-start=\"1987\" data-end=\"2025\">Grado de protecci\u00f3n superior (IP68):<\/strong><br data-start=\"2025\" data-end=\"2028\" \/>Con clasificaci\u00f3n IP68, el cierre garantiza una protecci\u00f3n total contra el polvo y la inmersi\u00f3n prolongada en agua, asegurando un funcionamiento seguro en condiciones h\u00famedas o enterradas.<\/li>\n<li data-start=\"1039\" data-end=\"1316\"><strong data-start=\"2186\" data-end=\"2230\">Acceso de 360\u00b0 y gesti\u00f3n segura de la fibra:<\/strong><br data-start=\"2230\" data-end=\"2233\" \/>Dise\u00f1ado para un funcionamiento de 360 grados, lo que permite un f\u00e1cil acceso al cable y su mantenimiento. Mantiene un radio m\u00ednimo de curvatura de la fibra superior a 40 mm, lo que evita la p\u00e9rdida de se\u00f1al durante la instalaci\u00f3n o el funcionamiento.<\/li>\n<li data-start=\"1039\" data-end=\"1316\"><strong data-start=\"2445\" data-end=\"2494\">Gran capacidad de fibra (96 fibras, bandejas 4\u00d724F):<\/strong><br data-start=\"2494\" data-end=\"2497\" \/>Admite hasta 96 fibras con 4 bandejas de empalme, cada una con capacidad para 24 fibras. El dise\u00f1o modular de las bandejas simplifica la organizaci\u00f3n, aumenta la eficiencia y hace m\u00e1s c\u00f3modas las operaciones de empalme.<\/li>\n<\/ul>","protected":false},"excerpt":{"rendered":"<p>The 96 Core Dome Fiber Optic Splice Closure is designed for reliable protection and management of fiber optic splices in [&hellip;]<\/p>\n","protected":false},"featured_media":6243,"template":"","meta":{"_acf_changed":false,"site-sidebar-layout":"default","site-content-layout":"","ast-site-content-layout":"default","site-content-style":"default","site-sidebar-style":"default","ast-global-header-display":"","ast-banner-title-visibility":"","ast-main-header-display":"","ast-hfb-above-header-display":"","ast-hfb-below-header-display":"","ast-hfb-mobile-header-display":"","site-post-title":"","ast-breadcrumbs-content":"","ast-featured-img":"","footer-sml-layout":"","ast-disable-related-posts":"","theme-transparent-header-meta":"default","adv-header-id-meta":"","stick-header-meta":"","header-above-stick-meta":"","header-main-stick-meta":"","header-below-stick-meta":"","astra-migrate-meta-layouts":"set","ast-page-background-enabled":"default","ast-page-background-meta":{"desktop":{"background-color":"var(--ast-global-color-5)","background-image":"","background-repeat":"repeat","background-position":"center center","background-size":"auto","background-attachment":"scroll","background-type":"","background-media":"","overlay-type":"","overlay-color":"","overlay-opacity":"","overlay-gradient":""},"tablet":{"background-color":"","background-image":"","background-repeat":"repeat","background-position":"center center","background-size":"auto","background-attachment":"scroll","background-type":"","background-media":"","overlay-type":"","overlay-color":"","overlay-opacity":"","overlay-gradient":""},"mobile":{"background-color":"","background-image":"","background-repeat":"repeat","background-position":"center center","background-size":"auto","background-attachment":"scroll","background-type":"","background-media":"","overlay-type":"","overlay-color":"","overlay-opacity":"","overlay-gradient":""}},"ast-content-background-meta":{"desktop":{"background-color":"var(--ast-global-color-4)","background-image":"","background-repeat":"repeat","background-position":"center center","background-size":"auto","background-attachment":"scroll","background-type":"","background-media":"","overlay-type":"","overlay-color":"","overlay-opacity":"","overlay-gradient":""},"tablet":{"background-color":"var(--ast-global-color-4)","background-image":"","background-repeat":"repeat","background-position":"center center","background-size":"auto","background-attachment":"scroll","background-type":"","background-media":"","overlay-type":"","overlay-color":"","overlay-opacity":"","overlay-gradient":""},"mobile":{"background-color":"var(--ast-global-color-4)","background-image":"","background-repeat":"repeat","background-position":"center center","background-size":"auto","background-attachment":"scroll","background-type":"","background-media":"","overlay-type":"","overlay-color":"","overlay-opacity":"","overlay-gradient":""}}},"product_brand":[],"product_cat":[38],"product_tag":[],"class_list":{"0":"post-6242","1":"product","2":"type-product","3":"status-publish","4":"has-post-thumbnail","6":"product_cat-fiber-optic-splice-box","7":"desktop-align-left","8":"tablet-align-left","9":"mobile-align-left","11":"first","12":"instock","13":"shipping-taxable","14":"product-type-simple"},"acf":[],"_links":{"self":[{"href":"https:\/\/yfconnectivity.com\/es\/wp-json\/wp\/v2\/product\/6242","targetHints":{"allow":["GET"]}}],"collection":[{"href":"https:\/\/yfconnectivity.com\/es\/wp-json\/wp\/v2\/product"}],"about":[{"href":"https:\/\/yfconnectivity.com\/es\/wp-json\/wp\/v2\/types\/product"}],"wp:featuredmedia":[{"embeddable":true,"href":"https:\/\/yfconnectivity.com\/es\/wp-json\/wp\/v2\/media\/6243"}],"wp:attachment":[{"href":"https:\/\/yfconnectivity.com\/es\/wp-json\/wp\/v2\/media?parent=6242"}],"wp:term":[{"taxonomy":"product_brand","embeddable":true,"href":"https:\/\/yfconnectivity.com\/es\/wp-json\/wp\/v2\/product_brand?post=6242"},{"taxonomy":"product_cat","embeddable":true,"href":"https:\/\/yfconnectivity.com\/es\/wp-json\/wp\/v2\/product_cat?post=6242"},{"taxonomy":"product_tag","embeddable":true,"href":"https:\/\/yfconnectivity.com\/es\/wp-json\/wp\/v2\/product_tag?post=6242"}],"curies":[{"name":"wp","href":"https:\/\/api.w.org\/{rel}","templated":true}]}}