{"id":6239,"date":"2025-11-05T08:15:07","date_gmt":"2025-11-05T07:15:07","guid":{"rendered":"https:\/\/yfconnectivity.com\/?post_type=product&#038;p=6239"},"modified":"2025-11-05T08:29:28","modified_gmt":"2025-11-05T07:29:28","slug":"caja-de-empalme-de-fibra-domo-yf144a01","status":"publish","type":"product","link":"https:\/\/yfconnectivity.com\/es\/product\/dome-fiber-splice-box-yf144a01\/","title":{"rendered":"Fiber Optic Dome Splice Closure-YF144-A01"},"content":{"rendered":"<p data-start=\"206\" data-end=\"753\">El 144 Core Dome Fiber Optic Splice Closure es una caja duradera y de gran capacidad dise\u00f1ada para proteger los puntos de empalme de fibra \u00f3ptica en entornos exteriores. Proporciona fiabilidad a largo plazo para instalaciones a\u00e9reas, subterr\u00e1neas, de tuber\u00edas y de orificios de mano. Construido con ingenier\u00eda de precisi\u00f3n y fabricado con pl\u00e1stico de primera calidad, este cierre garantiza una excelente resistencia mec\u00e1nica, rendimiento de sellado y resistencia medioambiental. Se utiliza ampliamente en aplicaciones de redes FTTH, troncales y de acceso en las que la estabilidad y la protecci\u00f3n son esenciales.<\/p>\n<p data-start=\"760\" data-end=\"780\"><strong data-start=\"764\" data-end=\"780\">Caracter\u00edsticas principales<\/strong><\/p>\n<ul>\n<li data-start=\"784\" data-end=\"1060\"><strong data-start=\"784\" data-end=\"814\">Dise\u00f1o de sellado mec\u00e1nico:<\/strong><br data-start=\"814\" data-end=\"817\" \/>Utiliza un avanzado sistema de sellado mec\u00e1nico que permite una f\u00e1cil reentrada y garantiza un rendimiento estable a lo largo del tiempo. El dise\u00f1o minimiza la necesidad de materiales de sellado adicionales al tiempo que mantiene una excelente estanqueidad y resistencia al agua.<\/li>\n<li data-start=\"784\" data-end=\"1060\"><strong data-start=\"1064\" data-end=\"1105\">Cuerpo de pl\u00e1stico industrial de alta calidad:<\/strong><br data-start=\"1105\" data-end=\"1108\" \/>Fabricado en pl\u00e1stico de ingenier\u00eda resistente a los impactos, anticorrosivo y resistente a los rayos UV, el cierre soporta condiciones clim\u00e1ticas extremas y una exposici\u00f3n prolongada al aire libre sin deformarse ni agrietarse.<\/li>\n<li data-start=\"784\" data-end=\"1060\"><strong data-start=\"1307\" data-end=\"1347\">Amplia compatibilidad de cables (\u00d810-25 mm):<\/strong><br data-start=\"1347\" data-end=\"1350\" \/>Los 6 puertos de entrada\/salida admiten una amplia gama de di\u00e1metros de cable, de 10 mm a 25 mm, lo que ofrece flexibilidad para diferentes entornos de instalaci\u00f3n y dise\u00f1os de redes de fibra.<\/li>\n<li data-start=\"784\" data-end=\"1060\"><strong data-start=\"1531\" data-end=\"1566\">Opciones de instalaci\u00f3n vers\u00e1tiles:<\/strong><br data-start=\"1566\" data-end=\"1569\" \/>Adecuada para m\u00faltiples m\u00e9todos de despliegue, incluidas las instalaciones a\u00e9reas, subterr\u00e1neas, en tuber\u00edas y en pozos de registro, lo que la hace adaptable a diversas condiciones sobre el terreno.<\/li>\n<li data-start=\"784\" data-end=\"1060\"><strong data-start=\"1737\" data-end=\"1770\">Alto nivel de protecci\u00f3n (IP68):<\/strong><br data-start=\"1770\" data-end=\"1773\" \/>Proporciona un sellado de grado IP68, lo que garantiza una protecci\u00f3n completa contra la entrada de polvo y agua. Esto permite que el cierre mantenga un rendimiento \u00f3ptico estable incluso en entornos h\u00famedos, lluviosos o sumergidos.<\/li>\n<li data-start=\"784\" data-end=\"1060\"><strong data-start=\"1984\" data-end=\"2028\">Acceso de 360\u00b0 y gesti\u00f3n adecuada de la fibra:<\/strong><br data-start=\"2028\" data-end=\"2031\" \/>La estructura interna ofrece un acceso de 360 grados a los t\u00e9cnicos, lo que facilita el empalme, la reentrada y el mantenimiento. El dise\u00f1o mantiene un radio m\u00ednimo de curvatura de la fibra de &gt;40 mm, lo que evita eficazmente la atenuaci\u00f3n de la se\u00f1al.<\/li>\n<li data-start=\"784\" data-end=\"1060\"><strong data-start=\"2267\" data-end=\"2312\">Gran capacidad (144 fibras, bandejas 6\u00d724F):<\/strong><br data-start=\"2312\" data-end=\"2315\" \/>Acomoda hasta 144 fibras con 6 bandejas de empalme, cada una con capacidad para 24 fibras. El dise\u00f1o de la bandeja permite una organizaci\u00f3n clara, una fijaci\u00f3n segura y una utilizaci\u00f3n eficiente del espacio para conexiones de alta densidad.<\/li>\n<\/ul>","protected":false},"excerpt":{"rendered":"<p>The 144 Core Dome Fiber Optic Splice Closure is a durable and high-capacity enclosure designed to protect fiber optic splicing [&hellip;]<\/p>\n","protected":false},"featured_media":6240,"template":"","meta":{"_acf_changed":false,"site-sidebar-layout":"default","site-content-layout":"","ast-site-content-layout":"default","site-content-style":"default","site-sidebar-style":"default","ast-global-header-display":"","ast-banner-title-visibility":"","ast-main-header-display":"","ast-hfb-above-header-display":"","ast-hfb-below-header-display":"","ast-hfb-mobile-header-display":"","site-post-title":"","ast-breadcrumbs-content":"","ast-featured-img":"","footer-sml-layout":"","ast-disable-related-posts":"","theme-transparent-header-meta":"default","adv-header-id-meta":"","stick-header-meta":"","header-above-stick-meta":"","header-main-stick-meta":"","header-below-stick-meta":"","astra-migrate-meta-layouts":"set","ast-page-background-enabled":"default","ast-page-background-meta":{"desktop":{"background-color":"var(--ast-global-color-5)","background-image":"","background-repeat":"repeat","background-position":"center center","background-size":"auto","background-attachment":"scroll","background-type":"","background-media":"","overlay-type":"","overlay-color":"","overlay-opacity":"","overlay-gradient":""},"tablet":{"background-color":"","background-image":"","background-repeat":"repeat","background-position":"center center","background-size":"auto","background-attachment":"scroll","background-type":"","background-media":"","overlay-type":"","overlay-color":"","overlay-opacity":"","overlay-gradient":""},"mobile":{"background-color":"","background-image":"","background-repeat":"repeat","background-position":"center center","background-size":"auto","background-attachment":"scroll","background-type":"","background-media":"","overlay-type":"","overlay-color":"","overlay-opacity":"","overlay-gradient":""}},"ast-content-background-meta":{"desktop":{"background-color":"var(--ast-global-color-4)","background-image":"","background-repeat":"repeat","background-position":"center center","background-size":"auto","background-attachment":"scroll","background-type":"","background-media":"","overlay-type":"","overlay-color":"","overlay-opacity":"","overlay-gradient":""},"tablet":{"background-color":"var(--ast-global-color-4)","background-image":"","background-repeat":"repeat","background-position":"center center","background-size":"auto","background-attachment":"scroll","background-type":"","background-media":"","overlay-type":"","overlay-color":"","overlay-opacity":"","overlay-gradient":""},"mobile":{"background-color":"var(--ast-global-color-4)","background-image":"","background-repeat":"repeat","background-position":"center center","background-size":"auto","background-attachment":"scroll","background-type":"","background-media":"","overlay-type":"","overlay-color":"","overlay-opacity":"","overlay-gradient":""}}},"product_brand":[],"product_cat":[38],"product_tag":[],"class_list":{"0":"post-6239","1":"product","2":"type-product","3":"status-publish","4":"has-post-thumbnail","6":"product_cat-fiber-optic-splice-box","7":"desktop-align-left","8":"tablet-align-left","9":"mobile-align-left","11":"first","12":"instock","13":"shipping-taxable","14":"product-type-simple"},"acf":[],"_links":{"self":[{"href":"https:\/\/yfconnectivity.com\/es\/wp-json\/wp\/v2\/product\/6239","targetHints":{"allow":["GET"]}}],"collection":[{"href":"https:\/\/yfconnectivity.com\/es\/wp-json\/wp\/v2\/product"}],"about":[{"href":"https:\/\/yfconnectivity.com\/es\/wp-json\/wp\/v2\/types\/product"}],"wp:featuredmedia":[{"embeddable":true,"href":"https:\/\/yfconnectivity.com\/es\/wp-json\/wp\/v2\/media\/6240"}],"wp:attachment":[{"href":"https:\/\/yfconnectivity.com\/es\/wp-json\/wp\/v2\/media?parent=6239"}],"wp:term":[{"taxonomy":"product_brand","embeddable":true,"href":"https:\/\/yfconnectivity.com\/es\/wp-json\/wp\/v2\/product_brand?post=6239"},{"taxonomy":"product_cat","embeddable":true,"href":"https:\/\/yfconnectivity.com\/es\/wp-json\/wp\/v2\/product_cat?post=6239"},{"taxonomy":"product_tag","embeddable":true,"href":"https:\/\/yfconnectivity.com\/es\/wp-json\/wp\/v2\/product_tag?post=6239"}],"curies":[{"name":"wp","href":"https:\/\/api.w.org\/{rel}","templated":true}]}}