{"id":6134,"date":"2025-10-24T02:36:43","date_gmt":"2025-10-24T01:36:43","guid":{"rendered":"https:\/\/yfconnectivity.com\/?post_type=product&#038;p=6134"},"modified":"2025-10-24T03:21:51","modified_gmt":"2025-10-24T02:21:51","slug":"distribuidor-optico-odf-fdm0003-0004-0005","status":"publish","type":"product","link":"https:\/\/yfconnectivity.com\/es\/product\/optical-distribution-frame-odf-fdm0003-0004-0005\/","title":{"rendered":"Repartidor \u00f3ptico (ODF)-FDM003\/004\/005"},"content":{"rendered":"<p>Repartidor \u00f3ptico - ODF de 24 puertos con adaptador SC\/LC\/FC\/ST Compatibilidad<\/p>\n<p>El bastidor de distribuci\u00f3n \u00f3ptica (ODF) es una unidad de gesti\u00f3n de fibra montada en bastidor dise\u00f1ada para la organizaci\u00f3n de cables de alta densidad, segura y eficiente en redes de fibra \u00f3ptica. Integra el empalme, la terminaci\u00f3n, la conexi\u00f3n y el tendido de cables de fibra en una \u00fanica y robusta carcasa de acero SPCC.<\/p>\n<p>El repartidor puede conectar hasta 4 cables de fibra \u00f3ptica y 24\/48\/96 adaptadores SC, por lo que es ideal para salas de telecomunicaciones, centros de datos y puntos de acceso a la red. Su dise\u00f1o ahorra un valioso espacio en el bastidor, mientras que el disco de soldadura interno y la disposici\u00f3n de f\u00e1cil manejo mejoran la eficiencia de la instalaci\u00f3n y el mantenimiento.<\/p>\n<p>Con su acabado resistente a la corrosi\u00f3n, su s\u00f3lida estructura y su elegante aspecto negro, ofrece fiabilidad a largo plazo y una protecci\u00f3n profesional de los cables en entornos de misi\u00f3n cr\u00edtica.<\/p>","protected":false},"excerpt":{"rendered":"<p>Optical Distribution Frame \u2013 24 Port ODF with SC\/LC\/FC\/ST Adapter Compatibility Optical Distribution Frame (ODF) is a rack-mounted fiber management [&hellip;]<\/p>\n","protected":false},"featured_media":6136,"template":"","meta":{"_acf_changed":false,"site-sidebar-layout":"default","site-content-layout":"","ast-site-content-layout":"default","site-content-style":"default","site-sidebar-style":"default","ast-global-header-display":"","ast-banner-title-visibility":"","ast-main-header-display":"","ast-hfb-above-header-display":"","ast-hfb-below-header-display":"","ast-hfb-mobile-header-display":"","site-post-title":"","ast-breadcrumbs-content":"","ast-featured-img":"","footer-sml-layout":"","ast-disable-related-posts":"","theme-transparent-header-meta":"default","adv-header-id-meta":"","stick-header-meta":"","header-above-stick-meta":"","header-main-stick-meta":"","header-below-stick-meta":"","astra-migrate-meta-layouts":"set","ast-page-background-enabled":"default","ast-page-background-meta":{"desktop":{"background-color":"var(--ast-global-color-5)","background-image":"","background-repeat":"repeat","background-position":"center center","background-size":"auto","background-attachment":"scroll","background-type":"","background-media":"","overlay-type":"","overlay-color":"","overlay-opacity":"","overlay-gradient":""},"tablet":{"background-color":"","background-image":"","background-repeat":"repeat","background-position":"center center","background-size":"auto","background-attachment":"scroll","background-type":"","background-media":"","overlay-type":"","overlay-color":"","overlay-opacity":"","overlay-gradient":""},"mobile":{"background-color":"","background-image":"","background-repeat":"repeat","background-position":"center center","background-size":"auto","background-attachment":"scroll","background-type":"","background-media":"","overlay-type":"","overlay-color":"","overlay-opacity":"","overlay-gradient":""}},"ast-content-background-meta":{"desktop":{"background-color":"var(--ast-global-color-4)","background-image":"","background-repeat":"repeat","background-position":"center center","background-size":"auto","background-attachment":"scroll","background-type":"","background-media":"","overlay-type":"","overlay-color":"","overlay-opacity":"","overlay-gradient":""},"tablet":{"background-color":"var(--ast-global-color-4)","background-image":"","background-repeat":"repeat","background-position":"center center","background-size":"auto","background-attachment":"scroll","background-type":"","background-media":"","overlay-type":"","overlay-color":"","overlay-opacity":"","overlay-gradient":""},"mobile":{"background-color":"var(--ast-global-color-4)","background-image":"","background-repeat":"repeat","background-position":"center center","background-size":"auto","background-attachment":"scroll","background-type":"","background-media":"","overlay-type":"","overlay-color":"","overlay-opacity":"","overlay-gradient":""}}},"product_brand":[],"product_cat":[41],"product_tag":[],"class_list":{"0":"post-6134","1":"product","2":"type-product","3":"status-publish","4":"has-post-thumbnail","6":"product_cat-optical-distribution-frame","7":"desktop-align-left","8":"tablet-align-left","9":"mobile-align-left","11":"first","12":"instock","13":"shipping-taxable","14":"product-type-simple"},"acf":[],"_links":{"self":[{"href":"https:\/\/yfconnectivity.com\/es\/wp-json\/wp\/v2\/product\/6134","targetHints":{"allow":["GET"]}}],"collection":[{"href":"https:\/\/yfconnectivity.com\/es\/wp-json\/wp\/v2\/product"}],"about":[{"href":"https:\/\/yfconnectivity.com\/es\/wp-json\/wp\/v2\/types\/product"}],"wp:featuredmedia":[{"embeddable":true,"href":"https:\/\/yfconnectivity.com\/es\/wp-json\/wp\/v2\/media\/6136"}],"wp:attachment":[{"href":"https:\/\/yfconnectivity.com\/es\/wp-json\/wp\/v2\/media?parent=6134"}],"wp:term":[{"taxonomy":"product_brand","embeddable":true,"href":"https:\/\/yfconnectivity.com\/es\/wp-json\/wp\/v2\/product_brand?post=6134"},{"taxonomy":"product_cat","embeddable":true,"href":"https:\/\/yfconnectivity.com\/es\/wp-json\/wp\/v2\/product_cat?post=6134"},{"taxonomy":"product_tag","embeddable":true,"href":"https:\/\/yfconnectivity.com\/es\/wp-json\/wp\/v2\/product_tag?post=6134"}],"curies":[{"name":"wp","href":"https:\/\/api.w.org\/{rel}","templated":true}]}}