{"id":4505,"date":"2025-08-08T03:59:52","date_gmt":"2025-08-08T02:59:52","guid":{"rendered":"https:\/\/yfconnectivity.com\/?post_type=product&#038;p=4505"},"modified":"2025-08-08T04:40:45","modified_gmt":"2025-08-08T03:40:45","slug":"sc-a-sc-multimodo-om1-om2-cable-de-conexion-de-fibra","status":"publish","type":"product","link":"https:\/\/yfconnectivity.com\/es\/product\/sc-to-sc-multimode-om1-om2-fiber-patch-cable\/","title":{"rendered":"Cable de fibra OM1\/OM2 multimodo SC a SC"},"content":{"rendered":"<p>Cable de fibra \u00f3ptica multimodo SC PC a SC PC, OM1\/OM2, d\u00faplex, 2,0 mm<\/p>\n<p>Este cable de conexi\u00f3n de fibra d\u00faplex multimodo SC PC a SC PC est\u00e1 dise\u00f1ado para la transmisi\u00f3n de datos a corta distancia de alto rendimiento, por lo que resulta ideal para interconexiones LAN, SAN y centros de datos. Disponible en los tipos de fibra OM1 (62,5\/125) y OM2 (50\/125), ofrece un rendimiento estable en longitudes de onda de 850 nm y 1300 nm.<\/p>\n<ul>\n<li>El dise\u00f1o d\u00faplex permite la transmisi\u00f3n bidireccional simult\u00e1nea de datos<\/li>\n<li>Los conectores SC PC garantizan una baja p\u00e9rdida de inserci\u00f3n y una conectividad fiable<\/li>\n<li>Fibras multimodo OM1 y OM2 optimizadas para aplicaciones de corta distancia y gran ancho de banda<\/li>\n<li>Revestimiento duradero de 2,0 mm en PVC o LSZH para necesidades de instalaci\u00f3n vers\u00e1tiles<\/li>\n<li>Cubierta naranja codificada por colores para una r\u00e1pida identificaci\u00f3n multimodo<\/li>\n<\/ul>","protected":false},"excerpt":{"rendered":"<p>SC PC to SC PC Multimode Fiber Patch Cable, OM1\/OM2, Duplex, 2.0mm This SC PC to SC PC multimode duplex [&hellip;]<\/p>\n","protected":false},"featured_media":4513,"template":"","meta":{"_acf_changed":false,"site-sidebar-layout":"default","site-content-layout":"","ast-site-content-layout":"default","site-content-style":"default","site-sidebar-style":"default","ast-global-header-display":"","ast-banner-title-visibility":"","ast-main-header-display":"","ast-hfb-above-header-display":"","ast-hfb-below-header-display":"","ast-hfb-mobile-header-display":"","site-post-title":"","ast-breadcrumbs-content":"","ast-featured-img":"","footer-sml-layout":"","ast-disable-related-posts":"","theme-transparent-header-meta":"default","adv-header-id-meta":"","stick-header-meta":"","header-above-stick-meta":"","header-main-stick-meta":"","header-below-stick-meta":"","astra-migrate-meta-layouts":"set","ast-page-background-enabled":"default","ast-page-background-meta":{"desktop":{"background-color":"var(--ast-global-color-5)","background-image":"","background-repeat":"repeat","background-position":"center center","background-size":"auto","background-attachment":"scroll","background-type":"","background-media":"","overlay-type":"","overlay-color":"","overlay-opacity":"","overlay-gradient":""},"tablet":{"background-color":"","background-image":"","background-repeat":"repeat","background-position":"center center","background-size":"auto","background-attachment":"scroll","background-type":"","background-media":"","overlay-type":"","overlay-color":"","overlay-opacity":"","overlay-gradient":""},"mobile":{"background-color":"","background-image":"","background-repeat":"repeat","background-position":"center center","background-size":"auto","background-attachment":"scroll","background-type":"","background-media":"","overlay-type":"","overlay-color":"","overlay-opacity":"","overlay-gradient":""}},"ast-content-background-meta":{"desktop":{"background-color":"var(--ast-global-color-4)","background-image":"","background-repeat":"repeat","background-position":"center center","background-size":"auto","background-attachment":"scroll","background-type":"","background-media":"","overlay-type":"","overlay-color":"","overlay-opacity":"","overlay-gradient":""},"tablet":{"background-color":"var(--ast-global-color-4)","background-image":"","background-repeat":"repeat","background-position":"center center","background-size":"auto","background-attachment":"scroll","background-type":"","background-media":"","overlay-type":"","overlay-color":"","overlay-opacity":"","overlay-gradient":""},"mobile":{"background-color":"var(--ast-global-color-4)","background-image":"","background-repeat":"repeat","background-position":"center center","background-size":"auto","background-attachment":"scroll","background-type":"","background-media":"","overlay-type":"","overlay-color":"","overlay-opacity":"","overlay-gradient":""}}},"product_brand":[],"product_cat":[36],"product_tag":[],"class_list":{"0":"post-4505","1":"product","2":"type-product","3":"status-publish","4":"has-post-thumbnail","6":"product_cat-fiber-optical-patch-cord","7":"desktop-align-left","8":"tablet-align-left","9":"mobile-align-left","11":"first","12":"instock","13":"shipping-taxable","14":"product-type-simple"},"acf":[],"_links":{"self":[{"href":"https:\/\/yfconnectivity.com\/es\/wp-json\/wp\/v2\/product\/4505","targetHints":{"allow":["GET"]}}],"collection":[{"href":"https:\/\/yfconnectivity.com\/es\/wp-json\/wp\/v2\/product"}],"about":[{"href":"https:\/\/yfconnectivity.com\/es\/wp-json\/wp\/v2\/types\/product"}],"wp:featuredmedia":[{"embeddable":true,"href":"https:\/\/yfconnectivity.com\/es\/wp-json\/wp\/v2\/media\/4513"}],"wp:attachment":[{"href":"https:\/\/yfconnectivity.com\/es\/wp-json\/wp\/v2\/media?parent=4505"}],"wp:term":[{"taxonomy":"product_brand","embeddable":true,"href":"https:\/\/yfconnectivity.com\/es\/wp-json\/wp\/v2\/product_brand?post=4505"},{"taxonomy":"product_cat","embeddable":true,"href":"https:\/\/yfconnectivity.com\/es\/wp-json\/wp\/v2\/product_cat?post=4505"},{"taxonomy":"product_tag","embeddable":true,"href":"https:\/\/yfconnectivity.com\/es\/wp-json\/wp\/v2\/product_tag?post=4505"}],"curies":[{"name":"wp","href":"https:\/\/api.w.org\/{rel}","templated":true}]}}