{"id":4468,"date":"2025-08-07T05:43:43","date_gmt":"2025-08-07T04:43:43","guid":{"rendered":"https:\/\/yfconnectivity.com\/?post_type=product&#038;p=4468"},"modified":"2025-08-07T06:05:36","modified_gmt":"2025-08-07T05:05:36","slug":"lc-to-lc-0-9mm-apc-fiber-patch-cable","status":"publish","type":"product","link":"https:\/\/yfconnectivity.com\/es\/product\/lc-to-lc-0-9mm-apc-fiber-patch-cable\/","title":{"rendered":"LC a LC 0.9mm APC Cable de fibra Patch"},"content":{"rendered":"<p data-start=\"192\" data-end=\"251\"><strong data-start=\"192\" data-end=\"251\">Cable de fibra \u00f3ptica LC APC a LC APC, s\u00edmplex, OS2, 0,9 mm<\/strong><\/p>\n<p data-start=\"192\" data-end=\"251\">Este cable de fibra \u00f3ptica LC APC a LC APC est\u00e1 dise\u00f1ado para conexiones de fibra \u00f3ptica monomodo de alto rendimiento, lo que permite una transmisi\u00f3n de se\u00f1ales fiable y con bajas p\u00e9rdidas a trav\u00e9s de salas de telecomunicaciones, centros de datos y redes empresariales. Con un fino di\u00e1metro de 0,9 mm y fibra G.657A2 insensible a las curvaturas, ofrece flexibilidad en entornos de enrutamiento estrechos al tiempo que garantiza estabilidad y durabilidad.<\/p>\n<ul>\n<li data-start=\"192\" data-end=\"251\">Compatible con OS2 9\/125\u03bcm para transmisi\u00f3n de datos a larga distancia a 1310 nm y 1550 nm.<\/li>\n<li data-start=\"192\" data-end=\"251\">Fibra insensible a la flexi\u00f3n para reducir la atenuaci\u00f3n de la se\u00f1al y facilitar la gesti\u00f3n de los cables<\/li>\n<li data-start=\"192\" data-end=\"251\">Conectores preterminados y probados en f\u00e1brica para un despliegue r\u00e1pido y un rendimiento estable<\/li>\n<li data-start=\"192\" data-end=\"251\">La baja p\u00e9rdida de inserci\u00f3n y la elevada p\u00e9rdida de retorno garantizan una conectividad constante<\/li>\n<li data-start=\"192\" data-end=\"251\">Disponible con cubierta de PVC o LSZH para cumplir diferentes normas de instalaci\u00f3n<\/li>\n<li data-start=\"192\" data-end=\"251\">Ideal para interconexiones de fibra punto a punto, paneles de conexi\u00f3n y enrutamiento de alta densidad<\/li>\n<\/ul>","protected":false},"excerpt":{"rendered":"<p>LC APC to LC APC Fiber Patch Cable, Simplex, OS2, 0.9mm This LC APC to LC APC fiber patch cable [&hellip;]<\/p>\n","protected":false},"featured_media":4469,"template":"","meta":{"_acf_changed":false,"site-sidebar-layout":"default","site-content-layout":"","ast-site-content-layout":"default","site-content-style":"default","site-sidebar-style":"default","ast-global-header-display":"","ast-banner-title-visibility":"","ast-main-header-display":"","ast-hfb-above-header-display":"","ast-hfb-below-header-display":"","ast-hfb-mobile-header-display":"","site-post-title":"","ast-breadcrumbs-content":"","ast-featured-img":"","footer-sml-layout":"","ast-disable-related-posts":"","theme-transparent-header-meta":"default","adv-header-id-meta":"","stick-header-meta":"","header-above-stick-meta":"","header-main-stick-meta":"","header-below-stick-meta":"","astra-migrate-meta-layouts":"set","ast-page-background-enabled":"default","ast-page-background-meta":{"desktop":{"background-color":"var(--ast-global-color-5)","background-image":"","background-repeat":"repeat","background-position":"center center","background-size":"auto","background-attachment":"scroll","background-type":"","background-media":"","overlay-type":"","overlay-color":"","overlay-opacity":"","overlay-gradient":""},"tablet":{"background-color":"","background-image":"","background-repeat":"repeat","background-position":"center center","background-size":"auto","background-attachment":"scroll","background-type":"","background-media":"","overlay-type":"","overlay-color":"","overlay-opacity":"","overlay-gradient":""},"mobile":{"background-color":"","background-image":"","background-repeat":"repeat","background-position":"center center","background-size":"auto","background-attachment":"scroll","background-type":"","background-media":"","overlay-type":"","overlay-color":"","overlay-opacity":"","overlay-gradient":""}},"ast-content-background-meta":{"desktop":{"background-color":"var(--ast-global-color-4)","background-image":"","background-repeat":"repeat","background-position":"center center","background-size":"auto","background-attachment":"scroll","background-type":"","background-media":"","overlay-type":"","overlay-color":"","overlay-opacity":"","overlay-gradient":""},"tablet":{"background-color":"var(--ast-global-color-4)","background-image":"","background-repeat":"repeat","background-position":"center center","background-size":"auto","background-attachment":"scroll","background-type":"","background-media":"","overlay-type":"","overlay-color":"","overlay-opacity":"","overlay-gradient":""},"mobile":{"background-color":"var(--ast-global-color-4)","background-image":"","background-repeat":"repeat","background-position":"center center","background-size":"auto","background-attachment":"scroll","background-type":"","background-media":"","overlay-type":"","overlay-color":"","overlay-opacity":"","overlay-gradient":""}}},"product_brand":[],"product_cat":[36],"product_tag":[],"class_list":{"0":"post-4468","1":"product","2":"type-product","3":"status-publish","4":"has-post-thumbnail","6":"product_cat-fiber-optical-patch-cord","7":"desktop-align-left","8":"tablet-align-left","9":"mobile-align-left","11":"first","12":"instock","13":"shipping-taxable","14":"product-type-simple"},"acf":[],"_links":{"self":[{"href":"https:\/\/yfconnectivity.com\/es\/wp-json\/wp\/v2\/product\/4468","targetHints":{"allow":["GET"]}}],"collection":[{"href":"https:\/\/yfconnectivity.com\/es\/wp-json\/wp\/v2\/product"}],"about":[{"href":"https:\/\/yfconnectivity.com\/es\/wp-json\/wp\/v2\/types\/product"}],"wp:featuredmedia":[{"embeddable":true,"href":"https:\/\/yfconnectivity.com\/es\/wp-json\/wp\/v2\/media\/4469"}],"wp:attachment":[{"href":"https:\/\/yfconnectivity.com\/es\/wp-json\/wp\/v2\/media?parent=4468"}],"wp:term":[{"taxonomy":"product_brand","embeddable":true,"href":"https:\/\/yfconnectivity.com\/es\/wp-json\/wp\/v2\/product_brand?post=4468"},{"taxonomy":"product_cat","embeddable":true,"href":"https:\/\/yfconnectivity.com\/es\/wp-json\/wp\/v2\/product_cat?post=4468"},{"taxonomy":"product_tag","embeddable":true,"href":"https:\/\/yfconnectivity.com\/es\/wp-json\/wp\/v2\/product_tag?post=4468"}],"curies":[{"name":"wp","href":"https:\/\/api.w.org\/{rel}","templated":true}]}}