{"id":3993,"date":"2025-07-18T11:15:16","date_gmt":"2025-07-18T10:15:16","guid":{"rendered":"https:\/\/yfconnectivity.com\/?post_type=product&#038;p=3993"},"modified":"2025-07-27T09:18:50","modified_gmt":"2025-07-27T08:18:50","slug":"adaptador-de-fibra-optica-st-sx","status":"publish","type":"product","link":"https:\/\/yfconnectivity.com\/es\/product\/st-sx-fiber-optic-adapter\/","title":{"rendered":"Adaptador de fibra ST Simplex sin brida"},"content":{"rendered":"<p>Adaptador de fibra \u00f3ptica ST SX - Carcasa met\u00e1lica, manguito cer\u00e1mico, sin brida<\/p>\n<p>El adaptador de fibra \u00f3ptica ST SX de YingFeng est\u00e1 dise\u00f1ado para la conexi\u00f3n de fibra \u00f3ptica de alta precisi\u00f3n en configuraciones s\u00edmplex. Fabricado con una carcasa met\u00e1lica duradera y un manguito de alineaci\u00f3n cer\u00e1mico de alta precisi\u00f3n, este adaptador garantiza un excelente rendimiento \u00f3ptico con baja p\u00e9rdida de inserci\u00f3n (\u22640,2 dB) y alta durabilidad durante m\u00e1s de 1000 ciclos de acoplamiento. El dise\u00f1o sin brida ofrece flexibilidad de instalaci\u00f3n, por lo que es ideal para aplicaciones en las que el espacio del panel es limitado.<\/p>\n<p>Este adaptador cumple la normativa RoHS y admite una conectividad fiable en redes FTTH, CATV, cableado de centros de datos y telecomunicaciones.<\/p>","protected":false},"excerpt":{"rendered":"<p>ST SX Fiber Optic Adapter \u2013 Metal Housing, Ceramic Sleeve, Without Flange YingFeng&#8217;s ST SX Fiber Optic Adapter is designed [&hellip;]<\/p>\n","protected":false},"featured_media":3995,"template":"","meta":{"_acf_changed":false,"site-sidebar-layout":"default","site-content-layout":"","ast-site-content-layout":"default","site-content-style":"default","site-sidebar-style":"default","ast-global-header-display":"","ast-banner-title-visibility":"","ast-main-header-display":"","ast-hfb-above-header-display":"","ast-hfb-below-header-display":"","ast-hfb-mobile-header-display":"","site-post-title":"","ast-breadcrumbs-content":"","ast-featured-img":"","footer-sml-layout":"","ast-disable-related-posts":"","theme-transparent-header-meta":"default","adv-header-id-meta":"","stick-header-meta":"","header-above-stick-meta":"","header-main-stick-meta":"","header-below-stick-meta":"","astra-migrate-meta-layouts":"set","ast-page-background-enabled":"default","ast-page-background-meta":{"desktop":{"background-color":"var(--ast-global-color-5)","background-image":"","background-repeat":"repeat","background-position":"center center","background-size":"auto","background-attachment":"scroll","background-type":"","background-media":"","overlay-type":"","overlay-color":"","overlay-opacity":"","overlay-gradient":""},"tablet":{"background-color":"","background-image":"","background-repeat":"repeat","background-position":"center center","background-size":"auto","background-attachment":"scroll","background-type":"","background-media":"","overlay-type":"","overlay-color":"","overlay-opacity":"","overlay-gradient":""},"mobile":{"background-color":"","background-image":"","background-repeat":"repeat","background-position":"center center","background-size":"auto","background-attachment":"scroll","background-type":"","background-media":"","overlay-type":"","overlay-color":"","overlay-opacity":"","overlay-gradient":""}},"ast-content-background-meta":{"desktop":{"background-color":"var(--ast-global-color-4)","background-image":"","background-repeat":"repeat","background-position":"center center","background-size":"auto","background-attachment":"scroll","background-type":"","background-media":"","overlay-type":"","overlay-color":"","overlay-opacity":"","overlay-gradient":""},"tablet":{"background-color":"var(--ast-global-color-4)","background-image":"","background-repeat":"repeat","background-position":"center center","background-size":"auto","background-attachment":"scroll","background-type":"","background-media":"","overlay-type":"","overlay-color":"","overlay-opacity":"","overlay-gradient":""},"mobile":{"background-color":"var(--ast-global-color-4)","background-image":"","background-repeat":"repeat","background-position":"center center","background-size":"auto","background-attachment":"scroll","background-type":"","background-media":"","overlay-type":"","overlay-color":"","overlay-opacity":"","overlay-gradient":""}}},"product_brand":[],"product_cat":[60],"product_tag":[],"class_list":{"0":"post-3993","1":"product","2":"type-product","3":"status-publish","4":"has-post-thumbnail","6":"product_cat-st-to-st-fiber-optic-adapters","7":"desktop-align-left","8":"tablet-align-left","9":"mobile-align-left","11":"first","12":"instock","13":"shipping-taxable","14":"product-type-simple"},"acf":[],"_links":{"self":[{"href":"https:\/\/yfconnectivity.com\/es\/wp-json\/wp\/v2\/product\/3993","targetHints":{"allow":["GET"]}}],"collection":[{"href":"https:\/\/yfconnectivity.com\/es\/wp-json\/wp\/v2\/product"}],"about":[{"href":"https:\/\/yfconnectivity.com\/es\/wp-json\/wp\/v2\/types\/product"}],"wp:featuredmedia":[{"embeddable":true,"href":"https:\/\/yfconnectivity.com\/es\/wp-json\/wp\/v2\/media\/3995"}],"wp:attachment":[{"href":"https:\/\/yfconnectivity.com\/es\/wp-json\/wp\/v2\/media?parent=3993"}],"wp:term":[{"taxonomy":"product_brand","embeddable":true,"href":"https:\/\/yfconnectivity.com\/es\/wp-json\/wp\/v2\/product_brand?post=3993"},{"taxonomy":"product_cat","embeddable":true,"href":"https:\/\/yfconnectivity.com\/es\/wp-json\/wp\/v2\/product_cat?post=3993"},{"taxonomy":"product_tag","embeddable":true,"href":"https:\/\/yfconnectivity.com\/es\/wp-json\/wp\/v2\/product_tag?post=3993"}],"curies":[{"name":"wp","href":"https:\/\/api.w.org\/{rel}","templated":true}]}}