{"id":3704,"date":"2025-07-13T08:36:26","date_gmt":"2025-07-13T07:36:26","guid":{"rendered":"https:\/\/yfconnectivity.com\/?post_type=product&#038;p=3704"},"modified":"2025-07-13T08:36:26","modified_gmt":"2025-07-13T07:36:26","slug":"conectores-mtrj-mutimode-2-0mm","status":"publish","type":"product","link":"https:\/\/yfconnectivity.com\/es\/product\/mtrj-mutimode-2-0mm-connectors\/","title":{"rendered":"Conectores multimodo MTRJ de 2,0 mm"},"content":{"rendered":"<p data-start=\"144\" data-end=\"393\">En <strong data-start=\"148\" data-end=\"182\">Conector multimodo MTRJ de 2,0 mm<\/strong> es una soluci\u00f3n d\u00faplex compacta dise\u00f1ada para <strong data-start=\"225\" data-end=\"253\">redes de fibra multimodo<\/strong>. Con <strong data-start=\"260\" data-end=\"283\">canales de fibra duales<\/strong> en una sola forma que ahorra espacio, simplifica el cableado en <strong data-start=\"341\" data-end=\"349\">LANs<\/strong>, <strong data-start=\"351\" data-end=\"367\">paneles de conexi\u00f3n<\/strong>y <strong data-start=\"373\" data-end=\"392\">armarios de telecomunicaciones<\/strong>.<\/p>\n<p data-start=\"395\" data-end=\"667\">Construido con un <strong data-start=\"408\" data-end=\"431\">Virola pulida con PC<\/strong>, <strong data-start=\"433\" data-end=\"460\">conjunto de muelles duradero<\/strong>y un <strong data-start=\"468\" data-end=\"494\">mecanismo de cierre seguro<\/strong>garantiza <strong data-start=\"507\" data-end=\"533\">p\u00e9rdida de inserci\u00f3n \u22640,25dB<\/strong> y admite m\u00e1s de <strong data-start=\"552\" data-end=\"574\">1000 ciclos de acoplamiento<\/strong>. En <strong data-start=\"580\" data-end=\"600\">Bota negra de 2,0 mm<\/strong> proporciona alivio de tensi\u00f3n y f\u00e1cil manejo durante despliegues densos.<\/p>\n<p data-start=\"395\" data-end=\"667\">Piezas del conector: Tapa guardapolvo, carcasa exterior negra, conjunto de virola, muelle, tap\u00f3n, anillo remachable, bota negra<\/p>","protected":false},"excerpt":{"rendered":"<p>The MTRJ Multimode 2.0mm Connector is a compact duplex solution designed for multimode fiber networks. With dual fiber channels in [&hellip;]<\/p>\n","protected":false},"featured_media":3705,"template":"","meta":{"_acf_changed":false,"site-sidebar-layout":"default","site-content-layout":"","ast-site-content-layout":"default","site-content-style":"default","site-sidebar-style":"default","ast-global-header-display":"","ast-banner-title-visibility":"","ast-main-header-display":"","ast-hfb-above-header-display":"","ast-hfb-below-header-display":"","ast-hfb-mobile-header-display":"","site-post-title":"","ast-breadcrumbs-content":"","ast-featured-img":"","footer-sml-layout":"","ast-disable-related-posts":"","theme-transparent-header-meta":"default","adv-header-id-meta":"","stick-header-meta":"","header-above-stick-meta":"","header-main-stick-meta":"","header-below-stick-meta":"","astra-migrate-meta-layouts":"set","ast-page-background-enabled":"default","ast-page-background-meta":{"desktop":{"background-color":"var(--ast-global-color-5)","background-image":"","background-repeat":"repeat","background-position":"center center","background-size":"auto","background-attachment":"scroll","background-type":"","background-media":"","overlay-type":"","overlay-color":"","overlay-opacity":"","overlay-gradient":""},"tablet":{"background-color":"","background-image":"","background-repeat":"repeat","background-position":"center center","background-size":"auto","background-attachment":"scroll","background-type":"","background-media":"","overlay-type":"","overlay-color":"","overlay-opacity":"","overlay-gradient":""},"mobile":{"background-color":"","background-image":"","background-repeat":"repeat","background-position":"center center","background-size":"auto","background-attachment":"scroll","background-type":"","background-media":"","overlay-type":"","overlay-color":"","overlay-opacity":"","overlay-gradient":""}},"ast-content-background-meta":{"desktop":{"background-color":"var(--ast-global-color-4)","background-image":"","background-repeat":"repeat","background-position":"center center","background-size":"auto","background-attachment":"scroll","background-type":"","background-media":"","overlay-type":"","overlay-color":"","overlay-opacity":"","overlay-gradient":""},"tablet":{"background-color":"var(--ast-global-color-4)","background-image":"","background-repeat":"repeat","background-position":"center center","background-size":"auto","background-attachment":"scroll","background-type":"","background-media":"","overlay-type":"","overlay-color":"","overlay-opacity":"","overlay-gradient":""},"mobile":{"background-color":"var(--ast-global-color-4)","background-image":"","background-repeat":"repeat","background-position":"center center","background-size":"auto","background-attachment":"scroll","background-type":"","background-media":"","overlay-type":"","overlay-color":"","overlay-opacity":"","overlay-gradient":""}}},"product_brand":[],"product_cat":[56],"product_tag":[],"class_list":{"0":"post-3704","1":"product","2":"type-product","3":"status-publish","4":"has-post-thumbnail","6":"product_cat-mtrj-fiber-optic-connectors","7":"desktop-align-left","8":"tablet-align-left","9":"mobile-align-left","11":"first","12":"instock","13":"shipping-taxable","14":"product-type-simple"},"acf":[],"_links":{"self":[{"href":"https:\/\/yfconnectivity.com\/es\/wp-json\/wp\/v2\/product\/3704","targetHints":{"allow":["GET"]}}],"collection":[{"href":"https:\/\/yfconnectivity.com\/es\/wp-json\/wp\/v2\/product"}],"about":[{"href":"https:\/\/yfconnectivity.com\/es\/wp-json\/wp\/v2\/types\/product"}],"wp:featuredmedia":[{"embeddable":true,"href":"https:\/\/yfconnectivity.com\/es\/wp-json\/wp\/v2\/media\/3705"}],"wp:attachment":[{"href":"https:\/\/yfconnectivity.com\/es\/wp-json\/wp\/v2\/media?parent=3704"}],"wp:term":[{"taxonomy":"product_brand","embeddable":true,"href":"https:\/\/yfconnectivity.com\/es\/wp-json\/wp\/v2\/product_brand?post=3704"},{"taxonomy":"product_cat","embeddable":true,"href":"https:\/\/yfconnectivity.com\/es\/wp-json\/wp\/v2\/product_cat?post=3704"},{"taxonomy":"product_tag","embeddable":true,"href":"https:\/\/yfconnectivity.com\/es\/wp-json\/wp\/v2\/product_tag?post=3704"}],"curies":[{"name":"wp","href":"https:\/\/api.w.org\/{rel}","templated":true}]}}