{"id":3672,"date":"2025-07-12T13:03:11","date_gmt":"2025-07-12T12:03:11","guid":{"rendered":"https:\/\/yfconnectivity.com\/?post_type=product&#038;p=3672"},"modified":"2025-07-12T13:03:12","modified_gmt":"2025-07-12T12:03:12","slug":"conector-mpo-apc","status":"publish","type":"product","link":"https:\/\/yfconnectivity.com\/es\/product\/mpo-apc-connector\/","title":{"rendered":"Conector MPO APC"},"content":{"rendered":"<p data-start=\"113\" data-end=\"424\">En <strong data-start=\"117\" data-end=\"138\">Conector MPO APC<\/strong> est\u00e1 dise\u00f1ado para <strong data-start=\"155\" data-end=\"189\">fibra monomodo de alta densidad<\/strong> aplicaciones, apoyando <strong data-start=\"215\" data-end=\"237\">8, 12 o 24 n\u00facleos<\/strong> en una interfaz multifibra compacta. Cuenta con una <strong data-start=\"290\" data-end=\"314\">Virola pulida APC<\/strong> para un rendimiento \u00f3ptico superior con <strong data-start=\"353\" data-end=\"396\">p\u00e9rdida de inserci\u00f3n t\u00edpica tan baja como 0,15 dB<\/strong>y <strong data-start=\"402\" data-end=\"423\">p\u00e9rdida de retorno \u226560dB<\/strong>.<\/p>\n<p data-start=\"426\" data-end=\"761\">Con una construcci\u00f3n duradera que incluye <strong data-start=\"457\" data-end=\"481\">conjunto virola A\/B<\/strong>, <strong data-start=\"483\" data-end=\"500\">anillo remachador<\/strong>y <strong data-start=\"506\" data-end=\"533\">alineaci\u00f3n por resorte<\/strong>el conector ofrece m\u00e1s de <strong data-start=\"563\" data-end=\"585\">1000 ciclos de acoplamiento<\/strong>. Su <strong data-start=\"591\" data-end=\"622\">Estructura de cable redondo de 3,0 mm<\/strong> y <strong data-start=\"627\" data-end=\"641\">bota negra<\/strong> garantizan una manipulaci\u00f3n sencilla y una instalaci\u00f3n estable en <strong data-start=\"690\" data-end=\"706\">centros de datos<\/strong>, <strong data-start=\"708\" data-end=\"726\">Redes troncales FTTx<\/strong>y <strong data-start=\"732\" data-end=\"760\">interconexiones de alta velocidad<\/strong>.<\/p>\n<p data-start=\"426\" data-end=\"761\">Piezas del conector: Tapa guardapolvo, carcasa exterior, conjunto de casquillos (A\/B), muelle, tap\u00f3n, anillo remachable, bota negra<\/p>","protected":false},"excerpt":{"rendered":"<p>The MPO APC Connector is designed for high-density single-mode fiber applications, supporting 8, 12, or 24 cores in a compact, [&hellip;]<\/p>\n","protected":false},"featured_media":3673,"template":"","meta":{"_acf_changed":false,"site-sidebar-layout":"default","site-content-layout":"","ast-site-content-layout":"default","site-content-style":"default","site-sidebar-style":"default","ast-global-header-display":"","ast-banner-title-visibility":"","ast-main-header-display":"","ast-hfb-above-header-display":"","ast-hfb-below-header-display":"","ast-hfb-mobile-header-display":"","site-post-title":"","ast-breadcrumbs-content":"","ast-featured-img":"","footer-sml-layout":"","ast-disable-related-posts":"","theme-transparent-header-meta":"default","adv-header-id-meta":"","stick-header-meta":"","header-above-stick-meta":"","header-main-stick-meta":"","header-below-stick-meta":"","astra-migrate-meta-layouts":"set","ast-page-background-enabled":"default","ast-page-background-meta":{"desktop":{"background-color":"var(--ast-global-color-5)","background-image":"","background-repeat":"repeat","background-position":"center center","background-size":"auto","background-attachment":"scroll","background-type":"","background-media":"","overlay-type":"","overlay-color":"","overlay-opacity":"","overlay-gradient":""},"tablet":{"background-color":"","background-image":"","background-repeat":"repeat","background-position":"center center","background-size":"auto","background-attachment":"scroll","background-type":"","background-media":"","overlay-type":"","overlay-color":"","overlay-opacity":"","overlay-gradient":""},"mobile":{"background-color":"","background-image":"","background-repeat":"repeat","background-position":"center center","background-size":"auto","background-attachment":"scroll","background-type":"","background-media":"","overlay-type":"","overlay-color":"","overlay-opacity":"","overlay-gradient":""}},"ast-content-background-meta":{"desktop":{"background-color":"var(--ast-global-color-4)","background-image":"","background-repeat":"repeat","background-position":"center center","background-size":"auto","background-attachment":"scroll","background-type":"","background-media":"","overlay-type":"","overlay-color":"","overlay-opacity":"","overlay-gradient":""},"tablet":{"background-color":"var(--ast-global-color-4)","background-image":"","background-repeat":"repeat","background-position":"center center","background-size":"auto","background-attachment":"scroll","background-type":"","background-media":"","overlay-type":"","overlay-color":"","overlay-opacity":"","overlay-gradient":""},"mobile":{"background-color":"var(--ast-global-color-4)","background-image":"","background-repeat":"repeat","background-position":"center center","background-size":"auto","background-attachment":"scroll","background-type":"","background-media":"","overlay-type":"","overlay-color":"","overlay-opacity":"","overlay-gradient":""}}},"product_brand":[],"product_cat":[54],"product_tag":[],"class_list":{"0":"post-3672","1":"product","2":"type-product","3":"status-publish","4":"has-post-thumbnail","6":"product_cat-mpo-fiber-optic-connectors","7":"desktop-align-left","8":"tablet-align-left","9":"mobile-align-left","11":"first","12":"instock","13":"shipping-taxable","14":"product-type-simple"},"acf":[],"_links":{"self":[{"href":"https:\/\/yfconnectivity.com\/es\/wp-json\/wp\/v2\/product\/3672","targetHints":{"allow":["GET"]}}],"collection":[{"href":"https:\/\/yfconnectivity.com\/es\/wp-json\/wp\/v2\/product"}],"about":[{"href":"https:\/\/yfconnectivity.com\/es\/wp-json\/wp\/v2\/types\/product"}],"wp:featuredmedia":[{"embeddable":true,"href":"https:\/\/yfconnectivity.com\/es\/wp-json\/wp\/v2\/media\/3673"}],"wp:attachment":[{"href":"https:\/\/yfconnectivity.com\/es\/wp-json\/wp\/v2\/media?parent=3672"}],"wp:term":[{"taxonomy":"product_brand","embeddable":true,"href":"https:\/\/yfconnectivity.com\/es\/wp-json\/wp\/v2\/product_brand?post=3672"},{"taxonomy":"product_cat","embeddable":true,"href":"https:\/\/yfconnectivity.com\/es\/wp-json\/wp\/v2\/product_cat?post=3672"},{"taxonomy":"product_tag","embeddable":true,"href":"https:\/\/yfconnectivity.com\/es\/wp-json\/wp\/v2\/product_tag?post=3672"}],"curies":[{"name":"wp","href":"https:\/\/api.w.org\/{rel}","templated":true}]}}