{"id":3646,"date":"2025-07-12T08:14:35","date_gmt":"2025-07-12T07:14:35","guid":{"rendered":"https:\/\/yfconnectivity.com\/?post_type=product&#038;p=3646"},"modified":"2025-07-12T09:20:45","modified_gmt":"2025-07-12T08:20:45","slug":"lc-apc-conector-uniboot","status":"publish","type":"product","link":"https:\/\/yfconnectivity.com\/es\/product\/lc-apc-uniboot-connector\/","title":{"rendered":"Conector LC APC Uniboot"},"content":{"rendered":"<p data-start=\"74\" data-end=\"437\">En <strong data-start=\"78\" data-end=\"106\">Conector LC APC Uniboot<\/strong> est\u00e1 dise\u00f1ado para aplicaciones monomodo de alta densidad, combinando dos fibras en un \u00fanico cable de 3,0 mm para reducir el desorden y mejorar el flujo de aire. Con <strong data-start=\"253\" data-end=\"285\">baja p\u00e9rdida de inserci\u00f3n (\u22640,25dB)<\/strong> y <strong data-start=\"290\" data-end=\"318\">alta p\u00e9rdida de retorno (\u226560dB)<\/strong>garantiza una transmisi\u00f3n estable y poco reflectante de la se\u00f1al, ideal para <strong data-start=\"384\" data-end=\"392\">FTTx<\/strong>, <strong data-start=\"394\" data-end=\"410\">centros de datos<\/strong>y <strong data-start=\"416\" data-end=\"436\">redes de telecomunicaciones<\/strong>.<\/p>\n<p data-start=\"439\" data-end=\"686\">Su <strong data-start=\"443\" data-end=\"467\">Virola pulida APC<\/strong>estructura duradera y <strong data-start=\"492\" data-end=\"519\">m\u00e1s de 1.000 ciclos de apareamiento<\/strong> proporcionan un rendimiento a largo plazo, mientras que la carcasa verde garantiza una f\u00e1cil identificaci\u00f3n del APC. Un clip seguro y un dise\u00f1o de tubo termorretr\u00e1ctil hacen que la instalaci\u00f3n sea r\u00e1pida y fiable.<\/p>\n<p data-start=\"439\" data-end=\"686\">Piezas del conector: Tapa guardapolvo, carcasa exterior verde, conjunto de casquillo, muelle, tubo transparente peque\u00f1o, marco interior, clip, anillo remachable, tubo termorretr\u00e1ctil, bota blanca.<\/p>","protected":false},"excerpt":{"rendered":"<p>The LC APC Uniboot Connector is designed for high-density single-mode applications, combining two fibers into a single 3.0mm cable to [&hellip;]<\/p>\n","protected":false},"featured_media":3648,"template":"","meta":{"_acf_changed":false,"site-sidebar-layout":"default","site-content-layout":"","ast-site-content-layout":"default","site-content-style":"default","site-sidebar-style":"default","ast-global-header-display":"","ast-banner-title-visibility":"","ast-main-header-display":"","ast-hfb-above-header-display":"","ast-hfb-below-header-display":"","ast-hfb-mobile-header-display":"","site-post-title":"","ast-breadcrumbs-content":"","ast-featured-img":"","footer-sml-layout":"","ast-disable-related-posts":"","theme-transparent-header-meta":"default","adv-header-id-meta":"","stick-header-meta":"","header-above-stick-meta":"","header-main-stick-meta":"","header-below-stick-meta":"","astra-migrate-meta-layouts":"set","ast-page-background-enabled":"default","ast-page-background-meta":{"desktop":{"background-color":"var(--ast-global-color-5)","background-image":"","background-repeat":"repeat","background-position":"center center","background-size":"auto","background-attachment":"scroll","background-type":"","background-media":"","overlay-type":"","overlay-color":"","overlay-opacity":"","overlay-gradient":""},"tablet":{"background-color":"","background-image":"","background-repeat":"repeat","background-position":"center center","background-size":"auto","background-attachment":"scroll","background-type":"","background-media":"","overlay-type":"","overlay-color":"","overlay-opacity":"","overlay-gradient":""},"mobile":{"background-color":"","background-image":"","background-repeat":"repeat","background-position":"center center","background-size":"auto","background-attachment":"scroll","background-type":"","background-media":"","overlay-type":"","overlay-color":"","overlay-opacity":"","overlay-gradient":""}},"ast-content-background-meta":{"desktop":{"background-color":"var(--ast-global-color-4)","background-image":"","background-repeat":"repeat","background-position":"center center","background-size":"auto","background-attachment":"scroll","background-type":"","background-media":"","overlay-type":"","overlay-color":"","overlay-opacity":"","overlay-gradient":""},"tablet":{"background-color":"var(--ast-global-color-4)","background-image":"","background-repeat":"repeat","background-position":"center center","background-size":"auto","background-attachment":"scroll","background-type":"","background-media":"","overlay-type":"","overlay-color":"","overlay-opacity":"","overlay-gradient":""},"mobile":{"background-color":"var(--ast-global-color-4)","background-image":"","background-repeat":"repeat","background-position":"center center","background-size":"auto","background-attachment":"scroll","background-type":"","background-media":"","overlay-type":"","overlay-color":"","overlay-opacity":"","overlay-gradient":""}}},"product_brand":[],"product_cat":[47],"product_tag":[],"class_list":{"0":"post-3646","1":"product","2":"type-product","3":"status-publish","4":"has-post-thumbnail","6":"product_cat-lc-fiber-optic-connectors","7":"desktop-align-left","8":"tablet-align-left","9":"mobile-align-left","11":"first","12":"instock","13":"shipping-taxable","14":"product-type-simple"},"acf":[],"_links":{"self":[{"href":"https:\/\/yfconnectivity.com\/es\/wp-json\/wp\/v2\/product\/3646","targetHints":{"allow":["GET"]}}],"collection":[{"href":"https:\/\/yfconnectivity.com\/es\/wp-json\/wp\/v2\/product"}],"about":[{"href":"https:\/\/yfconnectivity.com\/es\/wp-json\/wp\/v2\/types\/product"}],"wp:featuredmedia":[{"embeddable":true,"href":"https:\/\/yfconnectivity.com\/es\/wp-json\/wp\/v2\/media\/3648"}],"wp:attachment":[{"href":"https:\/\/yfconnectivity.com\/es\/wp-json\/wp\/v2\/media?parent=3646"}],"wp:term":[{"taxonomy":"product_brand","embeddable":true,"href":"https:\/\/yfconnectivity.com\/es\/wp-json\/wp\/v2\/product_brand?post=3646"},{"taxonomy":"product_cat","embeddable":true,"href":"https:\/\/yfconnectivity.com\/es\/wp-json\/wp\/v2\/product_cat?post=3646"},{"taxonomy":"product_tag","embeddable":true,"href":"https:\/\/yfconnectivity.com\/es\/wp-json\/wp\/v2\/product_tag?post=3646"}],"curies":[{"name":"wp","href":"https:\/\/api.w.org\/{rel}","templated":true}]}}