{"id":2504,"date":"2025-05-21T08:20:52","date_gmt":"2025-05-21T07:20:52","guid":{"rendered":"https:\/\/yfconnectivity.com\/?post_type=product&#038;p=2504"},"modified":"2025-05-21T08:20:52","modified_gmt":"2025-05-21T07:20:52","slug":"repartidor-optico-odf-1u-a","status":"publish","type":"product","link":"https:\/\/yfconnectivity.com\/es\/product\/optical-distribution-frame-odf-1u-a\/","title":{"rendered":"Repartidor \u00f3ptico (ODF) 1U-A"},"content":{"rendered":"<p class=\"\" data-start=\"148\" data-end=\"245\"><strong data-start=\"148\" data-end=\"245\">Repartidor \u00f3ptico de montaje en bastidor 1U - ODF de 24 puertos con compatibilidad para adaptadores SC\/LC\/FC\/ST<\/strong><\/p>\n<p class=\"\" data-start=\"247\" data-end=\"533\">El bastidor de distribuci\u00f3n \u00f3ptica (ODF) 1U-A es una unidad de gesti\u00f3n de fibra montada en bastidor dise\u00f1ada para la organizaci\u00f3n de cables de alta densidad, segura y eficiente en redes de fibra \u00f3ptica. Integra el empalme, la terminaci\u00f3n, la conexi\u00f3n y el tendido de cables de fibra en una \u00fanica y robusta carcasa de acero SPCC.<\/p>\n<p class=\"\" data-start=\"535\" data-end=\"882\">Este ODF admite hasta 24 adaptadores SC (tambi\u00e9n compatible con conectores LC, FC y ST) y conecta hasta 4 cables de fibra \u00f3ptica, por lo que es ideal para salas de telecomunicaciones, centros de datos y puntos de acceso a redes. Su dise\u00f1o de 1U ahorra un valioso espacio de rack, mientras que el disco de soldadura interno y la disposici\u00f3n de f\u00e1cil uso mejoran la eficiencia de la instalaci\u00f3n y el mantenimiento.<\/p>\n<p class=\"\" data-start=\"884\" data-end=\"1075\">Con su acabado resistente a la corrosi\u00f3n, su s\u00f3lida estructura y su elegante aspecto negro, el ODF 1U-A ofrece fiabilidad a largo plazo y protecci\u00f3n profesional de los cables en entornos de misi\u00f3n cr\u00edtica.<\/p>","protected":false},"excerpt":{"rendered":"<p>1U Rack-Mount Optical Distribution Frame \u2013 24 Port ODF with SC\/LC\/FC\/ST Adapter Compatibility The 1U-A Optical Distribution Frame (ODF) is [&hellip;]<\/p>\n","protected":false},"featured_media":2505,"template":"","meta":{"_acf_changed":false,"site-sidebar-layout":"default","site-content-layout":"","ast-site-content-layout":"default","site-content-style":"default","site-sidebar-style":"default","ast-global-header-display":"","ast-banner-title-visibility":"","ast-main-header-display":"","ast-hfb-above-header-display":"","ast-hfb-below-header-display":"","ast-hfb-mobile-header-display":"","site-post-title":"","ast-breadcrumbs-content":"","ast-featured-img":"","footer-sml-layout":"","ast-disable-related-posts":"","theme-transparent-header-meta":"default","adv-header-id-meta":"","stick-header-meta":"","header-above-stick-meta":"","header-main-stick-meta":"","header-below-stick-meta":"","astra-migrate-meta-layouts":"set","ast-page-background-enabled":"default","ast-page-background-meta":{"desktop":{"background-color":"var(--ast-global-color-5)","background-image":"","background-repeat":"repeat","background-position":"center center","background-size":"auto","background-attachment":"scroll","background-type":"","background-media":"","overlay-type":"","overlay-color":"","overlay-opacity":"","overlay-gradient":""},"tablet":{"background-color":"","background-image":"","background-repeat":"repeat","background-position":"center center","background-size":"auto","background-attachment":"scroll","background-type":"","background-media":"","overlay-type":"","overlay-color":"","overlay-opacity":"","overlay-gradient":""},"mobile":{"background-color":"","background-image":"","background-repeat":"repeat","background-position":"center center","background-size":"auto","background-attachment":"scroll","background-type":"","background-media":"","overlay-type":"","overlay-color":"","overlay-opacity":"","overlay-gradient":""}},"ast-content-background-meta":{"desktop":{"background-color":"var(--ast-global-color-4)","background-image":"","background-repeat":"repeat","background-position":"center center","background-size":"auto","background-attachment":"scroll","background-type":"","background-media":"","overlay-type":"","overlay-color":"","overlay-opacity":"","overlay-gradient":""},"tablet":{"background-color":"var(--ast-global-color-4)","background-image":"","background-repeat":"repeat","background-position":"center center","background-size":"auto","background-attachment":"scroll","background-type":"","background-media":"","overlay-type":"","overlay-color":"","overlay-opacity":"","overlay-gradient":""},"mobile":{"background-color":"var(--ast-global-color-4)","background-image":"","background-repeat":"repeat","background-position":"center center","background-size":"auto","background-attachment":"scroll","background-type":"","background-media":"","overlay-type":"","overlay-color":"","overlay-opacity":"","overlay-gradient":""}}},"product_brand":[],"product_cat":[41],"product_tag":[],"class_list":{"0":"post-2504","1":"product","2":"type-product","3":"status-publish","4":"has-post-thumbnail","6":"product_cat-optical-distribution-frame","7":"desktop-align-left","8":"tablet-align-left","9":"mobile-align-left","11":"first","12":"instock","13":"shipping-taxable","14":"product-type-simple"},"acf":[],"_links":{"self":[{"href":"https:\/\/yfconnectivity.com\/es\/wp-json\/wp\/v2\/product\/2504","targetHints":{"allow":["GET"]}}],"collection":[{"href":"https:\/\/yfconnectivity.com\/es\/wp-json\/wp\/v2\/product"}],"about":[{"href":"https:\/\/yfconnectivity.com\/es\/wp-json\/wp\/v2\/types\/product"}],"wp:featuredmedia":[{"embeddable":true,"href":"https:\/\/yfconnectivity.com\/es\/wp-json\/wp\/v2\/media\/2505"}],"wp:attachment":[{"href":"https:\/\/yfconnectivity.com\/es\/wp-json\/wp\/v2\/media?parent=2504"}],"wp:term":[{"taxonomy":"product_brand","embeddable":true,"href":"https:\/\/yfconnectivity.com\/es\/wp-json\/wp\/v2\/product_brand?post=2504"},{"taxonomy":"product_cat","embeddable":true,"href":"https:\/\/yfconnectivity.com\/es\/wp-json\/wp\/v2\/product_cat?post=2504"},{"taxonomy":"product_tag","embeddable":true,"href":"https:\/\/yfconnectivity.com\/es\/wp-json\/wp\/v2\/product_tag?post=2504"}],"curies":[{"name":"wp","href":"https:\/\/api.w.org\/{rel}","templated":true}]}}