{"id":2463,"date":"2025-05-20T11:43:58","date_gmt":"2025-05-20T10:43:58","guid":{"rendered":"https:\/\/yfconnectivity.com\/?post_type=product&#038;p=2463"},"modified":"2025-08-01T09:01:45","modified_gmt":"2025-08-01T08:01:45","slug":"caja-de-salida-de-1-puerto-tipo-a","status":"publish","type":"product","link":"https:\/\/yfconnectivity.com\/es\/product\/1-port-type-a-outlet-box\/","title":{"rendered":"Caja de salida de distribuci\u00f3n de fibra \u00f3ptica de 1 puerto tipo A"},"content":{"rendered":"<p>Esta caja de salida de fibra \u00f3ptica de 1 puerto tipo A est\u00e1 dise\u00f1ada para entornos espec\u00edficos, por ejemplo, uso en interiores de alta densidad \/ despliegue FTTH \/ escenarios de montaje en pared. En comparaci\u00f3n con otros modelos, cuenta con estructura de doble capa. Fabricada en ABS de alta calidad, garantiza un rendimiento fiable tanto para fibras monomodo como multimodo.<\/p>\n<ul>\n<li>Dise\u00f1o ultracompacto: Tama\u00f1o optimizado (s\u00f3lo 23 mm de grosor) para su uso en montaje sobremesa\/pared.<\/li>\n<li>Fuerte rendimiento mec\u00e1nico: Soporta un radio de curvatura adecuado de la fibra y ofrece una protecci\u00f3n eficaz para las fibras entrantes\/salientes.<\/li>\n<li>Compatibilidad de adaptadores: Admite 1 adaptador SC Duplex APC\/UPC o 4 adaptadores LC Duplex APC\/UPC.<\/li>\n<li>Compatibilidad con conectores fr\u00edos: Admite la conexi\u00f3n directa de conectores fr\u00edos, fibras de cola o cables de bajada sin empalmes adicionales.<\/li>\n<li>Protecci\u00f3n contra el polvo: Equipado con cubierta antipolvo tipo concha de almeja para una mejor limpieza.<\/li>\n<li>Dise\u00f1o de f\u00e1cil ajuste a presi\u00f3n\uff1aEquipado con un sistema de cierre a presi\u00f3n que ofrece un cierre seguro y un c\u00f3modo desmontaje sin herramientas.<\/li>\n<li>Montaje flexible del adaptador: Posici\u00f3n interna para una mejor protecci\u00f3n.<\/li>\n<\/ul>","protected":false},"excerpt":{"rendered":"<p>This 1 Port Type-A fiber optic outlet box is designed for specific environment, e.g., high-density indoor use \/ FTTH deployment [&hellip;]<\/p>\n","protected":false},"featured_media":4347,"template":"","meta":{"_acf_changed":false,"site-sidebar-layout":"default","site-content-layout":"","ast-site-content-layout":"default","site-content-style":"default","site-sidebar-style":"default","ast-global-header-display":"","ast-banner-title-visibility":"","ast-main-header-display":"","ast-hfb-above-header-display":"","ast-hfb-below-header-display":"","ast-hfb-mobile-header-display":"","site-post-title":"","ast-breadcrumbs-content":"","ast-featured-img":"","footer-sml-layout":"","ast-disable-related-posts":"","theme-transparent-header-meta":"default","adv-header-id-meta":"","stick-header-meta":"","header-above-stick-meta":"","header-main-stick-meta":"","header-below-stick-meta":"","astra-migrate-meta-layouts":"set","ast-page-background-enabled":"default","ast-page-background-meta":{"desktop":{"background-color":"var(--ast-global-color-5)","background-image":"","background-repeat":"repeat","background-position":"center center","background-size":"auto","background-attachment":"scroll","background-type":"","background-media":"","overlay-type":"","overlay-color":"","overlay-opacity":"","overlay-gradient":""},"tablet":{"background-color":"","background-image":"","background-repeat":"repeat","background-position":"center center","background-size":"auto","background-attachment":"scroll","background-type":"","background-media":"","overlay-type":"","overlay-color":"","overlay-opacity":"","overlay-gradient":""},"mobile":{"background-color":"","background-image":"","background-repeat":"repeat","background-position":"center center","background-size":"auto","background-attachment":"scroll","background-type":"","background-media":"","overlay-type":"","overlay-color":"","overlay-opacity":"","overlay-gradient":""}},"ast-content-background-meta":{"desktop":{"background-color":"var(--ast-global-color-4)","background-image":"","background-repeat":"repeat","background-position":"center center","background-size":"auto","background-attachment":"scroll","background-type":"","background-media":"","overlay-type":"","overlay-color":"","overlay-opacity":"","overlay-gradient":""},"tablet":{"background-color":"var(--ast-global-color-4)","background-image":"","background-repeat":"repeat","background-position":"center center","background-size":"auto","background-attachment":"scroll","background-type":"","background-media":"","overlay-type":"","overlay-color":"","overlay-opacity":"","overlay-gradient":""},"mobile":{"background-color":"var(--ast-global-color-4)","background-image":"","background-repeat":"repeat","background-position":"center center","background-size":"auto","background-attachment":"scroll","background-type":"","background-media":"","overlay-type":"","overlay-color":"","overlay-opacity":"","overlay-gradient":""}}},"product_brand":[],"product_cat":[37],"product_tag":[],"class_list":{"0":"post-2463","1":"product","2":"type-product","3":"status-publish","4":"has-post-thumbnail","6":"product_cat-fiber-optic-outlet-box","7":"desktop-align-left","8":"tablet-align-left","9":"mobile-align-left","11":"first","12":"instock","13":"shipping-taxable","14":"product-type-simple"},"acf":[],"_links":{"self":[{"href":"https:\/\/yfconnectivity.com\/es\/wp-json\/wp\/v2\/product\/2463","targetHints":{"allow":["GET"]}}],"collection":[{"href":"https:\/\/yfconnectivity.com\/es\/wp-json\/wp\/v2\/product"}],"about":[{"href":"https:\/\/yfconnectivity.com\/es\/wp-json\/wp\/v2\/types\/product"}],"wp:featuredmedia":[{"embeddable":true,"href":"https:\/\/yfconnectivity.com\/es\/wp-json\/wp\/v2\/media\/4347"}],"wp:attachment":[{"href":"https:\/\/yfconnectivity.com\/es\/wp-json\/wp\/v2\/media?parent=2463"}],"wp:term":[{"taxonomy":"product_brand","embeddable":true,"href":"https:\/\/yfconnectivity.com\/es\/wp-json\/wp\/v2\/product_brand?post=2463"},{"taxonomy":"product_cat","embeddable":true,"href":"https:\/\/yfconnectivity.com\/es\/wp-json\/wp\/v2\/product_cat?post=2463"},{"taxonomy":"product_tag","embeddable":true,"href":"https:\/\/yfconnectivity.com\/es\/wp-json\/wp\/v2\/product_tag?post=2463"}],"curies":[{"name":"wp","href":"https:\/\/api.w.org\/{rel}","templated":true}]}}