{"id":2424,"date":"2025-05-20T08:26:19","date_gmt":"2025-05-20T07:26:19","guid":{"rendered":"https:\/\/yfconnectivity.com\/?post_type=product&#038;p=2424"},"modified":"2025-05-20T09:40:34","modified_gmt":"2025-05-20T08:40:34","slug":"cables-de-conexion-de-mpo-a-mpo","status":"publish","type":"product","link":"https:\/\/yfconnectivity.com\/es\/product\/mpo-to-mpo-patch-cords\/","title":{"rendered":"Cables de conexi\u00f3n MPO a MPO"},"content":{"rendered":"<p><strong>Cable de fibra \u00f3ptica MPO-MPO de alta densidad para conexiones troncales r\u00e1pidas y fiables<\/strong><\/p>\n<p>Los latiguillos de fibra \u00f3ptica MPO a MPO de Yingfeng est\u00e1n dise\u00f1ados para entornos de red de fibra de alta densidad, como centros de datos, redes LAN empresariales y salas de telecomunicaciones. Dise\u00f1ados para una instalaci\u00f3n plug-and-play r\u00e1pida y eficiente, estos latiguillos ofrecen un rendimiento superior en la transmisi\u00f3n de se\u00f1ales, lo que los hace ideales para el cableado troncal y la conmutaci\u00f3n \u00f3ptica de alta velocidad.<\/p>\n<p>Fabricados con f\u00e9rulas alineadas con precisi\u00f3n y baja p\u00e9rdida de inserci\u00f3n, nuestros cables de conexi\u00f3n MPO admiten los grados de fibra G.652D y G.657A2 para mejorar la flexibilidad y la resistencia a la flexi\u00f3n. Tanto si est\u00e1 actualizando su infraestructura como construyendo una nueva, estos cables de conexi\u00f3n MPO de alto rendimiento garantizan un rendimiento \u00f3ptico constante, durabilidad y una excelente compatibilidad con diversos sistemas basados en MPO.<\/p>","protected":false},"excerpt":{"rendered":"<p>High-Density MPO-MPO Fiber Patch Cord for Fast, Reliable Backbone Connections Yingfeng\u2019s MPO to MPO fiber optic patch cords are engineered [&hellip;]<\/p>\n","protected":false},"featured_media":2443,"template":"","meta":{"_acf_changed":false,"site-sidebar-layout":"default","site-content-layout":"","ast-site-content-layout":"default","site-content-style":"default","site-sidebar-style":"default","ast-global-header-display":"","ast-banner-title-visibility":"","ast-main-header-display":"","ast-hfb-above-header-display":"","ast-hfb-below-header-display":"","ast-hfb-mobile-header-display":"","site-post-title":"","ast-breadcrumbs-content":"","ast-featured-img":"","footer-sml-layout":"","ast-disable-related-posts":"","theme-transparent-header-meta":"default","adv-header-id-meta":"","stick-header-meta":"","header-above-stick-meta":"","header-main-stick-meta":"","header-below-stick-meta":"","astra-migrate-meta-layouts":"set","ast-page-background-enabled":"default","ast-page-background-meta":{"desktop":{"background-color":"var(--ast-global-color-5)","background-image":"","background-repeat":"repeat","background-position":"center center","background-size":"auto","background-attachment":"scroll","background-type":"","background-media":"","overlay-type":"","overlay-color":"","overlay-opacity":"","overlay-gradient":""},"tablet":{"background-color":"","background-image":"","background-repeat":"repeat","background-position":"center center","background-size":"auto","background-attachment":"scroll","background-type":"","background-media":"","overlay-type":"","overlay-color":"","overlay-opacity":"","overlay-gradient":""},"mobile":{"background-color":"","background-image":"","background-repeat":"repeat","background-position":"center center","background-size":"auto","background-attachment":"scroll","background-type":"","background-media":"","overlay-type":"","overlay-color":"","overlay-opacity":"","overlay-gradient":""}},"ast-content-background-meta":{"desktop":{"background-color":"var(--ast-global-color-4)","background-image":"","background-repeat":"repeat","background-position":"center center","background-size":"auto","background-attachment":"scroll","background-type":"","background-media":"","overlay-type":"","overlay-color":"","overlay-opacity":"","overlay-gradient":""},"tablet":{"background-color":"var(--ast-global-color-4)","background-image":"","background-repeat":"repeat","background-position":"center center","background-size":"auto","background-attachment":"scroll","background-type":"","background-media":"","overlay-type":"","overlay-color":"","overlay-opacity":"","overlay-gradient":""},"mobile":{"background-color":"var(--ast-global-color-4)","background-image":"","background-repeat":"repeat","background-position":"center center","background-size":"auto","background-attachment":"scroll","background-type":"","background-media":"","overlay-type":"","overlay-color":"","overlay-opacity":"","overlay-gradient":""}}},"product_brand":[],"product_cat":[40],"product_tag":[],"class_list":{"0":"post-2424","1":"product","2":"type-product","3":"status-publish","4":"has-post-thumbnail","6":"product_cat-mpo-mpt-patch-cables","7":"desktop-align-left","8":"tablet-align-left","9":"mobile-align-left","11":"first","12":"instock","13":"shipping-taxable","14":"product-type-simple"},"acf":[],"_links":{"self":[{"href":"https:\/\/yfconnectivity.com\/es\/wp-json\/wp\/v2\/product\/2424","targetHints":{"allow":["GET"]}}],"collection":[{"href":"https:\/\/yfconnectivity.com\/es\/wp-json\/wp\/v2\/product"}],"about":[{"href":"https:\/\/yfconnectivity.com\/es\/wp-json\/wp\/v2\/types\/product"}],"wp:featuredmedia":[{"embeddable":true,"href":"https:\/\/yfconnectivity.com\/es\/wp-json\/wp\/v2\/media\/2443"}],"wp:attachment":[{"href":"https:\/\/yfconnectivity.com\/es\/wp-json\/wp\/v2\/media?parent=2424"}],"wp:term":[{"taxonomy":"product_brand","embeddable":true,"href":"https:\/\/yfconnectivity.com\/es\/wp-json\/wp\/v2\/product_brand?post=2424"},{"taxonomy":"product_cat","embeddable":true,"href":"https:\/\/yfconnectivity.com\/es\/wp-json\/wp\/v2\/product_cat?post=2424"},{"taxonomy":"product_tag","embeddable":true,"href":"https:\/\/yfconnectivity.com\/es\/wp-json\/wp\/v2\/product_tag?post=2424"}],"curies":[{"name":"wp","href":"https:\/\/api.w.org\/{rel}","templated":true}]}}