{"id":7152,"date":"2026-01-28T08:21:54","date_gmt":"2026-01-28T07:21:54","guid":{"rendered":"https:\/\/yfconnectivity.com\/?post_type=product&#038;p=7152"},"modified":"2026-01-28T08:44:33","modified_gmt":"2026-01-28T07:44:33","slug":"schnellkupplung-mit-mechanischer-verriegelung","status":"publish","type":"product","link":"https:\/\/yfconnectivity.com\/de\/product\/fast-connector-with-mechanical-lock\/","title":{"rendered":"SC UPC Fast Field Connector mit Verriegelung"},"content":{"rendered":"<p data-start=\"502\" data-end=\"710\">Der SC UPC Fast Field Connector mit mechanischem Verriegelungsmechanismus ist eine verbesserte L\u00f6sung, die eine stabilere Fixierung der Fasern und eine h\u00f6here Installationszuverl\u00e4ssigkeit beim Anschluss vor Ort bietet.<\/p>\n<p data-start=\"712\" data-end=\"1031\">Dieser Stecker verf\u00fcgt \u00fcber eine externe Verriegelungsh\u00fclse, die die blanke Faser nach dem Einstecken sicher fixiert und eine Bewegung der Faser beim Ziehen, bei Vibrationen oder im Langzeiteinsatz verhindert. Im Vergleich zu Standard-Schnellsteckverbindern erh\u00f6ht die Verriegelungsstruktur die mechanische Stabilit\u00e4t und erm\u00f6glicht gleichzeitig eine einfache werkzeuglose Installation.<\/p>\n<p data-start=\"1033\" data-end=\"1369\">Durch die Verwendung einer vorpolierten UPC-Ferrule und einer Technologie zum Voreinbetten der Fasern unterst\u00fctzt dieser Stecker die schnelle Vor-Ort-Konfektionierung von FTTH-Drop-Kabeln (3,0 \u00d7 2,0 mm \/ 1,6 \u00d7 2,0 mm) und G.652 \/ G.657 Singlemode-Fasern. Er eignet sich gut f\u00fcr Anwendungen, bei denen eine stabile Faserpositionierung und gleichbleibende optische Leistung erforderlich sind.<\/p>","protected":false},"excerpt":{"rendered":"<p>The SC UPC Fast Field Connector with Mechanical Locking Mechanism is an upgraded solution designed to provide more stable fiber [&hellip;]<\/p>\n","protected":false},"featured_media":7159,"template":"","meta":{"_acf_changed":false,"site-sidebar-layout":"default","site-content-layout":"","ast-site-content-layout":"default","site-content-style":"default","site-sidebar-style":"default","ast-global-header-display":"","ast-banner-title-visibility":"","ast-main-header-display":"","ast-hfb-above-header-display":"","ast-hfb-below-header-display":"","ast-hfb-mobile-header-display":"","site-post-title":"","ast-breadcrumbs-content":"","ast-featured-img":"","footer-sml-layout":"","ast-disable-related-posts":"","theme-transparent-header-meta":"default","adv-header-id-meta":"","stick-header-meta":"","header-above-stick-meta":"","header-main-stick-meta":"","header-below-stick-meta":"","astra-migrate-meta-layouts":"set","ast-page-background-enabled":"default","ast-page-background-meta":{"desktop":{"background-color":"var(--ast-global-color-5)","background-image":"","background-repeat":"repeat","background-position":"center center","background-size":"auto","background-attachment":"scroll","background-type":"","background-media":"","overlay-type":"","overlay-color":"","overlay-opacity":"","overlay-gradient":""},"tablet":{"background-color":"","background-image":"","background-repeat":"repeat","background-position":"center center","background-size":"auto","background-attachment":"scroll","background-type":"","background-media":"","overlay-type":"","overlay-color":"","overlay-opacity":"","overlay-gradient":""},"mobile":{"background-color":"","background-image":"","background-repeat":"repeat","background-position":"center center","background-size":"auto","background-attachment":"scroll","background-type":"","background-media":"","overlay-type":"","overlay-color":"","overlay-opacity":"","overlay-gradient":""}},"ast-content-background-meta":{"desktop":{"background-color":"var(--ast-global-color-4)","background-image":"","background-repeat":"repeat","background-position":"center center","background-size":"auto","background-attachment":"scroll","background-type":"","background-media":"","overlay-type":"","overlay-color":"","overlay-opacity":"","overlay-gradient":""},"tablet":{"background-color":"var(--ast-global-color-4)","background-image":"","background-repeat":"repeat","background-position":"center center","background-size":"auto","background-attachment":"scroll","background-type":"","background-media":"","overlay-type":"","overlay-color":"","overlay-opacity":"","overlay-gradient":""},"mobile":{"background-color":"var(--ast-global-color-4)","background-image":"","background-repeat":"repeat","background-position":"center center","background-size":"auto","background-attachment":"scroll","background-type":"","background-media":"","overlay-type":"","overlay-color":"","overlay-opacity":"","overlay-gradient":""}}},"product_brand":[],"product_cat":[68],"product_tag":[],"class_list":{"0":"post-7152","1":"product","2":"type-product","3":"status-publish","4":"has-post-thumbnail","6":"product_cat-fiber-optic-fast-connector","7":"desktop-align-left","8":"tablet-align-left","9":"mobile-align-left","11":"first","12":"instock","13":"shipping-taxable","14":"product-type-simple"},"acf":[],"_links":{"self":[{"href":"https:\/\/yfconnectivity.com\/de\/wp-json\/wp\/v2\/product\/7152","targetHints":{"allow":["GET"]}}],"collection":[{"href":"https:\/\/yfconnectivity.com\/de\/wp-json\/wp\/v2\/product"}],"about":[{"href":"https:\/\/yfconnectivity.com\/de\/wp-json\/wp\/v2\/types\/product"}],"wp:featuredmedia":[{"embeddable":true,"href":"https:\/\/yfconnectivity.com\/de\/wp-json\/wp\/v2\/media\/7159"}],"wp:attachment":[{"href":"https:\/\/yfconnectivity.com\/de\/wp-json\/wp\/v2\/media?parent=7152"}],"wp:term":[{"taxonomy":"product_brand","embeddable":true,"href":"https:\/\/yfconnectivity.com\/de\/wp-json\/wp\/v2\/product_brand?post=7152"},{"taxonomy":"product_cat","embeddable":true,"href":"https:\/\/yfconnectivity.com\/de\/wp-json\/wp\/v2\/product_cat?post=7152"},{"taxonomy":"product_tag","embeddable":true,"href":"https:\/\/yfconnectivity.com\/de\/wp-json\/wp\/v2\/product_tag?post=7152"}],"curies":[{"name":"wp","href":"https:\/\/api.w.org\/{rel}","templated":true}]}}