{"id":7148,"date":"2026-01-28T06:21:42","date_gmt":"2026-01-28T05:21:42","guid":{"rendered":"https:\/\/yfconnectivity.com\/?post_type=product&#038;p=7148"},"modified":"2026-01-28T08:40:17","modified_gmt":"2026-01-28T07:40:17","slug":"sc-upc-schnell-feldstecker","status":"publish","type":"product","link":"https:\/\/yfconnectivity.com\/de\/product\/sc-upc-fast-field-connector\/","title":{"rendered":"SC UPC Fiber Optic Fast Field Connector"},"content":{"rendered":"<p data-start=\"492\" data-end=\"652\">Der SC UPC Fast Field Connector ist f\u00fcr den schnellen, stabilen und wiederholbaren Anschluss von Glasfasern in FTTH-Zugangsnetzen und optischen Inneninstallationen konzipiert.<\/p>\n<p data-start=\"654\" data-end=\"989\">Durch die Verwendung einer vorpolierten UPC-Ferrule und einer mechanischen Splei\u00dfstruktur erm\u00f6glicht dieser Stecker den Technikern einen Faserabschluss in etwa 15 Sekunden, ohne Epoxid, Aush\u00e4rten oder Fusionssplei\u00dfen. Er ist vollst\u00e4ndig kompatibel mit b\u00fcgelf\u00f6rmigen FTTH-Dropkabeln (3,0 \u00d7 2,0 mm \/ 1,6 \u00d7 2,0 mm) und Singlemode-Fasern (G.652 \/ G.657).<\/p>\n<p data-start=\"991\" data-end=\"1265\">Mit einer geringen Einf\u00fcgungsd\u00e4mpfung (\u22640,2 dB typisch) und einer R\u00fcckflussd\u00e4mpfung von \u226550 dB bietet der SC UPC-Schnellsteckverbinder eine zuverl\u00e4ssige optische Leistung f\u00fcr Glasfaseranschl\u00fcsse, Abschlussdosen und kundenseitige Ger\u00e4te, bei denen eine einfache Installation und Signalstabilit\u00e4t erforderlich sind.<\/p>","protected":false},"excerpt":{"rendered":"<p>The SC UPC Fast Field Connector is designed for fast, stable, and repeatable fiber termination in FTTH access networks and [&hellip;]<\/p>\n","protected":false},"featured_media":7161,"template":"","meta":{"_acf_changed":false,"site-sidebar-layout":"default","site-content-layout":"","ast-site-content-layout":"default","site-content-style":"default","site-sidebar-style":"default","ast-global-header-display":"","ast-banner-title-visibility":"","ast-main-header-display":"","ast-hfb-above-header-display":"","ast-hfb-below-header-display":"","ast-hfb-mobile-header-display":"","site-post-title":"","ast-breadcrumbs-content":"","ast-featured-img":"","footer-sml-layout":"","ast-disable-related-posts":"","theme-transparent-header-meta":"default","adv-header-id-meta":"","stick-header-meta":"","header-above-stick-meta":"","header-main-stick-meta":"","header-below-stick-meta":"","astra-migrate-meta-layouts":"set","ast-page-background-enabled":"default","ast-page-background-meta":{"desktop":{"background-color":"var(--ast-global-color-5)","background-image":"","background-repeat":"repeat","background-position":"center center","background-size":"auto","background-attachment":"scroll","background-type":"","background-media":"","overlay-type":"","overlay-color":"","overlay-opacity":"","overlay-gradient":""},"tablet":{"background-color":"","background-image":"","background-repeat":"repeat","background-position":"center center","background-size":"auto","background-attachment":"scroll","background-type":"","background-media":"","overlay-type":"","overlay-color":"","overlay-opacity":"","overlay-gradient":""},"mobile":{"background-color":"","background-image":"","background-repeat":"repeat","background-position":"center center","background-size":"auto","background-attachment":"scroll","background-type":"","background-media":"","overlay-type":"","overlay-color":"","overlay-opacity":"","overlay-gradient":""}},"ast-content-background-meta":{"desktop":{"background-color":"var(--ast-global-color-4)","background-image":"","background-repeat":"repeat","background-position":"center center","background-size":"auto","background-attachment":"scroll","background-type":"","background-media":"","overlay-type":"","overlay-color":"","overlay-opacity":"","overlay-gradient":""},"tablet":{"background-color":"var(--ast-global-color-4)","background-image":"","background-repeat":"repeat","background-position":"center center","background-size":"auto","background-attachment":"scroll","background-type":"","background-media":"","overlay-type":"","overlay-color":"","overlay-opacity":"","overlay-gradient":""},"mobile":{"background-color":"var(--ast-global-color-4)","background-image":"","background-repeat":"repeat","background-position":"center center","background-size":"auto","background-attachment":"scroll","background-type":"","background-media":"","overlay-type":"","overlay-color":"","overlay-opacity":"","overlay-gradient":""}}},"product_brand":[],"product_cat":[68],"product_tag":[],"class_list":{"0":"post-7148","1":"product","2":"type-product","3":"status-publish","4":"has-post-thumbnail","6":"product_cat-fiber-optic-fast-connector","7":"desktop-align-left","8":"tablet-align-left","9":"mobile-align-left","11":"first","12":"instock","13":"shipping-taxable","14":"product-type-simple"},"acf":[],"_links":{"self":[{"href":"https:\/\/yfconnectivity.com\/de\/wp-json\/wp\/v2\/product\/7148","targetHints":{"allow":["GET"]}}],"collection":[{"href":"https:\/\/yfconnectivity.com\/de\/wp-json\/wp\/v2\/product"}],"about":[{"href":"https:\/\/yfconnectivity.com\/de\/wp-json\/wp\/v2\/types\/product"}],"wp:featuredmedia":[{"embeddable":true,"href":"https:\/\/yfconnectivity.com\/de\/wp-json\/wp\/v2\/media\/7161"}],"wp:attachment":[{"href":"https:\/\/yfconnectivity.com\/de\/wp-json\/wp\/v2\/media?parent=7148"}],"wp:term":[{"taxonomy":"product_brand","embeddable":true,"href":"https:\/\/yfconnectivity.com\/de\/wp-json\/wp\/v2\/product_brand?post=7148"},{"taxonomy":"product_cat","embeddable":true,"href":"https:\/\/yfconnectivity.com\/de\/wp-json\/wp\/v2\/product_cat?post=7148"},{"taxonomy":"product_tag","embeddable":true,"href":"https:\/\/yfconnectivity.com\/de\/wp-json\/wp\/v2\/product_tag?post=7148"}],"curies":[{"name":"wp","href":"https:\/\/api.w.org\/{rel}","templated":true}]}}