{"id":4517,"date":"2025-08-08T07:04:42","date_gmt":"2025-08-08T06:04:42","guid":{"rendered":"https:\/\/yfconnectivity.com\/?post_type=product&#038;p=4517"},"modified":"2025-08-08T07:30:28","modified_gmt":"2025-08-08T06:30:28","slug":"lc-zu-sc-multimode-om4-glasfaser-patchkabel","status":"publish","type":"product","link":"https:\/\/yfconnectivity.com\/de\/product\/lc-to-sc-multimode-om4-fiber-patch-cable\/","title":{"rendered":"LC auf SC Multimode OM4 Glasfaser Patchkabel"},"content":{"rendered":"<p data-start=\"128\" data-end=\"191\"><strong data-start=\"128\" data-end=\"189\">LC UPC auf SC UPC Multimode Glasfaser Patchkabel, OM4, Duplex<\/strong><\/p>\n<p data-start=\"193\" data-end=\"550\">Dieses LC UPC auf SC UPC OM4 Multimode-Duplex-Glasfaser-Patchkabel ist f\u00fcr die Ultra-High-Speed-\u00dcbertragung \u00fcber kurze Entfernungen konzipiert und unterst\u00fctzt 40G und 100G Ethernet in modernen Rechenzentren, Unternehmensnetzwerken und Speichersystemen. OM4 50\/125\u00b5m-Glasfaser bietet im Vergleich zu OM3 eine gr\u00f6\u00dfere Reichweite - bis zu 550m bei 10G - und ist f\u00fcr die Verwendung mit VCSEL-Lasern bei 850nm optimiert.<\/p>\n<ul>\n<li data-start=\"554\" data-end=\"620\">Duplex-Design unterst\u00fctzt gleichzeitige bidirektionale Kommunikation<\/li>\n<li data-start=\"554\" data-end=\"620\">LC UPC- und SC UPC-Steckverbinder gew\u00e4hrleisten eine pr\u00e4zise Ausrichtung und geringe Einf\u00fcgungsd\u00e4mpfung<\/li>\n<li data-start=\"554\" data-end=\"620\">OM4-Multimode-Faser f\u00fcr l\u00e4ngere Hochgeschwindigkeits\u00fcbertragungsstrecken<\/li>\n<li data-start=\"554\" data-end=\"620\">Violett gef\u00e4rbte Ummantelung zur schnellen Erkennung von OM4<\/li>\n<li data-start=\"554\" data-end=\"620\">Erh\u00e4ltlich mit PVC- oder LSZH-Mantel f\u00fcr unterschiedliche Installationsanforderungen<\/li>\n<\/ul>","protected":false},"excerpt":{"rendered":"<p>LC UPC to SC UPC Multimode Fiber Patch Cable, OM4, Duplex This LC UPC to SC UPC OM4 multimode duplex [&hellip;]<\/p>\n","protected":false},"featured_media":4519,"template":"","meta":{"_acf_changed":false,"site-sidebar-layout":"default","site-content-layout":"","ast-site-content-layout":"default","site-content-style":"default","site-sidebar-style":"default","ast-global-header-display":"","ast-banner-title-visibility":"","ast-main-header-display":"","ast-hfb-above-header-display":"","ast-hfb-below-header-display":"","ast-hfb-mobile-header-display":"","site-post-title":"","ast-breadcrumbs-content":"","ast-featured-img":"","footer-sml-layout":"","ast-disable-related-posts":"","theme-transparent-header-meta":"default","adv-header-id-meta":"","stick-header-meta":"","header-above-stick-meta":"","header-main-stick-meta":"","header-below-stick-meta":"","astra-migrate-meta-layouts":"set","ast-page-background-enabled":"default","ast-page-background-meta":{"desktop":{"background-color":"var(--ast-global-color-5)","background-image":"","background-repeat":"repeat","background-position":"center center","background-size":"auto","background-attachment":"scroll","background-type":"","background-media":"","overlay-type":"","overlay-color":"","overlay-opacity":"","overlay-gradient":""},"tablet":{"background-color":"","background-image":"","background-repeat":"repeat","background-position":"center center","background-size":"auto","background-attachment":"scroll","background-type":"","background-media":"","overlay-type":"","overlay-color":"","overlay-opacity":"","overlay-gradient":""},"mobile":{"background-color":"","background-image":"","background-repeat":"repeat","background-position":"center center","background-size":"auto","background-attachment":"scroll","background-type":"","background-media":"","overlay-type":"","overlay-color":"","overlay-opacity":"","overlay-gradient":""}},"ast-content-background-meta":{"desktop":{"background-color":"var(--ast-global-color-4)","background-image":"","background-repeat":"repeat","background-position":"center center","background-size":"auto","background-attachment":"scroll","background-type":"","background-media":"","overlay-type":"","overlay-color":"","overlay-opacity":"","overlay-gradient":""},"tablet":{"background-color":"var(--ast-global-color-4)","background-image":"","background-repeat":"repeat","background-position":"center center","background-size":"auto","background-attachment":"scroll","background-type":"","background-media":"","overlay-type":"","overlay-color":"","overlay-opacity":"","overlay-gradient":""},"mobile":{"background-color":"var(--ast-global-color-4)","background-image":"","background-repeat":"repeat","background-position":"center center","background-size":"auto","background-attachment":"scroll","background-type":"","background-media":"","overlay-type":"","overlay-color":"","overlay-opacity":"","overlay-gradient":""}}},"product_brand":[],"product_cat":[36],"product_tag":[],"class_list":{"0":"post-4517","1":"product","2":"type-product","3":"status-publish","4":"has-post-thumbnail","6":"product_cat-fiber-optical-patch-cord","7":"desktop-align-left","8":"tablet-align-left","9":"mobile-align-left","11":"first","12":"instock","13":"shipping-taxable","14":"product-type-simple"},"acf":[],"_links":{"self":[{"href":"https:\/\/yfconnectivity.com\/de\/wp-json\/wp\/v2\/product\/4517","targetHints":{"allow":["GET"]}}],"collection":[{"href":"https:\/\/yfconnectivity.com\/de\/wp-json\/wp\/v2\/product"}],"about":[{"href":"https:\/\/yfconnectivity.com\/de\/wp-json\/wp\/v2\/types\/product"}],"wp:featuredmedia":[{"embeddable":true,"href":"https:\/\/yfconnectivity.com\/de\/wp-json\/wp\/v2\/media\/4519"}],"wp:attachment":[{"href":"https:\/\/yfconnectivity.com\/de\/wp-json\/wp\/v2\/media?parent=4517"}],"wp:term":[{"taxonomy":"product_brand","embeddable":true,"href":"https:\/\/yfconnectivity.com\/de\/wp-json\/wp\/v2\/product_brand?post=4517"},{"taxonomy":"product_cat","embeddable":true,"href":"https:\/\/yfconnectivity.com\/de\/wp-json\/wp\/v2\/product_cat?post=4517"},{"taxonomy":"product_tag","embeddable":true,"href":"https:\/\/yfconnectivity.com\/de\/wp-json\/wp\/v2\/product_tag?post=4517"}],"curies":[{"name":"wp","href":"https:\/\/api.w.org\/{rel}","templated":true}]}}