{"id":4182,"date":"2025-07-27T09:42:58","date_gmt":"2025-07-27T08:42:58","guid":{"rendered":"https:\/\/yfconnectivity.com\/?post_type=product&#038;p=4182"},"modified":"2025-07-27T10:22:22","modified_gmt":"2025-07-27T09:22:22","slug":"sc-zu-lc-hybrid-faser-adapter","status":"publish","type":"product","link":"https:\/\/yfconnectivity.com\/de\/product\/sc-to-lc-hybrid-fiber-adapter\/","title":{"rendered":"SC zu LC Hybridfaser-Adapter"},"content":{"rendered":"<p>Der SC-LC-Hybridfaseradapter mit Flansch wurde entwickelt, um zuverl\u00e4ssige und verlustarme Verbindungen zwischen SC- und LC-Steckern in Glasfasernetzen zu erm\u00f6glichen. Dieser Simplex-Adapter unterst\u00fctzt sowohl PC- als auch APC-Poltypen und ist mit Singlemode- und Multimode-Fasern kompatibel. Seine hochpr\u00e4zise keramische Ausrichtungsh\u00fclse gew\u00e4hrleistet eine gleichbleibende Leistung mit einer Einf\u00fcged\u00e4mpfung von \u22640,2dB. Mit seinem robusten Metallgeh\u00e4use und dem Flanschdesign ist dieser Adapter ideal f\u00fcr strukturierte Verkabelungssysteme, Patchpanels und Testger\u00e4te. Er entspricht den RoHS-Normen und ist f\u00fcr mehr als 1000 Steckzyklen ausgelegt und bietet eine zuverl\u00e4ssige Leistung in anspruchsvollen Umgebungen.<\/p>","protected":false},"excerpt":{"rendered":"<p>The SC to LC Hybrid Fiber Adapter with flange is designed to enable reliable and low-loss connections between SC and [&hellip;]<\/p>\n","protected":false},"featured_media":4183,"template":"","meta":{"_acf_changed":false,"site-sidebar-layout":"default","site-content-layout":"","ast-site-content-layout":"default","site-content-style":"default","site-sidebar-style":"default","ast-global-header-display":"","ast-banner-title-visibility":"","ast-main-header-display":"","ast-hfb-above-header-display":"","ast-hfb-below-header-display":"","ast-hfb-mobile-header-display":"","site-post-title":"","ast-breadcrumbs-content":"","ast-featured-img":"","footer-sml-layout":"","ast-disable-related-posts":"","theme-transparent-header-meta":"default","adv-header-id-meta":"","stick-header-meta":"","header-above-stick-meta":"","header-main-stick-meta":"","header-below-stick-meta":"","astra-migrate-meta-layouts":"set","ast-page-background-enabled":"default","ast-page-background-meta":{"desktop":{"background-color":"var(--ast-global-color-5)","background-image":"","background-repeat":"repeat","background-position":"center center","background-size":"auto","background-attachment":"scroll","background-type":"","background-media":"","overlay-type":"","overlay-color":"","overlay-opacity":"","overlay-gradient":""},"tablet":{"background-color":"","background-image":"","background-repeat":"repeat","background-position":"center center","background-size":"auto","background-attachment":"scroll","background-type":"","background-media":"","overlay-type":"","overlay-color":"","overlay-opacity":"","overlay-gradient":""},"mobile":{"background-color":"","background-image":"","background-repeat":"repeat","background-position":"center center","background-size":"auto","background-attachment":"scroll","background-type":"","background-media":"","overlay-type":"","overlay-color":"","overlay-opacity":"","overlay-gradient":""}},"ast-content-background-meta":{"desktop":{"background-color":"var(--ast-global-color-4)","background-image":"","background-repeat":"repeat","background-position":"center center","background-size":"auto","background-attachment":"scroll","background-type":"","background-media":"","overlay-type":"","overlay-color":"","overlay-opacity":"","overlay-gradient":""},"tablet":{"background-color":"var(--ast-global-color-4)","background-image":"","background-repeat":"repeat","background-position":"center center","background-size":"auto","background-attachment":"scroll","background-type":"","background-media":"","overlay-type":"","overlay-color":"","overlay-opacity":"","overlay-gradient":""},"mobile":{"background-color":"var(--ast-global-color-4)","background-image":"","background-repeat":"repeat","background-position":"center center","background-size":"auto","background-attachment":"scroll","background-type":"","background-media":"","overlay-type":"","overlay-color":"","overlay-opacity":"","overlay-gradient":""}}},"product_brand":[],"product_cat":[65],"product_tag":[],"class_list":{"0":"post-4182","1":"product","2":"type-product","3":"status-publish","4":"has-post-thumbnail","6":"product_cat-hybrid-fiber-optic-adapter","7":"desktop-align-left","8":"tablet-align-left","9":"mobile-align-left","11":"first","12":"instock","13":"shipping-taxable","14":"product-type-simple"},"acf":[],"_links":{"self":[{"href":"https:\/\/yfconnectivity.com\/de\/wp-json\/wp\/v2\/product\/4182","targetHints":{"allow":["GET"]}}],"collection":[{"href":"https:\/\/yfconnectivity.com\/de\/wp-json\/wp\/v2\/product"}],"about":[{"href":"https:\/\/yfconnectivity.com\/de\/wp-json\/wp\/v2\/types\/product"}],"wp:featuredmedia":[{"embeddable":true,"href":"https:\/\/yfconnectivity.com\/de\/wp-json\/wp\/v2\/media\/4183"}],"wp:attachment":[{"href":"https:\/\/yfconnectivity.com\/de\/wp-json\/wp\/v2\/media?parent=4182"}],"wp:term":[{"taxonomy":"product_brand","embeddable":true,"href":"https:\/\/yfconnectivity.com\/de\/wp-json\/wp\/v2\/product_brand?post=4182"},{"taxonomy":"product_cat","embeddable":true,"href":"https:\/\/yfconnectivity.com\/de\/wp-json\/wp\/v2\/product_cat?post=4182"},{"taxonomy":"product_tag","embeddable":true,"href":"https:\/\/yfconnectivity.com\/de\/wp-json\/wp\/v2\/product_tag?post=4182"}],"curies":[{"name":"wp","href":"https:\/\/api.w.org\/{rel}","templated":true}]}}