{"id":4022,"date":"2025-07-18T12:39:43","date_gmt":"2025-07-18T11:39:43","guid":{"rendered":"https:\/\/yfconnectivity.com\/?post_type=product&#038;p=4022"},"modified":"2025-07-27T09:14:47","modified_gmt":"2025-07-27T08:14:47","slug":"mu-zu-mu-sx-adapter","status":"publish","type":"product","link":"https:\/\/yfconnectivity.com\/de\/product\/mu-to-mu-sx-adapters\/","title":{"rendered":"MU zu MU Simplex Glasfaser Adapter"},"content":{"rendered":"<p><strong data-start=\"130\" data-end=\"197\">MU SX Fiber Optic Adapter - Metallgeh\u00e4use, kompakte Leistung<\/strong><br data-start=\"197\" data-end=\"200\" \/>Die MU SX-Glasfaseradapter von Yingfeng sind f\u00fcr Verbindungen mit hoher Dichte konzipiert, bei denen Platzersparnis entscheidend ist. Diese Simplex-Adapter haben einen kompakten Formfaktor und ein Metallgeh\u00e4use f\u00fcr verbesserte Haltbarkeit und Abschirmung. Sie sind sowohl mit Singlemode- als auch mit Multimode-Fasern kompatibel und gew\u00e4hrleisten zuverl\u00e4ssige Verbindungen mit geringer Einf\u00fcged\u00e4mpfung (\u22640,2dB). Die keramische Ausrichtungsh\u00fclse garantiert eine pr\u00e4zise Ausrichtung des Faserkerns und macht sie ideal f\u00fcr Telekommunikation, FTTx, CATV und optische Hochleistungsnetze. Erh\u00e4ltlich ohne Flansch f\u00fcr eine nahtlose Integration in die Schalttafel.<\/p>","protected":false},"excerpt":{"rendered":"<p>MU SX Fiber Optic Adapters \u2013 Metal Housing, Compact PerformanceYingfeng&#8217;s MU SX fiber optic adapters are designed for high-density connections [&hellip;]<\/p>\n","protected":false},"featured_media":4023,"template":"","meta":{"_acf_changed":false,"site-sidebar-layout":"default","site-content-layout":"","ast-site-content-layout":"default","site-content-style":"default","site-sidebar-style":"default","ast-global-header-display":"","ast-banner-title-visibility":"","ast-main-header-display":"","ast-hfb-above-header-display":"","ast-hfb-below-header-display":"","ast-hfb-mobile-header-display":"","site-post-title":"","ast-breadcrumbs-content":"","ast-featured-img":"","footer-sml-layout":"","ast-disable-related-posts":"","theme-transparent-header-meta":"default","adv-header-id-meta":"","stick-header-meta":"","header-above-stick-meta":"","header-main-stick-meta":"","header-below-stick-meta":"","astra-migrate-meta-layouts":"set","ast-page-background-enabled":"default","ast-page-background-meta":{"desktop":{"background-color":"var(--ast-global-color-5)","background-image":"","background-repeat":"repeat","background-position":"center center","background-size":"auto","background-attachment":"scroll","background-type":"","background-media":"","overlay-type":"","overlay-color":"","overlay-opacity":"","overlay-gradient":""},"tablet":{"background-color":"","background-image":"","background-repeat":"repeat","background-position":"center center","background-size":"auto","background-attachment":"scroll","background-type":"","background-media":"","overlay-type":"","overlay-color":"","overlay-opacity":"","overlay-gradient":""},"mobile":{"background-color":"","background-image":"","background-repeat":"repeat","background-position":"center center","background-size":"auto","background-attachment":"scroll","background-type":"","background-media":"","overlay-type":"","overlay-color":"","overlay-opacity":"","overlay-gradient":""}},"ast-content-background-meta":{"desktop":{"background-color":"var(--ast-global-color-4)","background-image":"","background-repeat":"repeat","background-position":"center center","background-size":"auto","background-attachment":"scroll","background-type":"","background-media":"","overlay-type":"","overlay-color":"","overlay-opacity":"","overlay-gradient":""},"tablet":{"background-color":"var(--ast-global-color-4)","background-image":"","background-repeat":"repeat","background-position":"center center","background-size":"auto","background-attachment":"scroll","background-type":"","background-media":"","overlay-type":"","overlay-color":"","overlay-opacity":"","overlay-gradient":""},"mobile":{"background-color":"var(--ast-global-color-4)","background-image":"","background-repeat":"repeat","background-position":"center center","background-size":"auto","background-attachment":"scroll","background-type":"","background-media":"","overlay-type":"","overlay-color":"","overlay-opacity":"","overlay-gradient":""}}},"product_brand":[],"product_cat":[63],"product_tag":[],"class_list":{"0":"post-4022","1":"product","2":"type-product","3":"status-publish","4":"has-post-thumbnail","6":"product_cat-mu-to-mu-fiber-optic-adapter","7":"desktop-align-left","8":"tablet-align-left","9":"mobile-align-left","11":"first","12":"instock","13":"shipping-taxable","14":"product-type-simple"},"acf":[],"_links":{"self":[{"href":"https:\/\/yfconnectivity.com\/de\/wp-json\/wp\/v2\/product\/4022","targetHints":{"allow":["GET"]}}],"collection":[{"href":"https:\/\/yfconnectivity.com\/de\/wp-json\/wp\/v2\/product"}],"about":[{"href":"https:\/\/yfconnectivity.com\/de\/wp-json\/wp\/v2\/types\/product"}],"wp:featuredmedia":[{"embeddable":true,"href":"https:\/\/yfconnectivity.com\/de\/wp-json\/wp\/v2\/media\/4023"}],"wp:attachment":[{"href":"https:\/\/yfconnectivity.com\/de\/wp-json\/wp\/v2\/media?parent=4022"}],"wp:term":[{"taxonomy":"product_brand","embeddable":true,"href":"https:\/\/yfconnectivity.com\/de\/wp-json\/wp\/v2\/product_brand?post=4022"},{"taxonomy":"product_cat","embeddable":true,"href":"https:\/\/yfconnectivity.com\/de\/wp-json\/wp\/v2\/product_cat?post=4022"},{"taxonomy":"product_tag","embeddable":true,"href":"https:\/\/yfconnectivity.com\/de\/wp-json\/wp\/v2\/product_tag?post=4022"}],"curies":[{"name":"wp","href":"https:\/\/api.w.org\/{rel}","templated":true}]}}